{"id":65363,"date":"2021-02-21T18:43:43","date_gmt":"2021-02-21T18:43:43","guid":{"rendered":"https:\/\/www.autonvaraosahaku.fi\/?product=mahle-original-oc-274-oljynsuodatin"},"modified":"2021-02-21T18:43:43","modified_gmt":"2021-02-21T18:43:43","slug":"mahle-original-oc-274-oljynsuodatin","status":"publish","type":"product","link":"https:\/\/www.autonvaraosahaku.fi\/?product=mahle-original-oc-274-oljynsuodatin","title":{"rendered":"MAHLE ORIGINAL OC 274 \u00d6ljynsuodatin"},"content":{"rendered":"<p>Suodatintyyppi: Ruuvattava suodatin; L\u00e4pimitta [mm]: 96,5; Korkeus (mm): 127,0; Ulkol\u00e4pimitta 2 [mm]: 76,0; Sis\u00e4l\u00e4pimitta 2 [mm]: 68,0, 68,0, 59,0, 59,0; Liitinkierre: M26x1,5 -6H, M26x1,5, M26x1,5; Kiristysmomentti: 20, 20, 20; Tiivisteen l\u00e4pimitta [mm]: 76,0, 73,0, 73,0; Avauspaine ohitusventtiili [bar]: 1,2; Valmistusvuosi alkaen: 07\/1986; MAZDA: B-SERIE UN,E-SERIE Kasten SR2,B-SERIE UF,MPV I LV; KIA: CARNIVAL I UP; HYUNDAI: TERRACAN HP,H-1 Travel TQ,GALLOPER II JK-01,H-1 Kasten,H-1 \/ STAREX,GALLOPER I,H100 Bus P,H100 Kasten,PORTER Pritsche\/Fahrgestell,H100 Pick-up,H100 Pritsche\/Fahrgestell,PORTER Pick-up; MITSUBISHI: PAJERO III V7_W, V6_W,GALANT VI Station Wagon EA_,GALANT VI EA_,L 200 K7_T, K6_T,L 200 KB_T, KA_T,PAJERO II V3_W, V2_W, V4_W,L 300 Bus P0_W, P1_W, P2_W,PAJERO SPORT K90,PAJERO I L04_G, L14_G,PAJERO CLASSIC V2_W,SPACE RUNNER N1_W, N2_W,L 400 \/ SPACE GEAR Bus PD_W, PC_W, PA_V, PB_V,COLT III C5_A,GALLOPER JK-01,L 300 Pritsche\/Fahrgestell L03_P,LANCER V Station Wagon CB_W, CD_W,GALANT IV E3_A,LANCER V CB\/D_A,L 200 Pritsche\/Fahrgestell KA_T, KB_T,SPACE WAGON N3_W, N4_W,GALANT IV Stufenheck E3_A,PAJERO SPORT VAN K90,LANCER IV C6_A, C7_A,PAJERO III Gel\u00e4ndewagen offen V6_W, V7_W,L 300 Kasten P0_W, P1_W,PAJERO I Canvas Top L04_G,L 200 K3_T, K2_T, K1_T, K0_T,GALANT V Stufenheck E5_A, E7_A, E8_A,GALANT V E5_A, E7_A, E8_A,PAJERO II Canvas Top V2_W, V4_W,COLT II C1_A,LANCER III Station Wagon C1_V, C3_V,GALANT III E1_A,L 400 Kasten PD_W, PC_W, PB_V, PA_W, PA_V,LANCER IV Stufenheck C6_A,PAJERO SPORT II KH_, KG_,L 300 Pritsche\/Fahrgestell P1_T,LANCER III C1_A, C6_A,DELICA,L200 KJ_; E57A6A650BA, E5TZ6731A, 2630042000, 2630042010, 2630042020, 263104A010, 263304X000, NVS0114320, OVS0114302, VSY114302, VSY114302A, VSY114302B, VSY314302, 1230A045, 1230A045C, 1230A114, 1230A186, MD039782, MD069782, MD086786, MD162326, MD184086, MD189881, MD326489, MZ690070, MZ690071, MZ690091, MZ690411, MZ690903, TS200006, PC121101, 1560178010<\/p>\n","protected":false},"excerpt":{"rendered":"<p>MAHLE ORIGINAL \u00d6ljynsuodatin OC 274  MAZDA,KIA,HYUNDAI,B-SERIE UN,E-SERIE Kasten SR2,B-SERIE UF,MPV I LV,CARNIVAL I UP,TERRACAN HP,H-1 Travel TQ<\/p>\n","protected":false},"featured_media":0,"template":"","meta":{"site-sidebar-layout":"default","site-content-layout":"default","ast-global-header-display":"","ast-main-header-display":"","ast-hfb-above-header-display":"","ast-hfb-below-header-display":"","ast-hfb-mobile-header-display":"","site-post-title":"","ast-breadcrumbs-content":"","ast-featured-img":"","footer-sml-layout":"","theme-transparent-header-meta":"","adv-header-id-meta":"","stick-header-meta":"","header-above-stick-meta":"","header-main-stick-meta":"","header-below-stick-meta":""},"pwb-brand":[153],"product_cat":[30],"product_tag":[],"class_list":{"0":"post-65363","1":"product","2":"type-product","3":"status-publish","5":"pwb-brand-mahle-original","6":"product_cat-oljynsuodatin","7":"desktop-align-left","8":"tablet-align-left","9":"mobile-align-left","11":"first","12":"instock","13":"product-type-external"},"brands":[{"id":153,"name":"MAHLE ORIGINAL","slug":"mahle-original"}],"_links":{"self":[{"href":"https:\/\/www.autonvaraosahaku.fi\/index.php?rest_route=\/wp\/v2\/product\/65363","targetHints":{"allow":["GET"]}}],"collection":[{"href":"https:\/\/www.autonvaraosahaku.fi\/index.php?rest_route=\/wp\/v2\/product"}],"about":[{"href":"https:\/\/www.autonvaraosahaku.fi\/index.php?rest_route=\/wp\/v2\/types\/product"}],"wp:attachment":[{"href":"https:\/\/www.autonvaraosahaku.fi\/index.php?rest_route=%2Fwp%2Fv2%2Fmedia&parent=65363"}],"wp:term":[{"taxonomy":"pwb-brand","embeddable":true,"href":"https:\/\/www.autonvaraosahaku.fi\/index.php?rest_route=%2Fwp%2Fv2%2Fpwb-brand&post=65363"},{"taxonomy":"product_cat","embeddable":true,"href":"https:\/\/www.autonvaraosahaku.fi\/index.php?rest_route=%2Fwp%2Fv2%2Fproduct_cat&post=65363"},{"taxonomy":"product_tag","embeddable":true,"href":"https:\/\/www.autonvaraosahaku.fi\/index.php?rest_route=%2Fwp%2Fv2%2Fproduct_tag&post=65363"}],"curies":[{"name":"wp","href":"https:\/\/api.w.org\/{rel}","templated":true}]}}