{"id":65383,"date":"2021-02-21T18:43:48","date_gmt":"2021-02-21T18:43:48","guid":{"rendered":"https:\/\/www.autonvaraosahaku.fi\/?product=elring-539-590-kampiakselin-tiiviste"},"modified":"2021-02-21T18:43:48","modified_gmt":"2021-02-21T18:43:48","slug":"elring-539-590-kampiakselin-tiiviste","status":"publish","type":"product","link":"https:\/\/www.autonvaraosahaku.fi\/?product=elring-539-590-kampiakselin-tiiviste","title":{"rendered":"ELRING 539.590 Kampiakselin tiiviste"},"content":{"rendered":"<p>Sis\u00e4l\u00e4pimitta [mm]: 40; Ulkol\u00e4pimitta [mm]: 62; Korkeus (mm): 8; Akselitiivisteen malli: ASW OF; Rihlamalli: Oikea kierre; Materiaali: FPM (fluori-kumi); Suojavaippa: Suojakumilla; Asennuspuoli: stirnseitig; INFINITI: Q50,Q70 Y51,Q30,QX30,Q60 Coupe; MERCEDES-BENZ: C-CLASS W204,A-CLASS W169,A-CLASS W168,B-CLASS W245,C-CLASS T-Model S204,E-CLASS W212,B-CLASS W246, W242,E-CLASS T-Model S212,GLK-CLASS X204,A-CLASS W176,VANEO 414,E-CLASS Coupe C207,CLA Coupe C117,C-CLASS Coupe C204,SLK R172,E-CLASS Cabriolet A207,CLS C218,CLS Shooting Brake X218,C-CLASS T-Model S205,C-CLASS W205,V-CLASS W447,GLA-CLASS X156,E-CLASS W213,VITO Tourer W447,CLA Shooting Brake X117,GLC X253,E-CLASS T-Model S213,VITO Kasten W447,C-CLASS Coupe C205,GLC Coupe C253,SLC R172,C-CLASS Cabriolet A205,E-CLASS Coupe C238,E-CLASS Cabriolet A238,CLS C257; SMART: FORTWO Coupe 451,CITY-COUPE 450,FORFOUR 454,FORTWO Cabrio 451,CABRIO 450,FORTWO Coupe 450,ROADSTER 452,FORTWO Cabrio 450,ROADSTER Coupe 452,CROSSBLADE 450; MITSUBISHI: COLT VI Z3_A, Z2_A; 0139973746, 0159975846, 0169970146, MN960033; Akselitiiviste, Kampiakseli<\/p>\n","protected":false},"excerpt":{"rendered":"<p>ELRING Kampiakselin Tiiviste 539.590 Akselitiiviste, Kampiakseli INFINITI,MERCEDES-BENZ,SMART,Q50,Q70 Y51,Q30,QX30,Q60 Coupe,C-CLASS W204,A-CLASS W169<\/p>\n","protected":false},"featured_media":0,"template":"","meta":{"site-sidebar-layout":"default","site-content-layout":"default","ast-global-header-display":"","ast-main-header-display":"","ast-hfb-above-header-display":"","ast-hfb-below-header-display":"","ast-hfb-mobile-header-display":"","site-post-title":"","ast-breadcrumbs-content":"","ast-featured-img":"","footer-sml-layout":"","theme-transparent-header-meta":"","adv-header-id-meta":"","stick-header-meta":"","header-above-stick-meta":"","header-main-stick-meta":"","header-below-stick-meta":""},"pwb-brand":[26],"product_cat":[88],"product_tag":[],"class_list":{"0":"post-65383","1":"product","2":"type-product","3":"status-publish","5":"pwb-brand-elring","6":"product_cat-kampiakselin-tiiviste","7":"desktop-align-left","8":"tablet-align-left","9":"mobile-align-left","11":"first","12":"instock","13":"product-type-external"},"brands":[{"id":26,"name":"ELRING","slug":"elring"}],"_links":{"self":[{"href":"https:\/\/www.autonvaraosahaku.fi\/index.php?rest_route=\/wp\/v2\/product\/65383","targetHints":{"allow":["GET"]}}],"collection":[{"href":"https:\/\/www.autonvaraosahaku.fi\/index.php?rest_route=\/wp\/v2\/product"}],"about":[{"href":"https:\/\/www.autonvaraosahaku.fi\/index.php?rest_route=\/wp\/v2\/types\/product"}],"wp:attachment":[{"href":"https:\/\/www.autonvaraosahaku.fi\/index.php?rest_route=%2Fwp%2Fv2%2Fmedia&parent=65383"}],"wp:term":[{"taxonomy":"pwb-brand","embeddable":true,"href":"https:\/\/www.autonvaraosahaku.fi\/index.php?rest_route=%2Fwp%2Fv2%2Fpwb-brand&post=65383"},{"taxonomy":"product_cat","embeddable":true,"href":"https:\/\/www.autonvaraosahaku.fi\/index.php?rest_route=%2Fwp%2Fv2%2Fproduct_cat&post=65383"},{"taxonomy":"product_tag","embeddable":true,"href":"https:\/\/www.autonvaraosahaku.fi\/index.php?rest_route=%2Fwp%2Fv2%2Fproduct_tag&post=65383"}],"curies":[{"name":"wp","href":"https:\/\/api.w.org\/{rel}","templated":true}]}}