{"id":65393,"date":"2021-02-21T18:43:48","date_gmt":"2021-02-21T18:43:48","guid":{"rendered":"https:\/\/www.autonvaraosahaku.fi\/?product=trw-gdb1684-jarrupalat"},"modified":"2021-02-21T18:43:50","modified_gmt":"2021-02-21T18:43:50","slug":"trw-gdb1684-jarrupalat","status":"publish","type":"product","link":"https:\/\/www.autonvaraosahaku.fi\/?product=trw-gdb1684-jarrupalat","title":{"rendered":"TRW GDB1684 Jarrupalat"},"content":{"rendered":"<p>Pituus 1 (mm): 156,4; Korkeus 1 (mm): 74,3; Paksuus 1 [mm]: 18,5; Pituus 2 (mm): 155,2; Korkeus 2 (mm): 75,3; Paksuus 2 [mm]: 20,0; Valmistaja rajaus: ATE; Kulumisenilmaisimen liitos: Ei kulumisenilmaisimelle; Tarkistuskilpi: E9 90R &#8211; 01107\/1623; Huomioi tekniset tiedot: ; M\u00e4\u00e4r\u00e4yksikk\u00f6: Akselisarja; Tuotelinja: COTEC; Asennuspuoli: Vorderachse; VOLVO: V70 II SW,V70 III BW,V60,XC70 CROSS COUNTRY,XC70 II,S80 II AS,S60 II; FORD: S-MAX WA6,GALAXY WA6; 1405511, 1423389, 1431178, 6G9N2K021CA, 30736222, 30736322, 30769139, 30793539, 30793857, 31200229, 31323601, 31347967; Jarrupalasarja,Jarrupala, Levyjarru<\/p>\n","protected":false},"excerpt":{"rendered":"<p>TRW Jarrupalat GDB1684 Jarrupalasarja,Jarrupala, Levyjarru VOLVO,FORD,V70 II SW,V70 III BW,V60,XC70 CROSS COUNTRY,XC70 II,S80 II AS,S60 II,S-MAX WA6<\/p>\n","protected":false},"featured_media":0,"template":"","meta":{"site-sidebar-layout":"default","site-content-layout":"default","ast-global-header-display":"","ast-main-header-display":"","ast-hfb-above-header-display":"","ast-hfb-below-header-display":"","ast-hfb-mobile-header-display":"","site-post-title":"","ast-breadcrumbs-content":"","ast-featured-img":"","footer-sml-layout":"","theme-transparent-header-meta":"","adv-header-id-meta":"","stick-header-meta":"","header-above-stick-meta":"","header-main-stick-meta":"","header-below-stick-meta":""},"pwb-brand":[332],"product_cat":[100],"product_tag":[],"class_list":{"0":"post-65393","1":"product","2":"type-product","3":"status-publish","5":"pwb-brand-trw","6":"product_cat-jarrupalat","7":"desktop-align-left","8":"tablet-align-left","9":"mobile-align-left","11":"first","12":"instock","13":"product-type-external"},"brands":[{"id":332,"name":"TRW","slug":"trw"}],"_links":{"self":[{"href":"https:\/\/www.autonvaraosahaku.fi\/index.php?rest_route=\/wp\/v2\/product\/65393","targetHints":{"allow":["GET"]}}],"collection":[{"href":"https:\/\/www.autonvaraosahaku.fi\/index.php?rest_route=\/wp\/v2\/product"}],"about":[{"href":"https:\/\/www.autonvaraosahaku.fi\/index.php?rest_route=\/wp\/v2\/types\/product"}],"wp:attachment":[{"href":"https:\/\/www.autonvaraosahaku.fi\/index.php?rest_route=%2Fwp%2Fv2%2Fmedia&parent=65393"}],"wp:term":[{"taxonomy":"pwb-brand","embeddable":true,"href":"https:\/\/www.autonvaraosahaku.fi\/index.php?rest_route=%2Fwp%2Fv2%2Fpwb-brand&post=65393"},{"taxonomy":"product_cat","embeddable":true,"href":"https:\/\/www.autonvaraosahaku.fi\/index.php?rest_route=%2Fwp%2Fv2%2Fproduct_cat&post=65393"},{"taxonomy":"product_tag","embeddable":true,"href":"https:\/\/www.autonvaraosahaku.fi\/index.php?rest_route=%2Fwp%2Fv2%2Fproduct_tag&post=65393"}],"curies":[{"name":"wp","href":"https:\/\/api.w.org\/{rel}","templated":true}]}}