{"id":65457,"date":"2021-02-21T18:44:03","date_gmt":"2021-02-21T18:44:03","guid":{"rendered":"https:\/\/www.autonvaraosahaku.fi\/?product=febi-bilstein-02121-jarrulevyt"},"modified":"2021-02-21T18:44:06","modified_gmt":"2021-02-21T18:44:06","slug":"febi-bilstein-02121-jarrulevyt","status":"publish","type":"product","link":"https:\/\/www.autonvaraosahaku.fi\/?product=febi-bilstein-02121-jarrulevyt","title":{"rendered":"FEBI BILSTEIN 02121 Jarrulevyt"},"content":{"rendered":"<p>Jarrulevyn paksuus (mm): 12; Kiinnitysreikien lukum\u00e4\u00e4r\u00e4: 4, 1; Paksuus [mm]: 35,1; Ulkol\u00e4pimitta [mm]: 239,0; Reik\u00e4ympyr\u00e4-\u00d8 [mm]: 100; Pinta: pinnoitettu; Jarrulevytyyppi: Vakiomalli; Asennuspuoli: Etuakseli; V\u00e4himm\u00e4ispaksuus (mm): 10; Paino [kg]: 3,39; keskitt\u00e4misl\u00e4pimitta [mm]: 65; Huomioi huolto-ohjeet: , ; Valmistusvuosi alkaen: 01\/1977; VW: GOLF III 1H1,GOLF II 19E, 1G1,GOLF I Cabriolet 155,GOLF Mk III Cabriolet 1E7,GOLF III Variant 1H5,POLO Variant 6KV5,POLO CLASSIC 6KV2,SCIROCCO 53B,VENTO 1H2,GOLF I 17,CADDY I 14,JETTA II 19E, 1G2, 165,PASSAT Variant 32B,PASSAT 32B,SCIROCCO 53,JETTA I 16,PASSAT 32,PASSAT Stufenheck 32B,PASSAT Variant 33,SANTANA 32B,GOLF II Van 19E, 1G1,GOLF III Van 1H1; AUDI: 80 81, 85, B2,COUPE 81, 85,80 80, 82, B1,90 81, 85, B2; SEAT: IBIZA II 6K1,CORDOBA 6K1, 6K2,CORDOBA Vario 6K1,TOLEDO I 1L; 171615301, 171615301V, 175615301, 321615301, 3256153012, 839615301, 841615301, ZBA615301, 321615301, 839615301, 841615301, ZBA615301, 171615301, 171615301V, 175615301, 321615301, 3256153012, 839615300, 839615301, 839615301E, 841615301, ZBA615301; Jarrulevy<\/p>\n","protected":false},"excerpt":{"rendered":"<p>FEBI BILSTEIN Jarrulevyt 02121 Jarrulevy VW,AUDI,SEAT,GOLF III 1H1,GOLF II 19E, 1G1,GOLF I Cabriolet 155,GOLF Mk III Cabriolet 1E7<\/p>\n","protected":false},"featured_media":0,"template":"","meta":{"site-sidebar-layout":"default","site-content-layout":"default","ast-global-header-display":"","ast-main-header-display":"","ast-hfb-above-header-display":"","ast-hfb-below-header-display":"","ast-hfb-mobile-header-display":"","site-post-title":"","ast-breadcrumbs-content":"","ast-featured-img":"","footer-sml-layout":"","theme-transparent-header-meta":"","adv-header-id-meta":"","stick-header-meta":"","header-above-stick-meta":"","header-main-stick-meta":"","header-below-stick-meta":""},"pwb-brand":[50],"product_cat":[66],"product_tag":[],"class_list":{"0":"post-65457","1":"product","2":"type-product","3":"status-publish","5":"pwb-brand-febi-bilstein","6":"product_cat-jarrulevyt","7":"desktop-align-left","8":"tablet-align-left","9":"mobile-align-left","11":"first","12":"instock","13":"product-type-external"},"brands":[{"id":50,"name":"FEBI BILSTEIN","slug":"febi-bilstein"}],"_links":{"self":[{"href":"https:\/\/www.autonvaraosahaku.fi\/index.php?rest_route=\/wp\/v2\/product\/65457","targetHints":{"allow":["GET"]}}],"collection":[{"href":"https:\/\/www.autonvaraosahaku.fi\/index.php?rest_route=\/wp\/v2\/product"}],"about":[{"href":"https:\/\/www.autonvaraosahaku.fi\/index.php?rest_route=\/wp\/v2\/types\/product"}],"wp:attachment":[{"href":"https:\/\/www.autonvaraosahaku.fi\/index.php?rest_route=%2Fwp%2Fv2%2Fmedia&parent=65457"}],"wp:term":[{"taxonomy":"pwb-brand","embeddable":true,"href":"https:\/\/www.autonvaraosahaku.fi\/index.php?rest_route=%2Fwp%2Fv2%2Fpwb-brand&post=65457"},{"taxonomy":"product_cat","embeddable":true,"href":"https:\/\/www.autonvaraosahaku.fi\/index.php?rest_route=%2Fwp%2Fv2%2Fproduct_cat&post=65457"},{"taxonomy":"product_tag","embeddable":true,"href":"https:\/\/www.autonvaraosahaku.fi\/index.php?rest_route=%2Fwp%2Fv2%2Fproduct_tag&post=65457"}],"curies":[{"name":"wp","href":"https:\/\/api.w.org\/{rel}","templated":true}]}}