{"id":65471,"date":"2021-02-21T18:44:08","date_gmt":"2021-02-21T18:44:08","guid":{"rendered":"https:\/\/www.autonvaraosahaku.fi\/?product=magneti-marelli-062900023304-hehkutulppa"},"modified":"2021-02-21T18:44:11","modified_gmt":"2021-02-21T18:44:11","slug":"magneti-marelli-062900023304-hehkutulppa","status":"publish","type":"product","link":"https:\/\/www.autonvaraosahaku.fi\/?product=magneti-marelli-062900023304-hehkutulppa","title":{"rendered":"MAGNETI MARELLI 062900023304 Hehkutulppa"},"content":{"rendered":"<p>Kiristysmomentti enint\u00e4\u00e4n [Nm]: 15; Kiristysmomentti > [Nm]: 10; Liittimet: PIN; Virta (A): 10; Hehkutulppatyyppi: Metallihehkutulppa; Asennuskulma: 63; J\u00e4nnite (V): 11; Pituus 1 (mm): 46; Pituus 2 (mm): 32; Kokonaispituus (mm): 106; Kierremitta: M10X1; Avainv\u00e4li: 10; L\u00e4mmitysaika [min]: 7; TECDOC-moottorinumero: 28374; LAND ROVER: FREELANDER LN,RANGE ROVER III LM; OPEL: OMEGA B Caravan 21_, 22_, 23_,OMEGA B 25_, 26_, 27_; ROVER: 75 RJ,75 Tourer RJ; BMW: 3 E46,5 E39,3 Touring E46,5 Touring E39,X5 E53,7 E38; 12232248059, 596038, NCC100120L, NCC100120, 1214018, 88900721, 93171875, 596038, NCC100120, NCC100120L, 93171875<\/p>\n","protected":false},"excerpt":{"rendered":"<p>MAGNETI MARELLI Hehkutulppa 062900023304  LAND ROVER,OPEL,ROVER,FREELANDER LN,RANGE ROVER III LM,OMEGA B Caravan 21_, 22_, 23_,OMEGA B 25_, 26_, 27_<\/p>\n","protected":false},"featured_media":0,"template":"","meta":{"site-sidebar-layout":"default","site-content-layout":"default","ast-global-header-display":"","ast-main-header-display":"","ast-hfb-above-header-display":"","ast-hfb-below-header-display":"","ast-hfb-mobile-header-display":"","site-post-title":"","ast-breadcrumbs-content":"","ast-featured-img":"","footer-sml-layout":"","theme-transparent-header-meta":"","adv-header-id-meta":"","stick-header-meta":"","header-above-stick-meta":"","header-main-stick-meta":"","header-below-stick-meta":""},"pwb-brand":[34],"product_cat":[52],"product_tag":[],"class_list":{"0":"post-65471","1":"product","2":"type-product","3":"status-publish","5":"pwb-brand-magneti-marelli","6":"product_cat-hehkutulppa","7":"desktop-align-left","8":"tablet-align-left","9":"mobile-align-left","11":"first","12":"instock","13":"product-type-external"},"brands":[{"id":34,"name":"MAGNETI MARELLI","slug":"magneti-marelli"}],"_links":{"self":[{"href":"https:\/\/www.autonvaraosahaku.fi\/index.php?rest_route=\/wp\/v2\/product\/65471","targetHints":{"allow":["GET"]}}],"collection":[{"href":"https:\/\/www.autonvaraosahaku.fi\/index.php?rest_route=\/wp\/v2\/product"}],"about":[{"href":"https:\/\/www.autonvaraosahaku.fi\/index.php?rest_route=\/wp\/v2\/types\/product"}],"wp:attachment":[{"href":"https:\/\/www.autonvaraosahaku.fi\/index.php?rest_route=%2Fwp%2Fv2%2Fmedia&parent=65471"}],"wp:term":[{"taxonomy":"pwb-brand","embeddable":true,"href":"https:\/\/www.autonvaraosahaku.fi\/index.php?rest_route=%2Fwp%2Fv2%2Fpwb-brand&post=65471"},{"taxonomy":"product_cat","embeddable":true,"href":"https:\/\/www.autonvaraosahaku.fi\/index.php?rest_route=%2Fwp%2Fv2%2Fproduct_cat&post=65471"},{"taxonomy":"product_tag","embeddable":true,"href":"https:\/\/www.autonvaraosahaku.fi\/index.php?rest_route=%2Fwp%2Fv2%2Fproduct_tag&post=65471"}],"curies":[{"name":"wp","href":"https:\/\/api.w.org\/{rel}","templated":true}]}}