{"id":65485,"date":"2021-02-21T18:44:14","date_gmt":"2021-02-21T18:44:14","guid":{"rendered":"https:\/\/www.autonvaraosahaku.fi\/?product=febi-bilstein-14211-nokka-akselin-tiiviste"},"modified":"2021-02-21T18:44:15","modified_gmt":"2021-02-21T18:44:15","slug":"febi-bilstein-14211-nokka-akselin-tiiviste","status":"publish","type":"product","link":"https:\/\/www.autonvaraosahaku.fi\/?product=febi-bilstein-14211-nokka-akselin-tiiviste","title":{"rendered":"FEBI BILSTEIN 14211 Nokka akselin tiiviste"},"content":{"rendered":"<p>Paksuus [mm]: 7,0; Sis\u00e4l\u00e4pimitta [mm]: 30,0; Ulkol\u00e4pimitta [mm]: 42,0; Materiaali: ACM (polyakryyli-kautsu); Asennuspuoli: Etup\u00e4\u00e4; Paino [kg]: 0,01, 0,01; Huomioi tekniset tiedot: ; LANCIA: YPSILON 843,Y 840A,MUSA 350,THESIS 841AX,KAPPA 838A,KAPPA SW 838B,KAPPA Coupe 838,Y10 156; FIAT: GRANDE PUNTO 199,PUNTO 188,PANDA 169,BRAVO II 198,SEICENTO 187,DOBLO Cargo 223,PUNTO 176,DOBLO 119,CROMA 194,PANDA Van 169,CINQUECENTO 170,PANDA 141A_,IDEA,SEDICI,STRADA Pick-up 178E,MULTIPLA 186,PUNTO Van 188AX,BRAVO I 182,BRAVA 182,PUNTO Cabriolet 176C,MAREA Weekend 185,UNO 146A\/E,PALIO Weekend 178DX,SEICENTO Van 187,TIPO 160,PANDA Van 141_,MAREA 185,PUNTO Van 176L,PALIO 178BX; ALFA ROMEO: 147 937,159 Sportwagon 939,156 Sportwagon 932,156 932,159 939,GT 937,SPIDER 916S_,166 936,GTV 916C_,145 930,155 167,146 930; 40004240, 40004400, 55196125, 60805718, 60809849, 71753052, 7545946, 40004240, 40004400, 55196124, 55196125, 60805718, 60809849, 71753052, 7545946, 40004240, 40004400, 55196125, 60805718, 60809849, 71753052, 7545946; Akselitiiviste, Nokka-Akseli<\/p>\n","protected":false},"excerpt":{"rendered":"<p>FEBI BILSTEIN Nokka Akselin Tiiviste 14211 Akselitiiviste, Nokka-Akseli LANCIA,FIAT,ALFA ROMEO,YPSILON 843,Y 840A,MUSA 350,THESIS 841AX,KAPPA 838A<\/p>\n","protected":false},"featured_media":0,"template":"","meta":{"site-sidebar-layout":"default","site-content-layout":"default","ast-global-header-display":"","ast-main-header-display":"","ast-hfb-above-header-display":"","ast-hfb-below-header-display":"","ast-hfb-mobile-header-display":"","site-post-title":"","ast-breadcrumbs-content":"","ast-featured-img":"","footer-sml-layout":"","theme-transparent-header-meta":"","adv-header-id-meta":"","stick-header-meta":"","header-above-stick-meta":"","header-main-stick-meta":"","header-below-stick-meta":""},"pwb-brand":[50],"product_cat":[122],"product_tag":[],"class_list":{"0":"post-65485","1":"product","2":"type-product","3":"status-publish","5":"pwb-brand-febi-bilstein","6":"product_cat-nokka-akselin-tiiviste","7":"desktop-align-left","8":"tablet-align-left","9":"mobile-align-left","11":"first","12":"instock","13":"product-type-external"},"brands":[{"id":50,"name":"FEBI BILSTEIN","slug":"febi-bilstein"}],"_links":{"self":[{"href":"https:\/\/www.autonvaraosahaku.fi\/index.php?rest_route=\/wp\/v2\/product\/65485","targetHints":{"allow":["GET"]}}],"collection":[{"href":"https:\/\/www.autonvaraosahaku.fi\/index.php?rest_route=\/wp\/v2\/product"}],"about":[{"href":"https:\/\/www.autonvaraosahaku.fi\/index.php?rest_route=\/wp\/v2\/types\/product"}],"wp:attachment":[{"href":"https:\/\/www.autonvaraosahaku.fi\/index.php?rest_route=%2Fwp%2Fv2%2Fmedia&parent=65485"}],"wp:term":[{"taxonomy":"pwb-brand","embeddable":true,"href":"https:\/\/www.autonvaraosahaku.fi\/index.php?rest_route=%2Fwp%2Fv2%2Fpwb-brand&post=65485"},{"taxonomy":"product_cat","embeddable":true,"href":"https:\/\/www.autonvaraosahaku.fi\/index.php?rest_route=%2Fwp%2Fv2%2Fproduct_cat&post=65485"},{"taxonomy":"product_tag","embeddable":true,"href":"https:\/\/www.autonvaraosahaku.fi\/index.php?rest_route=%2Fwp%2Fv2%2Fproduct_tag&post=65485"}],"curies":[{"name":"wp","href":"https:\/\/api.w.org\/{rel}","templated":true}]}}