{"id":65486,"date":"2021-02-21T18:44:14","date_gmt":"2021-02-21T18:44:14","guid":{"rendered":"https:\/\/www.autonvaraosahaku.fi\/?product=meyle-614-742-0000-iskunvaimentimen-suojakumi-pohjaanlyontikumi"},"modified":"2021-02-21T18:44:15","modified_gmt":"2021-02-21T18:44:15","slug":"meyle-614-742-0000-iskunvaimentimen-suojakumi-pohjaanlyontikumi","status":"publish","type":"product","link":"https:\/\/www.autonvaraosahaku.fi\/?product=meyle-614-742-0000-iskunvaimentimen-suojakumi-pohjaanlyontikumi","title":{"rendered":"MEYLE 614 742 0000 Iskunvaimentimen suojakumi &#038; pohjaanly\u00f6ntikumi"},"content":{"rendered":"<p>Asennuspuoli: Yl\u00e4puolella, Taka-akseli; Korkeus (mm): 20; lis\u00e4tieto: ORIGINAL Quality; Alustanumerosta: J 279 1968; OPEL: CORSA C F08, F68,ASTRA G CC F48_, F08_,OMEGA A 16_, 17_, 19_,CORSA B 73_, 78_, 79_,ASTRA F CC 53_, 54_, 58_, 59_,OMEGA B Caravan 21_, 22_, 23_,OMEGA B 25_, 26_, 27_,TIGRA TwinTop,ASTRA G Stufenheck F69_,CALIBRA A 85_,VECTRA A 86_, 87_,ASTRA F 56_, 57_,KADETT E CC 33_, 34_, 43_, 44_,TIGRA 95_,VECTRA A CC 88_, 89_,COMBO 71_,KADETT E Cabriolet 43B_,SENATOR B 29_,KADETT E 39_, 49_,CORSA B Kasten 73_,KADETT E Caravan 35_, 36_, 45_, 46_; VAUXHALL: CALIBRA,CORSA Mk II C W5L, F08,ASTRA Mk IV G CC,ASTRA Mk III F CC,CORSA Mk I B,OMEGA B,ASTRA Mk II CC,TIGRA Convertible,CAVALIER Mk III 87,CAVALIER Mk III CC,TIGRA Mk I F07,OMEGA B Estate,ASTRA Mk IV G Estate,CARLTON Mk III; 0436943, 436943, 90250288; Vaimennuskumi, Jousitus<\/p>\n","protected":false},"excerpt":{"rendered":"<p>MEYLE Pohjaanly\u00f6ntikumi 614 742 0000 Vaimennuskumi, Jousitus OPEL,VAUXHALL,CORSA C F08, F68,ASTRA G CC F48_, F08_,OMEGA A 16_, 17_, 19_<\/p>\n","protected":false},"featured_media":0,"template":"","meta":{"site-sidebar-layout":"default","site-content-layout":"default","ast-global-header-display":"","ast-main-header-display":"","ast-hfb-above-header-display":"","ast-hfb-below-header-display":"","ast-hfb-mobile-header-display":"","site-post-title":"","ast-breadcrumbs-content":"","ast-featured-img":"","footer-sml-layout":"","theme-transparent-header-meta":"","adv-header-id-meta":"","stick-header-meta":"","header-above-stick-meta":"","header-main-stick-meta":"","header-below-stick-meta":""},"pwb-brand":[84],"product_cat":[92],"product_tag":[],"class_list":{"0":"post-65486","1":"product","2":"type-product","3":"status-publish","5":"pwb-brand-meyle","6":"product_cat-iskunvaimentimen-suojakumi-pohjaanlyontikumi","7":"desktop-align-left","8":"tablet-align-left","9":"mobile-align-left","11":"first","12":"instock","13":"product-type-external"},"brands":[{"id":84,"name":"MEYLE","slug":"meyle"}],"_links":{"self":[{"href":"https:\/\/www.autonvaraosahaku.fi\/index.php?rest_route=\/wp\/v2\/product\/65486","targetHints":{"allow":["GET"]}}],"collection":[{"href":"https:\/\/www.autonvaraosahaku.fi\/index.php?rest_route=\/wp\/v2\/product"}],"about":[{"href":"https:\/\/www.autonvaraosahaku.fi\/index.php?rest_route=\/wp\/v2\/types\/product"}],"wp:attachment":[{"href":"https:\/\/www.autonvaraosahaku.fi\/index.php?rest_route=%2Fwp%2Fv2%2Fmedia&parent=65486"}],"wp:term":[{"taxonomy":"pwb-brand","embeddable":true,"href":"https:\/\/www.autonvaraosahaku.fi\/index.php?rest_route=%2Fwp%2Fv2%2Fpwb-brand&post=65486"},{"taxonomy":"product_cat","embeddable":true,"href":"https:\/\/www.autonvaraosahaku.fi\/index.php?rest_route=%2Fwp%2Fv2%2Fproduct_cat&post=65486"},{"taxonomy":"product_tag","embeddable":true,"href":"https:\/\/www.autonvaraosahaku.fi\/index.php?rest_route=%2Fwp%2Fv2%2Fproduct_tag&post=65486"}],"curies":[{"name":"wp","href":"https:\/\/api.w.org\/{rel}","templated":true}]}}