{"id":65489,"date":"2021-02-21T18:44:14","date_gmt":"2021-02-21T18:44:14","guid":{"rendered":"https:\/\/www.autonvaraosahaku.fi\/?product=febi-bilstein-13429-sytytystulpat"},"modified":"2021-02-21T18:44:16","modified_gmt":"2021-02-21T18:44:16","slug":"febi-bilstein-13429-sytytystulpat","status":"publish","type":"product","link":"https:\/\/www.autonvaraosahaku.fi\/?product=febi-bilstein-13429-sytytystulpat","title":{"rendered":"FEBI BILSTEIN 13429 Sytytystulpat"},"content":{"rendered":"<p>Ulkokierre [mm]: M14 x 1,25; Kierteen pituus (mm): 19; Avainv\u00e4li: 16; K\u00e4rkiv\u00e4li (mm): 0,7; Sytytystulppa: suoralla istukalla, 1-maaelektroodi, 1-maaelektroodi; Huomioi tekniset tiedot: ; MAZDA: 929 III HC; BMW: 3 E36,3 E30,3 Cabriolet E30,3 Touring E30; KIA: CEE&#8217;D SW ED,CEE&#8217;D Schr\u00e4gheck ED,MAGENTIS GD,CLARUS K9A,CLARUS Kombi GC; CITRO\u00cbN: AX ZA-_,ZX N2; PEUGEOT: 106 I 1A, 1C,205 II 20A\/C,605 6B; 12121705914, 5962, 5962H8, 5962S4, 5962V6, 0K01118110, 0K01A18110, oK01118110, oK01A18110, BP4718110, 5962, 5962H8, 5962S4, 5962V6; Tulpat,Sytytystulppa<\/p>\n","protected":false},"excerpt":{"rendered":"<p>FEBI BILSTEIN Sytytystulpat 13429 Tulpat,Sytytystulppa MAZDA,BMW,KIA,929 III HC,3 E36,3 E30,3 Cabriolet E30,3 Touring E30,CEE&#8217;D SW ED<\/p>\n","protected":false},"featured_media":0,"template":"","meta":{"site-sidebar-layout":"default","site-content-layout":"default","ast-global-header-display":"","ast-main-header-display":"","ast-hfb-above-header-display":"","ast-hfb-below-header-display":"","ast-hfb-mobile-header-display":"","site-post-title":"","ast-breadcrumbs-content":"","ast-featured-img":"","footer-sml-layout":"","theme-transparent-header-meta":"","adv-header-id-meta":"","stick-header-meta":"","header-above-stick-meta":"","header-main-stick-meta":"","header-below-stick-meta":""},"pwb-brand":[50],"product_cat":[165],"product_tag":[],"class_list":{"0":"post-65489","1":"product","2":"type-product","3":"status-publish","5":"pwb-brand-febi-bilstein","6":"product_cat-sytytystulpat","7":"desktop-align-left","8":"tablet-align-left","9":"mobile-align-left","11":"first","12":"instock","13":"product-type-external"},"brands":[{"id":50,"name":"FEBI BILSTEIN","slug":"febi-bilstein"}],"_links":{"self":[{"href":"https:\/\/www.autonvaraosahaku.fi\/index.php?rest_route=\/wp\/v2\/product\/65489","targetHints":{"allow":["GET"]}}],"collection":[{"href":"https:\/\/www.autonvaraosahaku.fi\/index.php?rest_route=\/wp\/v2\/product"}],"about":[{"href":"https:\/\/www.autonvaraosahaku.fi\/index.php?rest_route=\/wp\/v2\/types\/product"}],"wp:attachment":[{"href":"https:\/\/www.autonvaraosahaku.fi\/index.php?rest_route=%2Fwp%2Fv2%2Fmedia&parent=65489"}],"wp:term":[{"taxonomy":"pwb-brand","embeddable":true,"href":"https:\/\/www.autonvaraosahaku.fi\/index.php?rest_route=%2Fwp%2Fv2%2Fpwb-brand&post=65489"},{"taxonomy":"product_cat","embeddable":true,"href":"https:\/\/www.autonvaraosahaku.fi\/index.php?rest_route=%2Fwp%2Fv2%2Fproduct_cat&post=65489"},{"taxonomy":"product_tag","embeddable":true,"href":"https:\/\/www.autonvaraosahaku.fi\/index.php?rest_route=%2Fwp%2Fv2%2Fproduct_tag&post=65489"}],"curies":[{"name":"wp","href":"https:\/\/api.w.org\/{rel}","templated":true}]}}