{"id":65519,"date":"2021-02-21T18:44:20","date_gmt":"2021-02-21T18:44:20","guid":{"rendered":"https:\/\/www.autonvaraosahaku.fi\/?product=vegaz-hod-108-pakosarjan-tiivisteet"},"modified":"2021-02-21T18:44:23","modified_gmt":"2021-02-21T18:44:23","slug":"vegaz-hod-108-pakosarjan-tiivisteet","status":"publish","type":"product","link":"https:\/\/www.autonvaraosahaku.fi\/?product=vegaz-hod-108-pakosarjan-tiivisteet","title":{"rendered":"VEGAZ HOD-108 Pakosarjan tiivisteet"},"content":{"rendered":"<p>Korkeus (mm): 16,2; Materiaali: Ter\u00e4s; Sis\u00e4l\u00e4pimitta [mm]: 45,5; Ulkol\u00e4pimitta [mm]: 53,5; Muoto: Ep\u00e4pallomainen; Paksuus [mm]: 4; Alustanumeroon: 214089; MAZDA: 5 CR19,323 F VI BJ,DEMIO DW,FAMILIA VI BJ; HONDA: CIVIC II Shuttle EE; ROVER: CABRIOLET XW,200 Hatchback XW,200 Coupe XW,400 Tourer XW,400 XW; SUZUKI: SWIFT III MZ, EZ,JIMNY FJ,SAMURAI SJ,WAGON R+ MM,IGNIS FH,SPLASH,SWIFT II Schr\u00e4gheck EA, MA,VITARA ET, TA,VITARA Cabrio ET, TA,SJ 413,ALTO HA11; OPEL: AGILA B H08; DBP7098, GEX7659, F60140561B, 18301728734, 71742081, 71750097, 18229SB2003, Z50140581A, DBP7098, GEX7659, 44011AC000, 1418350G00, 1418360A10, 1418360E00, 1418376A00, 1418379J10, 1418382601, 1418382650<\/p>\n","protected":false},"excerpt":{"rendered":"<p>VEGAZ Tiivisterengas, Pakoputki HOD-108  MAZDA,HONDA,ROVER,5 CR19,323 F VI BJ,DEMIO DW,FAMILIA VI BJ,CIVIC II Shuttle EE,CABRIOLET XW,200 Hatchback XW<\/p>\n","protected":false},"featured_media":0,"template":"","meta":{"site-sidebar-layout":"default","site-content-layout":"default","ast-global-header-display":"","ast-main-header-display":"","ast-hfb-above-header-display":"","ast-hfb-below-header-display":"","ast-hfb-mobile-header-display":"","site-post-title":"","ast-breadcrumbs-content":"","ast-featured-img":"","footer-sml-layout":"","theme-transparent-header-meta":"","adv-header-id-meta":"","stick-header-meta":"","header-above-stick-meta":"","header-main-stick-meta":"","header-below-stick-meta":""},"pwb-brand":[306],"product_cat":[123],"product_tag":[],"class_list":{"0":"post-65519","1":"product","2":"type-product","3":"status-publish","5":"pwb-brand-vegaz","6":"product_cat-pakosarjan-tiivisteet","7":"desktop-align-left","8":"tablet-align-left","9":"mobile-align-left","11":"first","12":"instock","13":"product-type-external"},"brands":[{"id":306,"name":"VEGAZ","slug":"vegaz"}],"_links":{"self":[{"href":"https:\/\/www.autonvaraosahaku.fi\/index.php?rest_route=\/wp\/v2\/product\/65519","targetHints":{"allow":["GET"]}}],"collection":[{"href":"https:\/\/www.autonvaraosahaku.fi\/index.php?rest_route=\/wp\/v2\/product"}],"about":[{"href":"https:\/\/www.autonvaraosahaku.fi\/index.php?rest_route=\/wp\/v2\/types\/product"}],"wp:attachment":[{"href":"https:\/\/www.autonvaraosahaku.fi\/index.php?rest_route=%2Fwp%2Fv2%2Fmedia&parent=65519"}],"wp:term":[{"taxonomy":"pwb-brand","embeddable":true,"href":"https:\/\/www.autonvaraosahaku.fi\/index.php?rest_route=%2Fwp%2Fv2%2Fpwb-brand&post=65519"},{"taxonomy":"product_cat","embeddable":true,"href":"https:\/\/www.autonvaraosahaku.fi\/index.php?rest_route=%2Fwp%2Fv2%2Fproduct_cat&post=65519"},{"taxonomy":"product_tag","embeddable":true,"href":"https:\/\/www.autonvaraosahaku.fi\/index.php?rest_route=%2Fwp%2Fv2%2Fproduct_tag&post=65519"}],"curies":[{"name":"wp","href":"https:\/\/api.w.org\/{rel}","templated":true}]}}