{"id":65525,"date":"2021-02-21T18:44:24","date_gmt":"2021-02-21T18:44:24","guid":{"rendered":"https:\/\/www.autonvaraosahaku.fi\/?product=japanparts-ru-907-muut-luokat"},"modified":"2021-02-21T18:44:25","modified_gmt":"2021-02-21T18:44:25","slug":"japanparts-ru-907-muut-luokat","status":"publish","type":"product","link":"https:\/\/www.autonvaraosahaku.fi\/?product=japanparts-ru-907-muut-luokat","title":{"rendered":"JAPANPARTS RU-907 Muut luokat"},"content":{"rendered":"<p>Pituus (mm): 35; Sis\u00e4l\u00e4pimitta [mm]: 19; Ulkol\u00e4pimitta [mm]: 29; Asennuspuoli: Jousensilm\u00e4ss\u00e4, Takana; OPEL: MONTEREY A UBS_,MONTEREY B; ISUZU: D-MAX TFR, TFS,TROOPER UBS,TROOPER,TROOPER Soft Top UBS,TROOPER UB,TROOPER Soft Top,TROOPER Soft Top UB; 5511510070, 8942341900, 8942343190, 00432751, 0432751, 432751, 94234319<\/p>\n","protected":false},"excerpt":{"rendered":"<p>JAPANPARTS Laakerin Holkki, Lehtijousi RU-907  OPEL,ISUZU,MONTEREY A UBS_,MONTEREY B,D-MAX TFR, TFS,TROOPER UBS,TROOPER,TROOPER Soft Top UBS<\/p>\n","protected":false},"featured_media":0,"template":"","meta":{"site-sidebar-layout":"default","site-content-layout":"default","ast-global-header-display":"","ast-main-header-display":"","ast-hfb-above-header-display":"","ast-hfb-below-header-display":"","ast-hfb-mobile-header-display":"","site-post-title":"","ast-breadcrumbs-content":"","ast-featured-img":"","footer-sml-layout":"","theme-transparent-header-meta":"","adv-header-id-meta":"","stick-header-meta":"","header-above-stick-meta":"","header-main-stick-meta":"","header-below-stick-meta":""},"pwb-brand":[334],"product_cat":[37],"product_tag":[],"class_list":{"0":"post-65525","1":"product","2":"type-product","3":"status-publish","5":"pwb-brand-japanparts","6":"product_cat-muut-luokat","7":"desktop-align-left","8":"tablet-align-left","9":"mobile-align-left","11":"first","12":"instock","13":"product-type-external"},"brands":[{"id":334,"name":"JAPANPARTS","slug":"japanparts"}],"_links":{"self":[{"href":"https:\/\/www.autonvaraosahaku.fi\/index.php?rest_route=\/wp\/v2\/product\/65525","targetHints":{"allow":["GET"]}}],"collection":[{"href":"https:\/\/www.autonvaraosahaku.fi\/index.php?rest_route=\/wp\/v2\/product"}],"about":[{"href":"https:\/\/www.autonvaraosahaku.fi\/index.php?rest_route=\/wp\/v2\/types\/product"}],"wp:attachment":[{"href":"https:\/\/www.autonvaraosahaku.fi\/index.php?rest_route=%2Fwp%2Fv2%2Fmedia&parent=65525"}],"wp:term":[{"taxonomy":"pwb-brand","embeddable":true,"href":"https:\/\/www.autonvaraosahaku.fi\/index.php?rest_route=%2Fwp%2Fv2%2Fpwb-brand&post=65525"},{"taxonomy":"product_cat","embeddable":true,"href":"https:\/\/www.autonvaraosahaku.fi\/index.php?rest_route=%2Fwp%2Fv2%2Fproduct_cat&post=65525"},{"taxonomy":"product_tag","embeddable":true,"href":"https:\/\/www.autonvaraosahaku.fi\/index.php?rest_route=%2Fwp%2Fv2%2Fproduct_tag&post=65525"}],"curies":[{"name":"wp","href":"https:\/\/api.w.org\/{rel}","templated":true}]}}