{"id":65532,"date":"2021-02-21T18:44:24","date_gmt":"2021-02-21T18:44:24","guid":{"rendered":"https:\/\/www.autonvaraosahaku.fi\/?product=ajusa-85005200-hydraulinen-venttiilinnostin"},"modified":"2021-02-21T18:44:27","modified_gmt":"2021-02-21T18:44:27","slug":"ajusa-85005200-hydraulinen-venttiilinnostin","status":"publish","type":"product","link":"https:\/\/www.autonvaraosahaku.fi\/?product=ajusa-85005200-hydraulinen-venttiilinnostin","title":{"rendered":"AJUSA 85005200 Hydraulinen venttiilinnostin"},"content":{"rendered":"<p>K\u00e4ytt\u00f6: Hydraulinen; Asennuspuoli: Sylinterikannen kopasta sylinterikanteen; Tarvittava kappalem\u00e4\u00e4r\u00e4: 16; MAZDA: MX-5 I NA,FAMILIA V BA,626 IV Hatchback GE,MX-3 EC,XEDOS 6 CA,323 C IV BG,FAMILIA IV BF,XEDOS 9 TA,626 IV GE,FAMILIA V BG8,323 III Hatchback BF,MX-6 GE,FAMILIA IV BG,626 III Station Wagon GV,323 III BF,MX-6 GD; KIA: SHUMA II FB,SHUMA FB,SHUMA II Stufenheck FB,CLARUS K9A,CLARUS Kombi GC,SEPHIA FB,CERATO Stufenheck; KL0112101B, B66012101, FS1212101, KL0112101B; Venttiilinnostin<\/p>\n","protected":false},"excerpt":{"rendered":"<p>AJUSA Hydraulinen Venttiilinnostin 85005200 Venttiilinnostin MAZDA,KIA,MX-5 I NA,FAMILIA V BA,626 IV Hatchback GE,MX-3 EC,XEDOS 6 CA,323 C IV BG<\/p>\n","protected":false},"featured_media":0,"template":"","meta":{"site-sidebar-layout":"default","site-content-layout":"default","ast-global-header-display":"","ast-main-header-display":"","ast-hfb-above-header-display":"","ast-hfb-below-header-display":"","ast-hfb-mobile-header-display":"","site-post-title":"","ast-breadcrumbs-content":"","ast-featured-img":"","footer-sml-layout":"","theme-transparent-header-meta":"","adv-header-id-meta":"","stick-header-meta":"","header-above-stick-meta":"","header-main-stick-meta":"","header-below-stick-meta":""},"pwb-brand":[211],"product_cat":[126],"product_tag":[],"class_list":{"0":"post-65532","1":"product","2":"type-product","3":"status-publish","5":"pwb-brand-ajusa","6":"product_cat-hydraulinen-venttiilinnostin","7":"desktop-align-left","8":"tablet-align-left","9":"mobile-align-left","11":"first","12":"instock","13":"product-type-external"},"brands":[{"id":211,"name":"AJUSA","slug":"ajusa"}],"_links":{"self":[{"href":"https:\/\/www.autonvaraosahaku.fi\/index.php?rest_route=\/wp\/v2\/product\/65532","targetHints":{"allow":["GET"]}}],"collection":[{"href":"https:\/\/www.autonvaraosahaku.fi\/index.php?rest_route=\/wp\/v2\/product"}],"about":[{"href":"https:\/\/www.autonvaraosahaku.fi\/index.php?rest_route=\/wp\/v2\/types\/product"}],"wp:attachment":[{"href":"https:\/\/www.autonvaraosahaku.fi\/index.php?rest_route=%2Fwp%2Fv2%2Fmedia&parent=65532"}],"wp:term":[{"taxonomy":"pwb-brand","embeddable":true,"href":"https:\/\/www.autonvaraosahaku.fi\/index.php?rest_route=%2Fwp%2Fv2%2Fpwb-brand&post=65532"},{"taxonomy":"product_cat","embeddable":true,"href":"https:\/\/www.autonvaraosahaku.fi\/index.php?rest_route=%2Fwp%2Fv2%2Fproduct_cat&post=65532"},{"taxonomy":"product_tag","embeddable":true,"href":"https:\/\/www.autonvaraosahaku.fi\/index.php?rest_route=%2Fwp%2Fv2%2Fproduct_tag&post=65532"}],"curies":[{"name":"wp","href":"https:\/\/api.w.org\/{rel}","templated":true}]}}