{"id":65535,"date":"2021-02-21T18:44:24","date_gmt":"2021-02-21T18:44:24","guid":{"rendered":"https:\/\/www.autonvaraosahaku.fi\/?product=japanparts-pp-138af-jarrupalat"},"modified":"2021-02-21T18:44:28","modified_gmt":"2021-02-21T18:44:28","slug":"japanparts-pp-138af-jarrupalat","status":"publish","type":"product","link":"https:\/\/www.autonvaraosahaku.fi\/?product=japanparts-pp-138af-jarrupalat","title":{"rendered":"JAPANPARTS PP-138AF Jarrupalat"},"content":{"rendered":"<p>Asennuspuoli: Taka-akseli; Jarrutyyppi: Levyjarru; Pituus (mm): 123; Korkeus (mm): 52; Paksuus [mm]: 16,4; Tarkistuskilpi: ECE R90 APPROVED; WVA-numero: 23482, 23483; M\u00e4\u00e4r\u00e4yksikk\u00f6: Akselisarja; Valmistusvuoteen: 02\/2006; OPEL: SIGNUM,ASTRA H Kasten L70; FORD: TRANSIT CONNECT P65_, P70_, P80_,TOURNEO CONNECT; RENAULT: ESPACE IV JK0\/1_,LAGUNA II Grandtour KG0\/1_,LAGUNA II BG0\/1_,MEGANE II BM0\/1_, CM0\/1_,VEL SATIS BJ0_,LATITUDE L70_; NISSAN: PRIMERA Kombi WP12,PRIMERA P12,PRIMERA Hatchback P12; JAGUAR: XF _J05_, CC9,XF SPORTBRAKE CC9,XK Coupe QQ6_, _J43_,XK Cabriolet _J43_,XJ X35_, _J12_, _J24_; SAAB: 9-3 YS3F,9-3 Kombi YS3F,9-3 Cabriolet YS3F; 1324300, 1360254, 1360304, 1360306, 1566096, 1683374, 1753860, 1763677, 1805813, 1809259, 1809458, 2T142M008AA, 2T1J2M008AA, 3M512M008AC, 4387371, 93172190, 93183140, AV612M008AA, AV612M008AB, AV612M008BA, ME3M5J2M008AA, 12799240, 44060AV625, 44060AV725, 44060BA00F, 1605200, 93192623, 440602154R, 440608281R, 44060BA00F, 7701206609, 7701207767, 7701207968, 7701207996, 12799240, 13322091, 30736610, 30742031, 31341331, 8683615; Jarrupalasarja,Jarrupala, Levyjarru<\/p>\n","protected":false},"excerpt":{"rendered":"<p>JAPANPARTS Jarrupalat PP-138AF Jarrupalasarja,Jarrupala, Levyjarru OPEL,FORD,RENAULT,SIGNUM,ASTRA H Kasten L70,TRANSIT CONNECT P65_, P70_, P80_<\/p>\n","protected":false},"featured_media":0,"template":"","meta":{"site-sidebar-layout":"default","site-content-layout":"default","ast-global-header-display":"","ast-main-header-display":"","ast-hfb-above-header-display":"","ast-hfb-below-header-display":"","ast-hfb-mobile-header-display":"","site-post-title":"","ast-breadcrumbs-content":"","ast-featured-img":"","footer-sml-layout":"","theme-transparent-header-meta":"","adv-header-id-meta":"","stick-header-meta":"","header-above-stick-meta":"","header-main-stick-meta":"","header-below-stick-meta":""},"pwb-brand":[334],"product_cat":[100],"product_tag":[],"class_list":{"0":"post-65535","1":"product","2":"type-product","3":"status-publish","5":"pwb-brand-japanparts","6":"product_cat-jarrupalat","7":"desktop-align-left","8":"tablet-align-left","9":"mobile-align-left","11":"first","12":"instock","13":"product-type-external"},"brands":[{"id":334,"name":"JAPANPARTS","slug":"japanparts"}],"_links":{"self":[{"href":"https:\/\/www.autonvaraosahaku.fi\/index.php?rest_route=\/wp\/v2\/product\/65535","targetHints":{"allow":["GET"]}}],"collection":[{"href":"https:\/\/www.autonvaraosahaku.fi\/index.php?rest_route=\/wp\/v2\/product"}],"about":[{"href":"https:\/\/www.autonvaraosahaku.fi\/index.php?rest_route=\/wp\/v2\/types\/product"}],"wp:attachment":[{"href":"https:\/\/www.autonvaraosahaku.fi\/index.php?rest_route=%2Fwp%2Fv2%2Fmedia&parent=65535"}],"wp:term":[{"taxonomy":"pwb-brand","embeddable":true,"href":"https:\/\/www.autonvaraosahaku.fi\/index.php?rest_route=%2Fwp%2Fv2%2Fpwb-brand&post=65535"},{"taxonomy":"product_cat","embeddable":true,"href":"https:\/\/www.autonvaraosahaku.fi\/index.php?rest_route=%2Fwp%2Fv2%2Fproduct_cat&post=65535"},{"taxonomy":"product_tag","embeddable":true,"href":"https:\/\/www.autonvaraosahaku.fi\/index.php?rest_route=%2Fwp%2Fv2%2Fproduct_tag&post=65535"}],"curies":[{"name":"wp","href":"https:\/\/api.w.org\/{rel}","templated":true}]}}