{"id":65542,"date":"2021-02-21T18:44:30","date_gmt":"2021-02-21T18:44:30","guid":{"rendered":"https:\/\/www.autonvaraosahaku.fi\/?product=japanparts-fc-k18s-polttoainesuodatin"},"modified":"2021-02-21T18:44:31","modified_gmt":"2021-02-21T18:44:31","slug":"japanparts-fc-k18s-polttoainesuodatin","status":"publish","type":"product","link":"https:\/\/www.autonvaraosahaku.fi\/?product=japanparts-fc-k18s-polttoainesuodatin","title":{"rendered":"JAPANPARTS FC-K18S Polttoainesuodatin"},"content":{"rendered":"<p>Suodatintyyppi: Ruuvattava suodatin; Pituus (mm): 143; Ulkol\u00e4pimitta [mm]: 86; Asennusl\u00e4pimitta [mm]: 68,4; Sis\u00e4kierre (mm): IN: M16 x 1,5    OUT; JEEP: COMPASS MK49; KIA: CARENS II FJ; SSANGYONG: TIVOLI; FIAT: FREEMONT JF_; DODGE: NITRO; 71765051, 71765053, 46797378, 6001073292, 71771746, 71772816, 52126244AA, 52126244AC, 190666, 190667, 1906C3, 0060816460, 46797378, 60816460, 71771746, 68057228AA, 0K2KK13483, 0K2KK13483A, 46797378, 71753841, 71754862, 71765055, 71772779, 71779170, 0305DC0161N, 1906C3<\/p>\n","protected":false},"excerpt":{"rendered":"<p>JAPANPARTS Polttoainesuodatin FC-K18S  JEEP,KIA,SSANGYONG,COMPASS MK49,CARENS II FJ,TIVOLI,FREEMONT JF_,NITRO<\/p>\n","protected":false},"featured_media":0,"template":"","meta":{"site-sidebar-layout":"default","site-content-layout":"default","ast-global-header-display":"","ast-main-header-display":"","ast-hfb-above-header-display":"","ast-hfb-below-header-display":"","ast-hfb-mobile-header-display":"","site-post-title":"","ast-breadcrumbs-content":"","ast-featured-img":"","footer-sml-layout":"","theme-transparent-header-meta":"","adv-header-id-meta":"","stick-header-meta":"","header-above-stick-meta":"","header-main-stick-meta":"","header-below-stick-meta":""},"pwb-brand":[334],"product_cat":[29],"product_tag":[],"class_list":{"0":"post-65542","1":"product","2":"type-product","3":"status-publish","5":"pwb-brand-japanparts","6":"product_cat-polttoainesuodatin","7":"desktop-align-left","8":"tablet-align-left","9":"mobile-align-left","11":"first","12":"instock","13":"product-type-external"},"brands":[{"id":334,"name":"JAPANPARTS","slug":"japanparts"}],"_links":{"self":[{"href":"https:\/\/www.autonvaraosahaku.fi\/index.php?rest_route=\/wp\/v2\/product\/65542","targetHints":{"allow":["GET"]}}],"collection":[{"href":"https:\/\/www.autonvaraosahaku.fi\/index.php?rest_route=\/wp\/v2\/product"}],"about":[{"href":"https:\/\/www.autonvaraosahaku.fi\/index.php?rest_route=\/wp\/v2\/types\/product"}],"wp:attachment":[{"href":"https:\/\/www.autonvaraosahaku.fi\/index.php?rest_route=%2Fwp%2Fv2%2Fmedia&parent=65542"}],"wp:term":[{"taxonomy":"pwb-brand","embeddable":true,"href":"https:\/\/www.autonvaraosahaku.fi\/index.php?rest_route=%2Fwp%2Fv2%2Fpwb-brand&post=65542"},{"taxonomy":"product_cat","embeddable":true,"href":"https:\/\/www.autonvaraosahaku.fi\/index.php?rest_route=%2Fwp%2Fv2%2Fproduct_cat&post=65542"},{"taxonomy":"product_tag","embeddable":true,"href":"https:\/\/www.autonvaraosahaku.fi\/index.php?rest_route=%2Fwp%2Fv2%2Fproduct_tag&post=65542"}],"curies":[{"name":"wp","href":"https:\/\/api.w.org\/{rel}","templated":true}]}}