{"id":65552,"date":"2021-02-21T18:44:30","date_gmt":"2021-02-21T18:44:30","guid":{"rendered":"https:\/\/www.autonvaraosahaku.fi\/?product=vaico-v42-0011-polttoainesuodatin"},"modified":"2021-02-21T18:44:32","modified_gmt":"2021-02-21T18:44:32","slug":"vaico-v42-0011-polttoainesuodatin","status":"publish","type":"product","link":"https:\/\/www.autonvaraosahaku.fi\/?product=vaico-v42-0011-polttoainesuodatin","title":{"rendered":"VAICO V42-0011 Polttoainesuodatin"},"content":{"rendered":"<p>Korkeus (mm): 158; Ulkol\u00e4pimitta [mm]: 84; Sis\u00e4l\u00e4pimitta 2 [mm]: 68; Sis\u00e4l\u00e4pimitta 1 [mm]: 60; Kierre ulostulo: M 16 X 1,5; Paino [kg]: 0,5; Pakkausleveys [cm]: 8,8; Pakkauskorkeus [mm]: 16,5; Pakkaussyvyys [cm]: 8,8; lis\u00e4tieto: CST99; Valmistusvuoteen: 02\/1995; VW: GOLF II 19E, 1G1,TRANSPORTER III Bus,LT 28-35 I Kasten 281-363,LT 28-35 I Bus 281-363,CADDY I 14,TRANSPORTER III Kasten,LT 28-35 I Pritsche\/Fahrgestell 281-363,TRANSPORTER III Pritsche\/Fahrgestell,LT 40-55 I Pritsche\/Fahrgestell 293-909,LT 40-55 I Kasten 291-512; AUDI: 100 44, 44Q, C3; JEEP: CHEROKEE KK; IVECO: DAILY II Pritsche\/Fahrgestell,DAILY II Kasten\/Kombi,DAILY II Bus,DAILY II Kipper,EUROCARGO I-III,MK,ZETA; KIA: CARENS II FJ,CERATO LD,CERATO Stufenheck LD; LAND ROVER: RANGE ROVER II LP; ROVER: 200 Hatchback XW; OPEL: OMEGA A 16_, 17_, 19_,CORSA B 73_, 78_, 79_,VECTRA B 36_,ASTRA F CC 53_, 54_, 58_, 59_,OMEGA B Caravan 21_, 22_, 23_,OMEGA B 25_, 26_, 27_,VECTRA B Caravan 31_,ASTRA F Caravan 51_, 52_,VECTRA B CC 38_,VECTRA A 86_, 87_,ASTRA F 56_, 57_,KADETT E CC 33_, 34_, 43_, 44_,FRONTERA A Sport 5_SUD2,CORSA A CC 93_, 94_, 98_, 99_,FRONTERA A 5_MWL4,VECTRA A CC 88_, 89_,COMBO 71_,ASCONA B 81_, 86_, 87_, 88_,REKORD E 17_-19_, 11_, 14_, 16_,SENATOR A 29_,OMEGA A Caravan 66_, 67_,CORSA A TR 91_, 92_, 96_, 97_,KADETT E 39_, 49_,CORSA B Kasten 73_,REKORD D,KADETT E Caravan 35_, 36_, 45_, 46_,ASTRA F Van 55_,REKORD E Caravan 61_, 66_, 67_,CORSA A Kasten,KADETT E Kasten 37_, 47_,REKORD D Caravan,KADETT E Combo 38_, 48_; LANCIA: THESIS 841AX,LYBRA SW 839BX,KAPPA 838A,LYBRA 839AX,KAPPA SW 838B; FORD: ESCORT IV GAF, AWF, ABFT,FIESTA II FBD,ESCORT III GAA,ORION II AFF,ESCORT IV Kombi AWF, AVF,ESCORT &#8217;86 Express AVF,ESCORT III Kombi AWA,ORION I AFD,ESCORT &#8217;81 Express AVA; 1906C7, 9947340, 9947340, 190662, 190663, 190666, 190667, 1906C3, 1906C7<\/p>\n","protected":false},"excerpt":{"rendered":"<p>VAICO Polttoainesuodatin V42-0011  VW,AUDI,JEEP,GOLF II 19E, 1G1,TRANSPORTER III Bus,LT 28-35 I Kasten 281-363,LT 28-35 I Bus 281-363,CADDY I 14<\/p>\n","protected":false},"featured_media":0,"template":"","meta":{"site-sidebar-layout":"default","site-content-layout":"default","ast-global-header-display":"","ast-main-header-display":"","ast-hfb-above-header-display":"","ast-hfb-below-header-display":"","ast-hfb-mobile-header-display":"","site-post-title":"","ast-breadcrumbs-content":"","ast-featured-img":"","footer-sml-layout":"","theme-transparent-header-meta":"","adv-header-id-meta":"","stick-header-meta":"","header-above-stick-meta":"","header-main-stick-meta":"","header-below-stick-meta":""},"pwb-brand":[330],"product_cat":[29],"product_tag":[],"class_list":{"0":"post-65552","1":"product","2":"type-product","3":"status-publish","5":"pwb-brand-vaico","6":"product_cat-polttoainesuodatin","7":"desktop-align-left","8":"tablet-align-left","9":"mobile-align-left","11":"first","12":"instock","13":"product-type-external"},"brands":[{"id":330,"name":"VAICO","slug":"vaico"}],"_links":{"self":[{"href":"https:\/\/www.autonvaraosahaku.fi\/index.php?rest_route=\/wp\/v2\/product\/65552","targetHints":{"allow":["GET"]}}],"collection":[{"href":"https:\/\/www.autonvaraosahaku.fi\/index.php?rest_route=\/wp\/v2\/product"}],"about":[{"href":"https:\/\/www.autonvaraosahaku.fi\/index.php?rest_route=\/wp\/v2\/types\/product"}],"wp:attachment":[{"href":"https:\/\/www.autonvaraosahaku.fi\/index.php?rest_route=%2Fwp%2Fv2%2Fmedia&parent=65552"}],"wp:term":[{"taxonomy":"pwb-brand","embeddable":true,"href":"https:\/\/www.autonvaraosahaku.fi\/index.php?rest_route=%2Fwp%2Fv2%2Fpwb-brand&post=65552"},{"taxonomy":"product_cat","embeddable":true,"href":"https:\/\/www.autonvaraosahaku.fi\/index.php?rest_route=%2Fwp%2Fv2%2Fproduct_cat&post=65552"},{"taxonomy":"product_tag","embeddable":true,"href":"https:\/\/www.autonvaraosahaku.fi\/index.php?rest_route=%2Fwp%2Fv2%2Fproduct_tag&post=65552"}],"curies":[{"name":"wp","href":"https:\/\/api.w.org\/{rel}","templated":true}]}}