{"id":65561,"date":"2021-02-21T18:44:30","date_gmt":"2021-02-21T18:44:30","guid":{"rendered":"https:\/\/www.autonvaraosahaku.fi\/?product=vaico-v30-80047-jarrulevyt"},"modified":"2021-02-21T18:44:34","modified_gmt":"2021-02-21T18:44:34","slug":"vaico-v30-80047-jarrulevyt","status":"publish","type":"product","link":"https:\/\/www.autonvaraosahaku.fi\/?product=vaico-v30-80047-jarrulevyt","title":{"rendered":"VAICO V30-80047 Jarrulevyt"},"content":{"rendered":"<p>Jarrulevyn navan korkeus [mm]: 26,5; Asennuspuoli: Etuakseli, Etuakseli; Vanne, aukkoja: 5; Korkeus (mm): 54,5, 54,5; Jarrulevytyyppi: Tuuletettu; Jarrulevyn paksuus (mm): 28; V\u00e4himm\u00e4ispaksuus (mm): 25,4; Ulkol\u00e4pimitta [mm]: 295; keskitt\u00e4misl\u00e4pimitta [mm]: 67; Reik\u00e4ympyr\u00e4-\u00d8 [mm]: 112, 112; Pakkausleveys [cm]: 30, 30; Pakkauskorkeus [mm]: 11, 11; Pakkaussyvyys [cm]: 30, 30; Reikien m\u00e4\u00e4r\u00e4: 5; Reik\u00e4-\u00d8 2 [mm]: 9,2; Paino [kg]: 8,177; lis\u00e4tieto: CST99; Alustanumerosta: A400548; MERCEDES-BENZ: E-CLASS W211,E-CLASS T-Model S211; 2114210712, A2114210712, A211421081264; Jarrulevy<\/p>\n","protected":false},"excerpt":{"rendered":"<p>VAICO Jarrulevyt V30-80047 Jarrulevy MERCEDES-BENZ,E-CLASS W211,E-CLASS T-Model S211<\/p>\n","protected":false},"featured_media":0,"template":"","meta":{"site-sidebar-layout":"default","site-content-layout":"default","ast-global-header-display":"","ast-main-header-display":"","ast-hfb-above-header-display":"","ast-hfb-below-header-display":"","ast-hfb-mobile-header-display":"","site-post-title":"","ast-breadcrumbs-content":"","ast-featured-img":"","footer-sml-layout":"","theme-transparent-header-meta":"","adv-header-id-meta":"","stick-header-meta":"","header-above-stick-meta":"","header-main-stick-meta":"","header-below-stick-meta":""},"pwb-brand":[330],"product_cat":[66],"product_tag":[],"class_list":{"0":"post-65561","1":"product","2":"type-product","3":"status-publish","5":"pwb-brand-vaico","6":"product_cat-jarrulevyt","7":"desktop-align-left","8":"tablet-align-left","9":"mobile-align-left","11":"first","12":"instock","13":"product-type-external"},"brands":[{"id":330,"name":"VAICO","slug":"vaico"}],"_links":{"self":[{"href":"https:\/\/www.autonvaraosahaku.fi\/index.php?rest_route=\/wp\/v2\/product\/65561","targetHints":{"allow":["GET"]}}],"collection":[{"href":"https:\/\/www.autonvaraosahaku.fi\/index.php?rest_route=\/wp\/v2\/product"}],"about":[{"href":"https:\/\/www.autonvaraosahaku.fi\/index.php?rest_route=\/wp\/v2\/types\/product"}],"wp:attachment":[{"href":"https:\/\/www.autonvaraosahaku.fi\/index.php?rest_route=%2Fwp%2Fv2%2Fmedia&parent=65561"}],"wp:term":[{"taxonomy":"pwb-brand","embeddable":true,"href":"https:\/\/www.autonvaraosahaku.fi\/index.php?rest_route=%2Fwp%2Fv2%2Fpwb-brand&post=65561"},{"taxonomy":"product_cat","embeddable":true,"href":"https:\/\/www.autonvaraosahaku.fi\/index.php?rest_route=%2Fwp%2Fv2%2Fproduct_cat&post=65561"},{"taxonomy":"product_tag","embeddable":true,"href":"https:\/\/www.autonvaraosahaku.fi\/index.php?rest_route=%2Fwp%2Fv2%2Fproduct_tag&post=65561"}],"curies":[{"name":"wp","href":"https:\/\/api.w.org\/{rel}","templated":true}]}}