{"id":65604,"date":"2021-02-21T18:44:49","date_gmt":"2021-02-21T18:44:49","guid":{"rendered":"https:\/\/www.autonvaraosahaku.fi\/?product=febi-bilstein-40923-kardaanin-kuminivel"},"modified":"2021-02-21T18:44:49","modified_gmt":"2021-02-21T18:44:49","slug":"febi-bilstein-40923-kardaanin-kuminivel","status":"publish","type":"product","link":"https:\/\/www.autonvaraosahaku.fi\/?product=febi-bilstein-40923-kardaanin-kuminivel","title":{"rendered":"FEBI BILSTEIN 40923 Kardaanin kuminivel"},"content":{"rendered":"<p>Reik\u00e4ympyr\u00e4-\u00d8 [mm]: 106; Reikien m\u00e4\u00e4r\u00e4: 6; Asennuspuoli: Edess\u00e4; Paino [kg]: 0,89; Huomioi huolto-ohjeet: , ; Vaihteistomalli: Schaltgetriebe 5 Gang; VW: GOLF IV 1J1,GOLF V 1K1,PASSAT Variant 3C5,PASSAT 3C2,GOLF IV Variant 1J5,BORA 1J2,PASSAT CC 357,NEW BEETLE 9C1, 1C1,BORA Kombi 1J6,CC 358; AUDI: A3 8L1; SKODA: OCTAVIA Combi 1U5,OCTAVIA 1U2; SEAT: LEON 1M1,ALHAMBRA 710, 711; 1J0521127, 1J0521127A, 1J0521127AS1, 1J0521127S1, 1J0521127, 1J0521127A, 1J0521127AS1, 1J0521127S1, 1J0521127, 1J0521127A, 1J0521127AS1, 1J0521127S1, 1J0521127, 1J0521127A, 1J0521127AS1, 1J0521127S1; R\u00e4ttinivel,Nivel, Pitkitt\u00e4isakseli<\/p>\n","protected":false},"excerpt":{"rendered":"<p>FEBI BILSTEIN Kardaanin Kuminivel 40923 R\u00e4ttinivel,Nivel, Pitkitt\u00e4isakseli VW,AUDI,SKODA,GOLF IV 1J1,GOLF V 1K1,PASSAT Variant 3C5,PASSAT 3C2<\/p>\n","protected":false},"featured_media":0,"template":"","meta":{"site-sidebar-layout":"default","site-content-layout":"default","ast-global-header-display":"","ast-main-header-display":"","ast-hfb-above-header-display":"","ast-hfb-below-header-display":"","ast-hfb-mobile-header-display":"","site-post-title":"","ast-breadcrumbs-content":"","ast-featured-img":"","footer-sml-layout":"","theme-transparent-header-meta":"","adv-header-id-meta":"","stick-header-meta":"","header-above-stick-meta":"","header-main-stick-meta":"","header-below-stick-meta":""},"pwb-brand":[50],"product_cat":[56],"product_tag":[],"class_list":{"0":"post-65604","1":"product","2":"type-product","3":"status-publish","5":"pwb-brand-febi-bilstein","6":"product_cat-kardaanin-kuminivel","7":"desktop-align-left","8":"tablet-align-left","9":"mobile-align-left","11":"first","12":"instock","13":"product-type-external"},"brands":[{"id":50,"name":"FEBI BILSTEIN","slug":"febi-bilstein"}],"_links":{"self":[{"href":"https:\/\/www.autonvaraosahaku.fi\/index.php?rest_route=\/wp\/v2\/product\/65604","targetHints":{"allow":["GET"]}}],"collection":[{"href":"https:\/\/www.autonvaraosahaku.fi\/index.php?rest_route=\/wp\/v2\/product"}],"about":[{"href":"https:\/\/www.autonvaraosahaku.fi\/index.php?rest_route=\/wp\/v2\/types\/product"}],"wp:attachment":[{"href":"https:\/\/www.autonvaraosahaku.fi\/index.php?rest_route=%2Fwp%2Fv2%2Fmedia&parent=65604"}],"wp:term":[{"taxonomy":"pwb-brand","embeddable":true,"href":"https:\/\/www.autonvaraosahaku.fi\/index.php?rest_route=%2Fwp%2Fv2%2Fpwb-brand&post=65604"},{"taxonomy":"product_cat","embeddable":true,"href":"https:\/\/www.autonvaraosahaku.fi\/index.php?rest_route=%2Fwp%2Fv2%2Fproduct_cat&post=65604"},{"taxonomy":"product_tag","embeddable":true,"href":"https:\/\/www.autonvaraosahaku.fi\/index.php?rest_route=%2Fwp%2Fv2%2Fproduct_tag&post=65604"}],"curies":[{"name":"wp","href":"https:\/\/api.w.org\/{rel}","templated":true}]}}