{"id":65662,"date":"2021-02-21T18:45:04","date_gmt":"2021-02-21T18:45:04","guid":{"rendered":"https:\/\/www.autonvaraosahaku.fi\/?product=textar-92111703-jarrulevyt"},"modified":"2021-02-21T18:45:11","modified_gmt":"2021-02-21T18:45:11","slug":"textar-92111703-jarrulevyt","status":"publish","type":"product","link":"https:\/\/www.autonvaraosahaku.fi\/?product=textar-92111703-jarrulevyt","title":{"rendered":"TEXTAR 92111703 Jarrulevyt"},"content":{"rendered":"<p>Ulkol\u00e4pimitta [mm]: 247; Jarrulevyn paksuus (mm): 9; Jarrulevytyyppi: Vakiomalli; V\u00e4himm\u00e4ispaksuus (mm): 8; Korkeus (mm): 35,1; Reik\u00e4kuvio\/-m\u00e4\u00e4r\u00e4: 04\/06; Reik\u00e4ympyr\u00e4-\u00d8 [mm]: 108; keskitt\u00e4misl\u00e4pimitta [mm]: 71,1; Paino [kg]: 3,1; Korvaava tuote\/korvaava tiedote 2: Ilman py\u00f6r\u00e4nnapaa, Ilman py\u00f6r\u00e4nkiinnityspultteja; Pinta: pinnoitettu; Pakkauspituus [cm]: 30; Pakkausleveys [cm]: 28,5; Pakkauskorkeus [mm]: 8; Teknisten tietojen numero: 98200 1117 0 1 PRO; Tuotelinja: PRO; Asennuspuoli: Hinterachse; CITRO\u00cbN: BERLINGO MF,XSARA PICASSO N68,C2 JM_,C3 I FC_,C4 I LC_,BERLINGO Kasten M_,C3 II,C4 Coupe LA_,C3 Pluriel HB_,C4 Stufenheck L,C2 ENTERPRISE; PEUGEOT: 307 SW 3H,307 CC 3B,307 3A\/C,307 Break 3E,1007 KM_,PARTNER Combispace 5F,PARTNER Kasten 5,307 Stufenheck,PARTNER Kasten; 1618861980, 4246W9, 4246X8, 4246XB, 424952, 424953, 424990, 1618861980, 4246W9, 4246X8, 4246XB, 424952, 424953, 424990; Jarrulevy<\/p>\n","protected":false},"excerpt":{"rendered":"<p>TEXTAR Jarrulevyt 92111703 Jarrulevy CITRO\u00cbN,PEUGEOT,BERLINGO MF,XSARA PICASSO N68,C2 JM_,C3 I FC_,C4 I LC_,BERLINGO Kasten M_,C3 II,C4 Coupe LA_<\/p>\n","protected":false},"featured_media":0,"template":"","meta":{"site-sidebar-layout":"default","site-content-layout":"default","ast-global-header-display":"","ast-main-header-display":"","ast-hfb-above-header-display":"","ast-hfb-below-header-display":"","ast-hfb-mobile-header-display":"","site-post-title":"","ast-breadcrumbs-content":"","ast-featured-img":"","footer-sml-layout":"","theme-transparent-header-meta":"","adv-header-id-meta":"","stick-header-meta":"","header-above-stick-meta":"","header-main-stick-meta":"","header-below-stick-meta":""},"pwb-brand":[288],"product_cat":[66],"product_tag":[],"class_list":{"0":"post-65662","1":"product","2":"type-product","3":"status-publish","5":"pwb-brand-textar","6":"product_cat-jarrulevyt","7":"desktop-align-left","8":"tablet-align-left","9":"mobile-align-left","11":"first","12":"instock","13":"product-type-external"},"brands":[{"id":288,"name":"TEXTAR","slug":"textar"}],"_links":{"self":[{"href":"https:\/\/www.autonvaraosahaku.fi\/index.php?rest_route=\/wp\/v2\/product\/65662","targetHints":{"allow":["GET"]}}],"collection":[{"href":"https:\/\/www.autonvaraosahaku.fi\/index.php?rest_route=\/wp\/v2\/product"}],"about":[{"href":"https:\/\/www.autonvaraosahaku.fi\/index.php?rest_route=\/wp\/v2\/types\/product"}],"wp:attachment":[{"href":"https:\/\/www.autonvaraosahaku.fi\/index.php?rest_route=%2Fwp%2Fv2%2Fmedia&parent=65662"}],"wp:term":[{"taxonomy":"pwb-brand","embeddable":true,"href":"https:\/\/www.autonvaraosahaku.fi\/index.php?rest_route=%2Fwp%2Fv2%2Fpwb-brand&post=65662"},{"taxonomy":"product_cat","embeddable":true,"href":"https:\/\/www.autonvaraosahaku.fi\/index.php?rest_route=%2Fwp%2Fv2%2Fproduct_cat&post=65662"},{"taxonomy":"product_tag","embeddable":true,"href":"https:\/\/www.autonvaraosahaku.fi\/index.php?rest_route=%2Fwp%2Fv2%2Fproduct_tag&post=65662"}],"curies":[{"name":"wp","href":"https:\/\/api.w.org\/{rel}","templated":true}]}}