{"id":65695,"date":"2021-02-21T18:45:25","date_gmt":"2021-02-21T18:45:25","guid":{"rendered":"https:\/\/www.autonvaraosahaku.fi\/?product=ravenol-1221102-004-01-999-vaihteistooljy"},"modified":"2021-02-21T18:45:28","modified_gmt":"2021-02-21T18:45:28","slug":"ravenol-1221102-004-01-999-vaihteistooljy","status":"publish","type":"product","link":"https:\/\/www.autonvaraosahaku.fi\/?product=ravenol-1221102-004-01-999-vaihteistooljy","title":{"rendered":"RAVENOL 1221102-004-01-999 Vaihteisto\u00f6ljy"},"content":{"rendered":"<p>Kemialliset ominaisuudet: synteettinen; Viskositeettiluokka SAE: 75W-85; Erittely: API GL-4\/GL-5; Valmistajan hyv\u00e4ksym\u00e4: GM 1940182,, 93740319,, Hyundai 04300-00110, , 04300-00140,, 08950-00020-B,, 08950-00020-A,, MB 235.7, A 001 989 33 03,, MB 235.4, A 001 989 14,, OPEL B 040 2071 03,, Mitsubishi 3717610,, MTF BOT 402,, BOT 0063 f\u0181r F35\/MU, 3 5-Gang SAAB\/GM\/Ope, l, Nissan KLD26-; Tilavuus (litra): 4; Tuotelinja: Super EP-Langzeitfett, Super EP-Langzeitfett; MAZDA: 121 II DB,E-SERIE Kasten SR2,929 III HC,B-SERIE UF,929 II Coupe HB,121 I DA,929 II HB,929 I LA,929 II Kombi HV,B-SERIE UD; NISSAN: QASHQAI \/ QASHQAI +2 J10, JJ10,X-TRAIL T30,NAVARA D40,PATHFINDER R51,X-TRAIL T31,MICRA IV K13,PRIMERA Kombi WP12,PRIMERA P12,350 Z Z33,NAVARA Pritsche\/Fahrgestell D40,PRIMERA Hatchback P12,PICK UP D22,370 Z Z34,350 Z Roadster Z33,370 Z Roadster Z34,NP300,ALTIMA,SENTRA B15; JEEP: GRAND CHEROKEE IV WK, WK2; DAEWOO: KALOS KLAS,MATIZ KLYA,TICO KLY3; SKODA: FELICIA I 6U1,FELICIA II 6U1,FELICIA I Fun 797,FELICIA I Kombi 6U5,FELICIA II Kombi 6U5; SUZUKI: SWIFT III MZ, EZ,SWIFT IV FZ, NZ,GRAND VITARA II JT,SX4 EY, GY,SAMURAI SJ,WAGON R+ MM,IGNIS II,SWIFT II Schr\u00e4gheck EA, MA,VITARA ET, TA,VITARA Cabrio ET, TA,LIANA Schr\u00e4gheck,ALTO HA24,LIANA ER,KIZASHI FR,BALENO Kombi EG,BALENO EG,SX4 Stufenheck GY,BALENO Schr\u00e4gheck EG,ALTO HA12, HA23,X-90 EL,WAGON R,SWIFT Cabriolet SF413,SWIFT II Stufenheck AH, AJ,ALTO,ALTO SS80; CHEVROLET: MATIZ M200, M250,SPARK M300,KALOS,AVEO Schr\u00e4gheck T250, T255,AVEO Schr\u00e4gheck T300,AVEO Stufenheck T250, T255,KALOS Stufenheck,AVEO Stufenheck T300,SPARK M200 M250,AVEO Stufenheck T200,SPARK M150,SILVERADO 1500; MERCEDES-BENZ: C-CLASS W203,E-CLASS W211,C-CLASS W204,C-CLASS T-Model S204,C-CLASS T-Model S203,C-CLASS W202,E-CLASS T-Model S211,190 W201,SLK R170,E-CLASS W210,E-CLASS W212,VIANO W639,M-CLASS W164,C-CLASS Coupe CL203,Stufenheck W124,E-CLASS T-Model S212,GLK-CLASS X204,E-CLASS Kombi S210,VITO Bus W639,SLK R171,CLK C208,SL R129,CLK C209,C-CLASS Kombi S202,S-CLASS W220,VITO \/ MIXTO Kasten W639,S-CLASS W221,CLS C219,SL R230,KOMBI Kombi S124,E-CLASS W124,R-CLASS W251, V251,M-CLASS W166,E-CLASS Coupe C207,CLK Cabriolet A208,COUPE C124,CLK Cabriolet A209,S-CLASS W140,E-CLASS Kombi S124,C-CLASS Coupe C204,SLK R172,E-CLASS Cabriolet A207,CLC-CLASS CL203,GL-CLASS X164,CLS C218,S-CLASS Coupe C215,E-CLASS Cabriolet A124,S-CLASS Coupe C216,E-CLASS Coupe C124,CLS Shooting Brake X218,S-CLASS W222, V222, X222,S-CLASS Coupe C140,GL-CLASS X166,SL R231; KIA: SORENTO I JC,PICANTO BA,SPORTAGE SL,CEE&#8217;D SW ED,CEE&#8217;D Schr\u00e4gheck ED,SPORTAGE JE_, KM_,VENGA YN,SORENTO II XM,CARENS II FJ,RIO III UB,RIO II JB,CEE&#8217;D JD,CARENS III UN,CARNIVAL II GQ,CARNIVAL \/ GRAND CARNIVAL III VQ,PICANTO TA,CEE`D Sportswagon JD,PRO CEE&#8217;D ED,CARENS IV,SOUL AM,CERATO LD,MAGENTIS MG,PRO CEE\u00b4D JD,CERATO Stufenheck LD,RIO II Stufenheck JB,OPTIMA,RIO III Stufenheck UB,CARNIVAL I UP,PREGIO Kasten TB,K2700 SD,K2500 SD,CERATO II Stufenheck TD; LEXUS: IS II GSE2_, ALE2_, USE2_,GS GRS19_, UZS19_, GWS19_,IS III GSE3_, AVE3_,LS UVF4_, USF4_,GS GRL1_, GWL1_,GX URJ15_; Vaihdelaatikon \u00d6ljy<\/p>\n","protected":false},"excerpt":{"rendered":"<p>RAVENOL Vaihteisto\u00f6ljy 1221102-004-01-999 Vaihdelaatikon \u00d6ljy MAZDA,NISSAN,JEEP,121 II DB,E-SERIE Kasten SR2,929 III HC,B-SERIE UF,929 II Coupe HB<\/p>\n","protected":false},"featured_media":0,"template":"","meta":{"site-sidebar-layout":"default","site-content-layout":"default","ast-global-header-display":"","ast-main-header-display":"","ast-hfb-above-header-display":"","ast-hfb-below-header-display":"","ast-hfb-mobile-header-display":"","site-post-title":"","ast-breadcrumbs-content":"","ast-featured-img":"","footer-sml-layout":"","theme-transparent-header-meta":"","adv-header-id-meta":"","stick-header-meta":"","header-above-stick-meta":"","header-main-stick-meta":"","header-below-stick-meta":""},"pwb-brand":[130],"product_cat":[58],"product_tag":[],"class_list":{"0":"post-65695","1":"product","2":"type-product","3":"status-publish","5":"pwb-brand-ravenol","6":"product_cat-vaihteistooljy","7":"desktop-align-left","8":"tablet-align-left","9":"mobile-align-left","11":"first","12":"instock","13":"product-type-external"},"brands":[{"id":130,"name":"RAVENOL","slug":"ravenol"}],"_links":{"self":[{"href":"https:\/\/www.autonvaraosahaku.fi\/index.php?rest_route=\/wp\/v2\/product\/65695","targetHints":{"allow":["GET"]}}],"collection":[{"href":"https:\/\/www.autonvaraosahaku.fi\/index.php?rest_route=\/wp\/v2\/product"}],"about":[{"href":"https:\/\/www.autonvaraosahaku.fi\/index.php?rest_route=\/wp\/v2\/types\/product"}],"wp:attachment":[{"href":"https:\/\/www.autonvaraosahaku.fi\/index.php?rest_route=%2Fwp%2Fv2%2Fmedia&parent=65695"}],"wp:term":[{"taxonomy":"pwb-brand","embeddable":true,"href":"https:\/\/www.autonvaraosahaku.fi\/index.php?rest_route=%2Fwp%2Fv2%2Fpwb-brand&post=65695"},{"taxonomy":"product_cat","embeddable":true,"href":"https:\/\/www.autonvaraosahaku.fi\/index.php?rest_route=%2Fwp%2Fv2%2Fproduct_cat&post=65695"},{"taxonomy":"product_tag","embeddable":true,"href":"https:\/\/www.autonvaraosahaku.fi\/index.php?rest_route=%2Fwp%2Fv2%2Fproduct_tag&post=65695"}],"curies":[{"name":"wp","href":"https:\/\/api.w.org\/{rel}","templated":true}]}}