{"id":65707,"date":"2021-02-21T18:45:25","date_gmt":"2021-02-21T18:45:25","guid":{"rendered":"https:\/\/www.autonvaraosahaku.fi\/?product=febi-bilstein-39187-jarrulevyt"},"modified":"2021-02-21T18:45:31","modified_gmt":"2021-02-21T18:45:31","slug":"febi-bilstein-39187-jarrulevyt","status":"publish","type":"product","link":"https:\/\/www.autonvaraosahaku.fi\/?product=febi-bilstein-39187-jarrulevyt","title":{"rendered":"FEBI BILSTEIN 39187 Jarrulevyt"},"content":{"rendered":"<p>Jarrulevyn paksuus (mm): 12; Kiinnitysreikien lukum\u00e4\u00e4r\u00e4: 5, 1; Paksuus [mm]: 48,0; Ulkol\u00e4pimitta [mm]: 292,0; Reik\u00e4ympyr\u00e4-\u00d8 [mm]: 120; Pinta: pinnoitettu; Jarrulevytyyppi: Vakiomalli; Asennuspuoli: Taka-akseli; V\u00e4himm\u00e4ispaksuus (mm): 10,5; Paino [kg]: 5,74; keskitt\u00e4misl\u00e4pimitta [mm]: 67,5; TECDOC-moottorinumero: 34969; CHEVROLET: MALIBU V300; SAAB: 9-5 YS3G; OPEL: INSIGNIA Caravan,INSIGNIA,INSIGNIA Stufenheck,INSIGNIA A Country Tourer G09; VAUXHALL: INSIGNIA Mk I A,INSIGNIA Mk I A Estate,INSIGNIA Mk I A Sedan,INSIGNIA Mk I A Country Tourer G09; 13501313, 00569025, 00569127, 0569025, 0569127, 569025, 569127, 13502198, 013501302, 013502198, 13501302, 13502198; Jarrulevy<\/p>\n","protected":false},"excerpt":{"rendered":"<p>FEBI BILSTEIN Jarrulevyt 39187 Jarrulevy CHEVROLET,SAAB,OPEL,MALIBU V300,9-5 YS3G,INSIGNIA Caravan,INSIGNIA,INSIGNIA Stufenheck<\/p>\n","protected":false},"featured_media":0,"template":"","meta":{"site-sidebar-layout":"default","site-content-layout":"default","ast-global-header-display":"","ast-main-header-display":"","ast-hfb-above-header-display":"","ast-hfb-below-header-display":"","ast-hfb-mobile-header-display":"","site-post-title":"","ast-breadcrumbs-content":"","ast-featured-img":"","footer-sml-layout":"","theme-transparent-header-meta":"","adv-header-id-meta":"","stick-header-meta":"","header-above-stick-meta":"","header-main-stick-meta":"","header-below-stick-meta":""},"pwb-brand":[50],"product_cat":[66],"product_tag":[],"class_list":{"0":"post-65707","1":"product","2":"type-product","3":"status-publish","5":"pwb-brand-febi-bilstein","6":"product_cat-jarrulevyt","7":"desktop-align-left","8":"tablet-align-left","9":"mobile-align-left","11":"first","12":"instock","13":"product-type-external"},"brands":[{"id":50,"name":"FEBI BILSTEIN","slug":"febi-bilstein"}],"_links":{"self":[{"href":"https:\/\/www.autonvaraosahaku.fi\/index.php?rest_route=\/wp\/v2\/product\/65707","targetHints":{"allow":["GET"]}}],"collection":[{"href":"https:\/\/www.autonvaraosahaku.fi\/index.php?rest_route=\/wp\/v2\/product"}],"about":[{"href":"https:\/\/www.autonvaraosahaku.fi\/index.php?rest_route=\/wp\/v2\/types\/product"}],"wp:attachment":[{"href":"https:\/\/www.autonvaraosahaku.fi\/index.php?rest_route=%2Fwp%2Fv2%2Fmedia&parent=65707"}],"wp:term":[{"taxonomy":"pwb-brand","embeddable":true,"href":"https:\/\/www.autonvaraosahaku.fi\/index.php?rest_route=%2Fwp%2Fv2%2Fpwb-brand&post=65707"},{"taxonomy":"product_cat","embeddable":true,"href":"https:\/\/www.autonvaraosahaku.fi\/index.php?rest_route=%2Fwp%2Fv2%2Fproduct_cat&post=65707"},{"taxonomy":"product_tag","embeddable":true,"href":"https:\/\/www.autonvaraosahaku.fi\/index.php?rest_route=%2Fwp%2Fv2%2Fproduct_tag&post=65707"}],"curies":[{"name":"wp","href":"https:\/\/api.w.org\/{rel}","templated":true}]}}