{"id":65716,"date":"2021-02-21T18:45:32","date_gmt":"2021-02-21T18:45:32","guid":{"rendered":"https:\/\/www.autonvaraosahaku.fi\/?product=elring-311-250-pakosarjan-tiivisteet"},"modified":"2021-02-21T18:45:35","modified_gmt":"2021-02-21T18:45:35","slug":"elring-311-250-pakosarjan-tiivisteet","status":"publish","type":"product","link":"https:\/\/www.autonvaraosahaku.fi\/?product=elring-311-250-pakosarjan-tiivisteet","title":{"rendered":"ELRING 311.250 Pakosarjan tiivisteet"},"content":{"rendered":"<p>Kiinnitysreikien lukum\u00e4\u00e4r\u00e4: 3; Asennuspuoli: Pakosarja; TECDOC-moottorinumero: 22329; VW: GOLF V 1K1,POLO 9N_,GOLF VI 5K1,GOLF PLUS 5M1, 521,POLO 6R, 6C,CADDY III Kombi 2KB, 2KJ, 2CB, 2CJ,FOX 5Z1, 5Z3,GOLF VI Variant AJ5,GOLF V Variant 1K5,CADDY III Kasten 2KA, 2KH, 2CA, 2CH,POLO Stufenheck,POLO VIVO Schr\u00e4gheck,POLO Stufenheck 9N4,POLO VIVO Stufenheck; SKODA: OCTAVIA Combi 1Z5,FABIA Combi 6Y5,FABIA,FABIA 6Y2,FABIA Combi,ROOMSTER 5J,OCTAVIA 1Z3,FABIA Stufenheck 6Y3,ROOMSTER Praktik 5J,FABIA Praktik,RAPID NA2; SEAT: IBIZA IV 6L1,LEON 1P1,IBIZA V 6J5, 6P5,ALTEA 5P1,ALTEA XL 5P5, 5P8,IBIZA V ST 6J8, 6P8,IBIZA V SPORTCOUPE 6J1, 6P1,CORDOBA 6L2,TOLEDO III 5P2; 6Q0253115A, 6Q0253115A, 6Q0253115A, 6Q0253115A; Tiiviste, Pakoputki<\/p>\n","protected":false},"excerpt":{"rendered":"<p>ELRING Pakoputken Tiiviste 311.250 Tiiviste, Pakoputki VW,SKODA,SEAT,GOLF V 1K1,POLO 9N_,GOLF VI 5K1,GOLF PLUS 5M1, 521,POLO 6R, 6C<\/p>\n","protected":false},"featured_media":0,"template":"","meta":{"site-sidebar-layout":"default","site-content-layout":"default","ast-global-header-display":"","ast-main-header-display":"","ast-hfb-above-header-display":"","ast-hfb-below-header-display":"","ast-hfb-mobile-header-display":"","site-post-title":"","ast-breadcrumbs-content":"","ast-featured-img":"","footer-sml-layout":"","theme-transparent-header-meta":"","adv-header-id-meta":"","stick-header-meta":"","header-above-stick-meta":"","header-main-stick-meta":"","header-below-stick-meta":""},"pwb-brand":[26],"product_cat":[123],"product_tag":[],"class_list":{"0":"post-65716","1":"product","2":"type-product","3":"status-publish","5":"pwb-brand-elring","6":"product_cat-pakosarjan-tiivisteet","7":"desktop-align-left","8":"tablet-align-left","9":"mobile-align-left","11":"first","12":"instock","13":"product-type-external"},"brands":[{"id":26,"name":"ELRING","slug":"elring"}],"_links":{"self":[{"href":"https:\/\/www.autonvaraosahaku.fi\/index.php?rest_route=\/wp\/v2\/product\/65716","targetHints":{"allow":["GET"]}}],"collection":[{"href":"https:\/\/www.autonvaraosahaku.fi\/index.php?rest_route=\/wp\/v2\/product"}],"about":[{"href":"https:\/\/www.autonvaraosahaku.fi\/index.php?rest_route=\/wp\/v2\/types\/product"}],"wp:attachment":[{"href":"https:\/\/www.autonvaraosahaku.fi\/index.php?rest_route=%2Fwp%2Fv2%2Fmedia&parent=65716"}],"wp:term":[{"taxonomy":"pwb-brand","embeddable":true,"href":"https:\/\/www.autonvaraosahaku.fi\/index.php?rest_route=%2Fwp%2Fv2%2Fpwb-brand&post=65716"},{"taxonomy":"product_cat","embeddable":true,"href":"https:\/\/www.autonvaraosahaku.fi\/index.php?rest_route=%2Fwp%2Fv2%2Fproduct_cat&post=65716"},{"taxonomy":"product_tag","embeddable":true,"href":"https:\/\/www.autonvaraosahaku.fi\/index.php?rest_route=%2Fwp%2Fv2%2Fproduct_tag&post=65716"}],"curies":[{"name":"wp","href":"https:\/\/api.w.org\/{rel}","templated":true}]}}