{"id":65761,"date":"2021-02-21T18:45:44","date_gmt":"2021-02-21T18:45:44","guid":{"rendered":"https:\/\/www.autonvaraosahaku.fi\/?product=monroe-g8172-iskunvaimennin"},"modified":"2021-02-21T18:45:47","modified_gmt":"2021-02-21T18:45:47","slug":"monroe-g8172-iskunvaimennin","status":"publish","type":"product","link":"https:\/\/www.autonvaraosahaku.fi\/?product=monroe-g8172-iskunvaimennin","title":{"rendered":"MONROE G8172 Iskunvaimennin"},"content":{"rendered":"<p>Iskunvaimennin tyyppi: Kaasupaine; Iskunvaimennin malli: Joustintuki; Iskunvaimennusj\u00e4rjestelm\u00e4: Kaksiputki; Paino [kg]: 4,000; Reik\u00e4-\u00d8 [mm]: 35; suurin pituus [mm]: 455; v\u00e4h. pituus [mm]: 287; parilliset tuotenumerot: G8171; Pakkauspituus [cm]: 57,5; Pakkausleveys [cm]: 20,3; Pakkauskorkeus [mm]: 20,3; Tullitariffinumero: 87088035; Tappil\u00e4pimitta [mm]: 22; Valmistusvuoteen: 09\/2014; FORD: FOCUS III Turnier,FOCUS III,FOCUS III Stufenheck,FOCUS III Kasten\/Schr\u00e4gheck; 1703061, 1703062, 1704766, 1709759, 1709760, 1709761, 1710069, 1710070, 1710074, 1722080, 1731863, 1779704, 1781464, 1844591, 1851890, 1851891, BV6118001BCC, BV6118K001AAB, BV6118K001AAC, BV6118K001ABC, BV6118K001ACB, BV6118K001ACC, BV6118K001ACD, BV6118K001ADA, BV6118K001AEA, BV6118K001AGA, BV6118K001BAC, BV6118K001BBB, BV6118K001BBC, BV6118K001SBE, BV6118K001SBF, BV6118K01AFA; Iskarit,Iskunvaimennin<\/p>\n","protected":false},"excerpt":{"rendered":"<p>MONROE Iskunvaimentimet MONROE ORIGINAL (Gas Technology) G8172 Iskarit,Iskunvaimennin FORD,FOCUS III Turnier,FOCUS III,FOCUS III Stufenheck<\/p>\n","protected":false},"featured_media":0,"template":"","meta":{"site-sidebar-layout":"default","site-content-layout":"default","ast-global-header-display":"","ast-main-header-display":"","ast-hfb-above-header-display":"","ast-hfb-below-header-display":"","ast-hfb-mobile-header-display":"","site-post-title":"","ast-breadcrumbs-content":"","ast-featured-img":"","footer-sml-layout":"","theme-transparent-header-meta":"","adv-header-id-meta":"","stick-header-meta":"","header-above-stick-meta":"","header-main-stick-meta":"","header-below-stick-meta":""},"pwb-brand":[79],"product_cat":[80],"product_tag":[],"class_list":{"0":"post-65761","1":"product","2":"type-product","3":"status-publish","5":"pwb-brand-monroe","6":"product_cat-iskunvaimennin","7":"desktop-align-left","8":"tablet-align-left","9":"mobile-align-left","11":"first","12":"instock","13":"product-type-external"},"brands":[{"id":79,"name":"MONROE","slug":"monroe"}],"_links":{"self":[{"href":"https:\/\/www.autonvaraosahaku.fi\/index.php?rest_route=\/wp\/v2\/product\/65761","targetHints":{"allow":["GET"]}}],"collection":[{"href":"https:\/\/www.autonvaraosahaku.fi\/index.php?rest_route=\/wp\/v2\/product"}],"about":[{"href":"https:\/\/www.autonvaraosahaku.fi\/index.php?rest_route=\/wp\/v2\/types\/product"}],"wp:attachment":[{"href":"https:\/\/www.autonvaraosahaku.fi\/index.php?rest_route=%2Fwp%2Fv2%2Fmedia&parent=65761"}],"wp:term":[{"taxonomy":"pwb-brand","embeddable":true,"href":"https:\/\/www.autonvaraosahaku.fi\/index.php?rest_route=%2Fwp%2Fv2%2Fpwb-brand&post=65761"},{"taxonomy":"product_cat","embeddable":true,"href":"https:\/\/www.autonvaraosahaku.fi\/index.php?rest_route=%2Fwp%2Fv2%2Fproduct_cat&post=65761"},{"taxonomy":"product_tag","embeddable":true,"href":"https:\/\/www.autonvaraosahaku.fi\/index.php?rest_route=%2Fwp%2Fv2%2Fproduct_tag&post=65761"}],"curies":[{"name":"wp","href":"https:\/\/api.w.org\/{rel}","templated":true}]}}