{"id":65766,"date":"2021-02-21T18:45:44","date_gmt":"2021-02-21T18:45:44","guid":{"rendered":"https:\/\/www.autonvaraosahaku.fi\/?product=magneti-marelli-313011300005-polttoainepumppu"},"modified":"2021-02-21T18:45:48","modified_gmt":"2021-02-21T18:45:48","slug":"magneti-marelli-313011300005-polttoainepumppu","status":"publish","type":"product","link":"https:\/\/www.autonvaraosahaku.fi\/?product=magneti-marelli-313011300005-polttoainepumppu","title":{"rendered":"MAGNETI MARELLI 313011300005 Polttoainepumppu"},"content":{"rendered":"<p>Siirtom\u00e4\u00e4r\u00e4 (l\/h): 90; K\u00e4ytt\u00f6: S\u00e4hk\u00f6inen; J\u00e4nnite sis\u00e4\u00e4n [V]: 12; K\u00e4ytt\u00f6paine (bar): 3; MAZDA: 323 P V BA,626 IV GE,FAMILIA V BA,FAMILIA V BG8,MX-6 GE,MPV I LV; NISSAN: MICRA II K11,PRIMERA P11,TERRANO II R20,PRIMERA Traveller WP11,PRIMERA Hatchback P11,SERENA C23M,VANETTE CARGO Kasten HC 23,VANETTE CARGO Bus HC 23; LADA: NIVA 2121,111 2111,SAMARA 2108, 2109, 2115, 2113, 2114,NOVA 2105,112 2112; KIA: MAGENTIS GD,OPIRUS GH,SPORTAGE K00; HONDA: CIVIC VI Hatchback EJ, EK,CIVIC VI Fastback MA, MB,CRX III EH, EG,CIVIC V Hatchback EG,PRELUDE V BB,ACCORD VI Coupe CG,ACCORD V CE, CF,CIVIC VI Stufenheck EJ, EK,CIVIC VI Coupe EJ, EM1,SHUTTLE RA,CIVIC V Coupe EJ,CIVIC V Stufenheck EG, EH; CHRYSLER: NEON PL; JAGUAR: XJ NAW, NBW,XJ X300,XK 8 Convertible QDV,XK 8 Coupe QEV; LANCIA: KAPPA 838A,KAPPA SW 838B,KAPPA Coupe 838; OPEL: ZAFIRA A F75_,ASTRA G CC F48_, F08_,ASTRA G Caravan F35_,CORSA B 73_, 78_, 79_,VECTRA B 36_,OMEGA B Caravan 21_, 22_, 23_,OMEGA B 25_, 26_, 27_,VECTRA B Caravan 31_,ASTRA G Cabriolet F67,ASTRA G Coupe F07_,COMBO Kasten\/Kombi,ASTRA G Stufenheck F69_,VECTRA B CC 38_,COMBO Tour,TIGRA 95_,COMBO 71_,ASTRA G Kasten F70; HYUNDAI: GETZ TB,SANTA F\u00c9 I SM,MATRIX FC,TRAJET FO,ACCENT II LC,ACCENT II Stufenheck LC,XG XG; 2322003020, 2322003030, 2322003040, 2322020020, 2322100010, 2322103010, 2322111050, 2322116490, 2322146010<\/p>\n","protected":false},"excerpt":{"rendered":"<p>MAGNETI MARELLI Polttoainepumppu 313011300005  MAZDA,NISSAN,LADA,323 P V BA,626 IV GE,FAMILIA V BA,FAMILIA V BG8,MX-6 GE,MPV I LV,MICRA II K11<\/p>\n","protected":false},"featured_media":0,"template":"","meta":{"site-sidebar-layout":"default","site-content-layout":"default","ast-global-header-display":"","ast-main-header-display":"","ast-hfb-above-header-display":"","ast-hfb-below-header-display":"","ast-hfb-mobile-header-display":"","site-post-title":"","ast-breadcrumbs-content":"","ast-featured-img":"","footer-sml-layout":"","theme-transparent-header-meta":"","adv-header-id-meta":"","stick-header-meta":"","header-above-stick-meta":"","header-main-stick-meta":"","header-below-stick-meta":""},"pwb-brand":[34],"product_cat":[73],"product_tag":[],"class_list":{"0":"post-65766","1":"product","2":"type-product","3":"status-publish","5":"pwb-brand-magneti-marelli","6":"product_cat-polttoainepumppu","7":"desktop-align-left","8":"tablet-align-left","9":"mobile-align-left","11":"first","12":"instock","13":"product-type-external"},"brands":[{"id":34,"name":"MAGNETI MARELLI","slug":"magneti-marelli"}],"_links":{"self":[{"href":"https:\/\/www.autonvaraosahaku.fi\/index.php?rest_route=\/wp\/v2\/product\/65766","targetHints":{"allow":["GET"]}}],"collection":[{"href":"https:\/\/www.autonvaraosahaku.fi\/index.php?rest_route=\/wp\/v2\/product"}],"about":[{"href":"https:\/\/www.autonvaraosahaku.fi\/index.php?rest_route=\/wp\/v2\/types\/product"}],"wp:attachment":[{"href":"https:\/\/www.autonvaraosahaku.fi\/index.php?rest_route=%2Fwp%2Fv2%2Fmedia&parent=65766"}],"wp:term":[{"taxonomy":"pwb-brand","embeddable":true,"href":"https:\/\/www.autonvaraosahaku.fi\/index.php?rest_route=%2Fwp%2Fv2%2Fpwb-brand&post=65766"},{"taxonomy":"product_cat","embeddable":true,"href":"https:\/\/www.autonvaraosahaku.fi\/index.php?rest_route=%2Fwp%2Fv2%2Fproduct_cat&post=65766"},{"taxonomy":"product_tag","embeddable":true,"href":"https:\/\/www.autonvaraosahaku.fi\/index.php?rest_route=%2Fwp%2Fv2%2Fproduct_tag&post=65766"}],"curies":[{"name":"wp","href":"https:\/\/api.w.org\/{rel}","templated":true}]}}