{"id":65767,"date":"2021-02-21T18:45:44","date_gmt":"2021-02-21T18:45:44","guid":{"rendered":"https:\/\/www.autonvaraosahaku.fi\/?product=topran-206-011-tiivisteet"},"modified":"2021-02-21T18:45:48","modified_gmt":"2021-02-21T18:45:48","slug":"topran-206-011-tiivisteet","status":"publish","type":"product","link":"https:\/\/www.autonvaraosahaku.fi\/?product=topran-206-011-tiivisteet","title":{"rendered":"TOPRAN 206 011 Tiivisteet"},"content":{"rendered":"<p>Materiaali: Kupari; Ulkol\u00e4pimitta [mm]: 17,5; Sis\u00e4l\u00e4pimitta [mm]: 10,5; Paksuus [mm]: 5,5; Moottorinumero: LM0\/X1.5TD; OPEL: CORSA B 73_, 78_, 79_,VECTRA B 36_,ASTRA F CC 53_, 54_, 58_, 59_,VECTRA B Caravan 31_,ASTRA F Caravan 51_, 52_,VECTRA B CC 38_,VECTRA A 86_, 87_,ASTRA F 56_, 57_,CORSA A CC 93_, 94_, 98_, 99_,VECTRA A CC 88_, 89_,COMBO 71_,CORSA A TR 91_, 92_, 96_, 97_,CORSA B Kasten 73_,ASTRA F Van 55_,CORSA A Kasten; VAUXHALL: ASTRA Mk III F CC,CORSA Mk I B,VECTRA B CC,CAVALIER Mk III 87,VECTRA B,ASTRA Mk III F Estate,CAVALIER Mk III CC,COMBO Mk I B,NOVA CC; 0821207, 821207, 94148392<\/p>\n","protected":false},"excerpt":{"rendered":"<p>TOPRAN Tiivisterengas, Ruiskutusventtiili 206 011  OPEL,VAUXHALL,CORSA B 73_, 78_, 79_,VECTRA B 36_,ASTRA F CC 53_, 54_, 58_, 59_,VECTRA B Caravan 31_<\/p>\n","protected":false},"featured_media":0,"template":"","meta":{"site-sidebar-layout":"default","site-content-layout":"default","ast-global-header-display":"","ast-main-header-display":"","ast-hfb-above-header-display":"","ast-hfb-below-header-display":"","ast-hfb-mobile-header-display":"","site-post-title":"","ast-breadcrumbs-content":"","ast-featured-img":"","footer-sml-layout":"","theme-transparent-header-meta":"","adv-header-id-meta":"","stick-header-meta":"","header-above-stick-meta":"","header-main-stick-meta":"","header-below-stick-meta":""},"pwb-brand":[18],"product_cat":[27],"product_tag":[],"class_list":{"0":"post-65767","1":"product","2":"type-product","3":"status-publish","5":"pwb-brand-topran","6":"product_cat-tiivisteet","7":"desktop-align-left","8":"tablet-align-left","9":"mobile-align-left","11":"first","12":"instock","13":"product-type-external"},"brands":[{"id":18,"name":"TOPRAN","slug":"topran"}],"_links":{"self":[{"href":"https:\/\/www.autonvaraosahaku.fi\/index.php?rest_route=\/wp\/v2\/product\/65767","targetHints":{"allow":["GET"]}}],"collection":[{"href":"https:\/\/www.autonvaraosahaku.fi\/index.php?rest_route=\/wp\/v2\/product"}],"about":[{"href":"https:\/\/www.autonvaraosahaku.fi\/index.php?rest_route=\/wp\/v2\/types\/product"}],"wp:attachment":[{"href":"https:\/\/www.autonvaraosahaku.fi\/index.php?rest_route=%2Fwp%2Fv2%2Fmedia&parent=65767"}],"wp:term":[{"taxonomy":"pwb-brand","embeddable":true,"href":"https:\/\/www.autonvaraosahaku.fi\/index.php?rest_route=%2Fwp%2Fv2%2Fpwb-brand&post=65767"},{"taxonomy":"product_cat","embeddable":true,"href":"https:\/\/www.autonvaraosahaku.fi\/index.php?rest_route=%2Fwp%2Fv2%2Fproduct_cat&post=65767"},{"taxonomy":"product_tag","embeddable":true,"href":"https:\/\/www.autonvaraosahaku.fi\/index.php?rest_route=%2Fwp%2Fv2%2Fproduct_tag&post=65767"}],"curies":[{"name":"wp","href":"https:\/\/api.w.org\/{rel}","templated":true}]}}