{"id":65769,"date":"2021-02-21T18:45:50","date_gmt":"2021-02-21T18:45:50","guid":{"rendered":"https:\/\/www.autonvaraosahaku.fi\/?product=luk-411-0026-10-muut-luokat"},"modified":"2021-02-21T18:45:50","modified_gmt":"2021-02-21T18:45:50","slug":"luk-411-0026-10-muut-luokat","status":"publish","type":"product","link":"https:\/\/www.autonvaraosahaku.fi\/?product=luk-411-0026-10-muut-luokat","title":{"rendered":"LuK 411 0026 10 Muut luokat"},"content":{"rendered":"<p>Ruuvien m\u00e4\u00e4r\u00e4: 8; Valmistusvuoteen: 02\/2003; LAND ROVER: FREELANDER LN,DEFENDER Pick-up LD_; OPEL: OMEGA B Caravan 21_, 22_, 23_,OMEGA B 25_, 26_, 27_; ROVER: 75 RJ,75 Tourer RJ; BMW: 3 E46,3 Touring E46,3 Compact E46,3 Coupe E46,X5 E53,3 Cabriolet E46,Z4 E85,Z4 Coupe E86; MG: MG ZT- T,MG ZT; VAUXHALL: OMEGA B,OMEGA B Estate; 11222243051, 2243051, STC2094, 616922, 90509009<\/p>\n","protected":false},"excerpt":{"rendered":"<p>LuK Ruuvisarja, Vauhtipy\u00f6r\u00e4 411 0026 10  LAND ROVER,OPEL,ROVER,FREELANDER LN,DEFENDER Pick-up LD_,OMEGA B Caravan 21_, 22_, 23_,OMEGA B 25_, 26_, 27_<\/p>\n","protected":false},"featured_media":0,"template":"","meta":{"site-sidebar-layout":"default","site-content-layout":"default","ast-global-header-display":"","ast-main-header-display":"","ast-hfb-above-header-display":"","ast-hfb-below-header-display":"","ast-hfb-mobile-header-display":"","site-post-title":"","ast-breadcrumbs-content":"","ast-featured-img":"","footer-sml-layout":"","theme-transparent-header-meta":"","adv-header-id-meta":"","stick-header-meta":"","header-above-stick-meta":"","header-main-stick-meta":"","header-below-stick-meta":""},"pwb-brand":[20],"product_cat":[37],"product_tag":[],"class_list":{"0":"post-65769","1":"product","2":"type-product","3":"status-publish","5":"pwb-brand-luk","6":"product_cat-muut-luokat","7":"desktop-align-left","8":"tablet-align-left","9":"mobile-align-left","11":"first","12":"instock","13":"product-type-external"},"brands":[{"id":20,"name":"LuK","slug":"luk"}],"_links":{"self":[{"href":"https:\/\/www.autonvaraosahaku.fi\/index.php?rest_route=\/wp\/v2\/product\/65769","targetHints":{"allow":["GET"]}}],"collection":[{"href":"https:\/\/www.autonvaraosahaku.fi\/index.php?rest_route=\/wp\/v2\/product"}],"about":[{"href":"https:\/\/www.autonvaraosahaku.fi\/index.php?rest_route=\/wp\/v2\/types\/product"}],"wp:attachment":[{"href":"https:\/\/www.autonvaraosahaku.fi\/index.php?rest_route=%2Fwp%2Fv2%2Fmedia&parent=65769"}],"wp:term":[{"taxonomy":"pwb-brand","embeddable":true,"href":"https:\/\/www.autonvaraosahaku.fi\/index.php?rest_route=%2Fwp%2Fv2%2Fpwb-brand&post=65769"},{"taxonomy":"product_cat","embeddable":true,"href":"https:\/\/www.autonvaraosahaku.fi\/index.php?rest_route=%2Fwp%2Fv2%2Fproduct_cat&post=65769"},{"taxonomy":"product_tag","embeddable":true,"href":"https:\/\/www.autonvaraosahaku.fi\/index.php?rest_route=%2Fwp%2Fv2%2Fproduct_tag&post=65769"}],"curies":[{"name":"wp","href":"https:\/\/api.w.org\/{rel}","templated":true}]}}