{"id":65777,"date":"2021-02-21T18:45:50","date_gmt":"2021-02-21T18:45:50","guid":{"rendered":"https:\/\/www.autonvaraosahaku.fi\/?product=monroe-r1566-iskunvaimennin"},"modified":"2021-02-21T18:45:52","modified_gmt":"2021-02-21T18:45:52","slug":"monroe-r1566-iskunvaimennin","status":"publish","type":"product","link":"https:\/\/www.autonvaraosahaku.fi\/?product=monroe-r1566-iskunvaimennin","title":{"rendered":"MONROE R1566 Iskunvaimennin"},"content":{"rendered":"<p>Iskunvaimennin tyyppi: \u00d6ljypaine; Iskunvaimennusj\u00e4rjestelm\u00e4: Kaksiputki; Iskunvaimennin asennustapa: Silmukka alhaalla, Tappi ylh\u00e4\u00e4ll\u00e4; Paino [kg]: 1,600; suurin pituus [mm]: 607; v\u00e4h. pituus [mm]: 351; Pakkauspituus [cm]: 50,5; Pakkausleveys [cm]: 6,4; Pakkauskorkeus [mm]: 6,4; Tullitariffinumero: 87088035; Asennuspuoli: Hinterachse; OPEL: KADETT C Coupe,KADETT C,REKORD E 17_-19_, 11_, 14_, 16_,MANTA A 58_, 59_,REKORD D,KADETT C City,COMMODORE B Coupe,COMMODORE C 14_, 19_,COMMODORE B,REKORD D Coupe,COMMODORE C Caravan 61; VAUXHALL: CHEVETTE; 08964196, 08964594, 08977885, 08977894, 08984433, 08984446, 09277434, 13242434, 13299878, 13319747, 13319748, 13319749, 13319750, 13319757, 13319758, 22834093, 22834094, 22872060, 22872061, 436378, 436384, 436411, 436412, 436413, 436416, 436419, 436420, 436421, 436422, 436423, 436425, 436427, 436436, 436439, 436446, 436453, 436458, 436472, 436473, 436476, 436477, 436478, 436483, 436485, 436499, 436539, 436632, 436633, 436786, 436787, 436853, 436854, 90009906, 90094448, 90094638, 90112127, 90112466, 90113813, 91200361862, 93187525, 93187543, 93195876, GDA1028, 09183, 13242434, 13299878, 13319747, 13319748, 13319749, 13319750, 13319757, 13319758, 22012257, 22834093, 22834094, 22872060, 22872061, 436423, 91038797, 93187525, 93187543, 93195876; Iskarit,Iskunvaimennin<\/p>\n","protected":false},"excerpt":{"rendered":"<p>MONROE Iskunvaimentimet MONROE ORIGINAL R1566 Iskarit,Iskunvaimennin OPEL,VAUXHALL,KADETT C Coupe,KADETT C,REKORD E 17_-19_, 11_, 14_, 16_<\/p>\n","protected":false},"featured_media":0,"template":"","meta":{"site-sidebar-layout":"default","site-content-layout":"default","ast-global-header-display":"","ast-main-header-display":"","ast-hfb-above-header-display":"","ast-hfb-below-header-display":"","ast-hfb-mobile-header-display":"","site-post-title":"","ast-breadcrumbs-content":"","ast-featured-img":"","footer-sml-layout":"","theme-transparent-header-meta":"","adv-header-id-meta":"","stick-header-meta":"","header-above-stick-meta":"","header-main-stick-meta":"","header-below-stick-meta":""},"pwb-brand":[79],"product_cat":[80],"product_tag":[],"class_list":{"0":"post-65777","1":"product","2":"type-product","3":"status-publish","5":"pwb-brand-monroe","6":"product_cat-iskunvaimennin","7":"desktop-align-left","8":"tablet-align-left","9":"mobile-align-left","11":"first","12":"instock","13":"product-type-external"},"brands":[{"id":79,"name":"MONROE","slug":"monroe"}],"_links":{"self":[{"href":"https:\/\/www.autonvaraosahaku.fi\/index.php?rest_route=\/wp\/v2\/product\/65777","targetHints":{"allow":["GET"]}}],"collection":[{"href":"https:\/\/www.autonvaraosahaku.fi\/index.php?rest_route=\/wp\/v2\/product"}],"about":[{"href":"https:\/\/www.autonvaraosahaku.fi\/index.php?rest_route=\/wp\/v2\/types\/product"}],"wp:attachment":[{"href":"https:\/\/www.autonvaraosahaku.fi\/index.php?rest_route=%2Fwp%2Fv2%2Fmedia&parent=65777"}],"wp:term":[{"taxonomy":"pwb-brand","embeddable":true,"href":"https:\/\/www.autonvaraosahaku.fi\/index.php?rest_route=%2Fwp%2Fv2%2Fpwb-brand&post=65777"},{"taxonomy":"product_cat","embeddable":true,"href":"https:\/\/www.autonvaraosahaku.fi\/index.php?rest_route=%2Fwp%2Fv2%2Fproduct_cat&post=65777"},{"taxonomy":"product_tag","embeddable":true,"href":"https:\/\/www.autonvaraosahaku.fi\/index.php?rest_route=%2Fwp%2Fv2%2Fproduct_tag&post=65777"}],"curies":[{"name":"wp","href":"https:\/\/api.w.org\/{rel}","templated":true}]}}