{"id":65808,"date":"2021-02-21T18:45:57","date_gmt":"2021-02-21T18:45:57","guid":{"rendered":"https:\/\/www.autonvaraosahaku.fi\/?product=valeo-246870-sytytystulpat"},"modified":"2021-02-21T18:46:03","modified_gmt":"2021-02-21T18:46:03","slug":"valeo-246870-sytytystulpat","status":"publish","type":"product","link":"https:\/\/www.autonvaraosahaku.fi\/?product=valeo-246870-sytytystulpat","title":{"rendered":"VALEO 246870 Sytytystulpat"},"content":{"rendered":"<p>Sytytystulppa: 1-maaelektroodi; Kierteen pituus (mm): 19; K\u00e4rkiv\u00e4li (mm): 0,7; Avainv\u00e4li: 16; Kiristysmomentti > [Nm]: 20; Kiristysmomentti enint\u00e4\u00e4n [Nm]: 30; Paino [kg]: 0,05; Moottorinumero: AR06166,AR06224; NISSAN: SUNNY II Hatchback N13,SUNNY II N13; MERCEDES-BENZ: C-CLASS W202,SLK R170,E-CLASS W210,Stufenheck W124,E-CLASS Kombi S210,CLK C208,SL R129,C-CLASS Kombi S202,KOMBI Kombi S124,E-CLASS W124,G-CLASS W463,CLK Cabriolet A208,COUPE C124,S-CLASS W140,E-CLASS Kombi S124,E-CLASS Cabriolet A124,E-CLASS Coupe C124,S-CLASS Coupe C140,CABRIOLET A124,G-CLASS Cabrio W463; ROVER: CABRIOLET XW,200 Hatchback XW,400 XW; ALFA ROMEO: 75 162B,164 164,155 167; RENAULT: CLIO I B\/C57_, 5\/357_; CITRO\u00cbN: AX ZA-_,BX XB-_,C15 VD-_; PEUGEOT: 205 II 20A\/C,309 II 3C, 3A,205 I 741A\/C,405 I 15B,309 I 10C, 10A,405 I Break 15E; PUCH: G-MODELL W 463; 0031591603, 0031596703, 31591603, 31596703, 8671004058; Tulpat,Sytytystulppa<\/p>\n","protected":false},"excerpt":{"rendered":"<p>VALEO Sytytystulpat 246870 Tulpat,Sytytystulppa NISSAN,MERCEDES-BENZ,ROVER,SUNNY II Hatchback N13,SUNNY II N13,C-CLASS W202,SLK R170,E-CLASS W210<\/p>\n","protected":false},"featured_media":0,"template":"","meta":{"site-sidebar-layout":"default","site-content-layout":"default","ast-global-header-display":"","ast-main-header-display":"","ast-hfb-above-header-display":"","ast-hfb-below-header-display":"","ast-hfb-mobile-header-display":"","site-post-title":"","ast-breadcrumbs-content":"","ast-featured-img":"","footer-sml-layout":"","theme-transparent-header-meta":"","adv-header-id-meta":"","stick-header-meta":"","header-above-stick-meta":"","header-main-stick-meta":"","header-below-stick-meta":""},"pwb-brand":[28],"product_cat":[165],"product_tag":[],"class_list":{"0":"post-65808","1":"product","2":"type-product","3":"status-publish","5":"pwb-brand-valeo","6":"product_cat-sytytystulpat","7":"desktop-align-left","8":"tablet-align-left","9":"mobile-align-left","11":"first","12":"instock","13":"product-type-external"},"brands":[{"id":28,"name":"VALEO","slug":"valeo"}],"_links":{"self":[{"href":"https:\/\/www.autonvaraosahaku.fi\/index.php?rest_route=\/wp\/v2\/product\/65808","targetHints":{"allow":["GET"]}}],"collection":[{"href":"https:\/\/www.autonvaraosahaku.fi\/index.php?rest_route=\/wp\/v2\/product"}],"about":[{"href":"https:\/\/www.autonvaraosahaku.fi\/index.php?rest_route=\/wp\/v2\/types\/product"}],"wp:attachment":[{"href":"https:\/\/www.autonvaraosahaku.fi\/index.php?rest_route=%2Fwp%2Fv2%2Fmedia&parent=65808"}],"wp:term":[{"taxonomy":"pwb-brand","embeddable":true,"href":"https:\/\/www.autonvaraosahaku.fi\/index.php?rest_route=%2Fwp%2Fv2%2Fpwb-brand&post=65808"},{"taxonomy":"product_cat","embeddable":true,"href":"https:\/\/www.autonvaraosahaku.fi\/index.php?rest_route=%2Fwp%2Fv2%2Fproduct_cat&post=65808"},{"taxonomy":"product_tag","embeddable":true,"href":"https:\/\/www.autonvaraosahaku.fi\/index.php?rest_route=%2Fwp%2Fv2%2Fproduct_tag&post=65808"}],"curies":[{"name":"wp","href":"https:\/\/api.w.org\/{rel}","templated":true}]}}