{"id":65891,"date":"2021-02-21T18:46:26","date_gmt":"2021-02-21T18:46:26","guid":{"rendered":"https:\/\/www.autonvaraosahaku.fi\/?product=ridex-82b0788-jarrulevyt"},"modified":"2021-02-21T18:46:29","modified_gmt":"2021-02-21T18:46:29","slug":"ridex-82b0788-jarrulevyt","status":"publish","type":"product","link":"https:\/\/www.autonvaraosahaku.fi\/?product=ridex-82b0788-jarrulevyt","title":{"rendered":"RIDEX 82B0788 Jarrulevyt"},"content":{"rendered":"<p>Jarrulevytyyppi: Vakiomalli; L\u00e4pimitta [mm]: 234; Jarrulevyn paksuus (mm): 7; V\u00e4himm\u00e4ispaksuus (mm): 6; Korkeus (mm): 39,4; Reik\u00e4kuvio\/-m\u00e4\u00e4r\u00e4: 04\/06; Reik\u00e4ympyr\u00e4-\u00d8 [mm]: 100; keskitt\u00e4misl\u00e4pimitta [mm]: 68; Paino [kg]: 2,3; Korvaava tuote\/korvaava tiedote 2: Ilman py\u00f6r\u00e4nnapaa, Ilman py\u00f6r\u00e4nkiinnityspultteja; Sis\u00e4l\u00e4pimitta [mm]: 140; Reik\u00e4-\u00d8 [mm]: 12,8; Asennuspuoli: Taka-akseli, Hinterachse; NISSAN: ALMERA I Hatchback N15,ALMERA I N15,100 NX B13,SUNNY III N14,PULSAR V Schr\u00e4gheck N14,SUNNY III Liftback N14; 4320658Y01, 4320658Y02; Jarrulevy<\/p>\n","protected":false},"excerpt":{"rendered":"<p>RIDEX Jarrulevyt 82B0788 Jarrulevy NISSAN,ALMERA I Hatchback N15,ALMERA I N15,100 NX B13,SUNNY III N14,PULSAR V Schr\u00e4gheck N14,SUNNY III Liftback N14<\/p>\n","protected":false},"featured_media":0,"template":"","meta":{"site-sidebar-layout":"default","site-content-layout":"default","ast-global-header-display":"","ast-main-header-display":"","ast-hfb-above-header-display":"","ast-hfb-below-header-display":"","ast-hfb-mobile-header-display":"","site-post-title":"","ast-breadcrumbs-content":"","ast-featured-img":"","footer-sml-layout":"","theme-transparent-header-meta":"","adv-header-id-meta":"","stick-header-meta":"","header-above-stick-meta":"","header-main-stick-meta":"","header-below-stick-meta":""},"pwb-brand":[157],"product_cat":[66],"product_tag":[],"class_list":{"0":"post-65891","1":"product","2":"type-product","3":"status-publish","5":"pwb-brand-ridex","6":"product_cat-jarrulevyt","7":"desktop-align-left","8":"tablet-align-left","9":"mobile-align-left","11":"first","12":"instock","13":"product-type-external"},"brands":[{"id":157,"name":"RIDEX","slug":"ridex"}],"_links":{"self":[{"href":"https:\/\/www.autonvaraosahaku.fi\/index.php?rest_route=\/wp\/v2\/product\/65891","targetHints":{"allow":["GET"]}}],"collection":[{"href":"https:\/\/www.autonvaraosahaku.fi\/index.php?rest_route=\/wp\/v2\/product"}],"about":[{"href":"https:\/\/www.autonvaraosahaku.fi\/index.php?rest_route=\/wp\/v2\/types\/product"}],"wp:attachment":[{"href":"https:\/\/www.autonvaraosahaku.fi\/index.php?rest_route=%2Fwp%2Fv2%2Fmedia&parent=65891"}],"wp:term":[{"taxonomy":"pwb-brand","embeddable":true,"href":"https:\/\/www.autonvaraosahaku.fi\/index.php?rest_route=%2Fwp%2Fv2%2Fpwb-brand&post=65891"},{"taxonomy":"product_cat","embeddable":true,"href":"https:\/\/www.autonvaraosahaku.fi\/index.php?rest_route=%2Fwp%2Fv2%2Fproduct_cat&post=65891"},{"taxonomy":"product_tag","embeddable":true,"href":"https:\/\/www.autonvaraosahaku.fi\/index.php?rest_route=%2Fwp%2Fv2%2Fproduct_tag&post=65891"}],"curies":[{"name":"wp","href":"https:\/\/api.w.org\/{rel}","templated":true}]}}