{"id":65968,"date":"2021-02-21T18:46:47","date_gmt":"2021-02-21T18:46:47","guid":{"rendered":"https:\/\/www.autonvaraosahaku.fi\/?product=ridex-123b0064-jarrurumpu"},"modified":"2021-02-21T18:46:49","modified_gmt":"2021-02-21T18:46:49","slug":"ridex-123b0064-jarrurumpu","status":"publish","type":"product","link":"https:\/\/www.autonvaraosahaku.fi\/?product=ridex-123b0064-jarrurumpu","title":{"rendered":"RIDEX 123B0064 Jarrurumpu"},"content":{"rendered":"<p>Paino [kg]: 4; Reik\u00e4-\u00d8 [mm]: 61; Rumpul\u00e4pimitta: 180; Jarrurummun ulkol\u00e4pim. [mm]: 216; Suurin mahdollinen rummun sis\u00e4mitta (mm): 181; J-rumpu sis\u00e4leveys [mm]: 32,8; J-rumpu ulkoleveys [mm]: 53,1; Reikien m\u00e4\u00e4r\u00e4: 4; Reik\u00e4ympyr\u00e4-\u00d8 [mm]: 100; Laipan sis\u00e4l\u00e4pimitta [mm]: 61; Korvaava tuote\/korvaava tiedote 2: ilman ABS-sensorirengasta, ilman py\u00f6r\u00e4nlaakeria; Asennuspuoli: Hinterachse; SEAT: CORDOBA 6K1, 6K2,CORDOBA Vario 6K1; NISSAN: MICRA II K11; 432065F011, 432065F012, 432065F013, 432065F014<\/p>\n","protected":false},"excerpt":{"rendered":"<p>RIDEX Jarrurumpu 123B0064  SEAT,NISSAN,CORDOBA 6K1, 6K2,CORDOBA Vario 6K1,MICRA II K11<\/p>\n","protected":false},"featured_media":0,"template":"","meta":{"site-sidebar-layout":"default","site-content-layout":"default","ast-global-header-display":"","ast-main-header-display":"","ast-hfb-above-header-display":"","ast-hfb-below-header-display":"","ast-hfb-mobile-header-display":"","site-post-title":"","ast-breadcrumbs-content":"","ast-featured-img":"","footer-sml-layout":"","theme-transparent-header-meta":"","adv-header-id-meta":"","stick-header-meta":"","header-above-stick-meta":"","header-main-stick-meta":"","header-below-stick-meta":""},"pwb-brand":[157],"product_cat":[304],"product_tag":[],"class_list":{"0":"post-65968","1":"product","2":"type-product","3":"status-publish","5":"pwb-brand-ridex","6":"product_cat-jarrurumpu","7":"desktop-align-left","8":"tablet-align-left","9":"mobile-align-left","11":"first","12":"instock","13":"product-type-external"},"brands":[{"id":157,"name":"RIDEX","slug":"ridex"}],"_links":{"self":[{"href":"https:\/\/www.autonvaraosahaku.fi\/index.php?rest_route=\/wp\/v2\/product\/65968","targetHints":{"allow":["GET"]}}],"collection":[{"href":"https:\/\/www.autonvaraosahaku.fi\/index.php?rest_route=\/wp\/v2\/product"}],"about":[{"href":"https:\/\/www.autonvaraosahaku.fi\/index.php?rest_route=\/wp\/v2\/types\/product"}],"wp:attachment":[{"href":"https:\/\/www.autonvaraosahaku.fi\/index.php?rest_route=%2Fwp%2Fv2%2Fmedia&parent=65968"}],"wp:term":[{"taxonomy":"pwb-brand","embeddable":true,"href":"https:\/\/www.autonvaraosahaku.fi\/index.php?rest_route=%2Fwp%2Fv2%2Fpwb-brand&post=65968"},{"taxonomy":"product_cat","embeddable":true,"href":"https:\/\/www.autonvaraosahaku.fi\/index.php?rest_route=%2Fwp%2Fv2%2Fproduct_cat&post=65968"},{"taxonomy":"product_tag","embeddable":true,"href":"https:\/\/www.autonvaraosahaku.fi\/index.php?rest_route=%2Fwp%2Fv2%2Fproduct_tag&post=65968"}],"curies":[{"name":"wp","href":"https:\/\/api.w.org\/{rel}","templated":true}]}}