{"id":65970,"date":"2021-02-21T18:46:47","date_gmt":"2021-02-21T18:46:47","guid":{"rendered":"https:\/\/www.autonvaraosahaku.fi\/?product=magnum-technology-a9a012mt-iskunvaimentimen-suojakumi-pohjaanlyontikumi"},"modified":"2021-02-21T18:46:50","modified_gmt":"2021-02-21T18:46:50","slug":"magnum-technology-a9a012mt-iskunvaimentimen-suojakumi-pohjaanlyontikumi","status":"publish","type":"product","link":"https:\/\/www.autonvaraosahaku.fi\/?product=magnum-technology-a9a012mt-iskunvaimentimen-suojakumi-pohjaanlyontikumi","title":{"rendered":"Magnum Technology A9A012MT Iskunvaimentimen suojakumi &#038; pohjaanly\u00f6ntikumi"},"content":{"rendered":"<p>Muoto: Py\u00f6re\u00e4; Asennuspuoli: Taka-akseli, Hinterachse; VW: GOLF IV 1J1,GOLF V 1K1,POLO 9N_,GOLF VI 5K1,GOLF PLUS 5M1, 521,GOLF IV Variant 1J5,BORA 1J2,EOS 1F7, 1F8,SCIROCCO 137, 138,BORA Kombi 1J6,JETTA III 1K2,GOLF VI Cabriolet 517,JETTA IV 162, 163,POLO Stufenheck 9A4; AUDI: A3 8L1,A2 8Z0,A3 Cabriolet 8P7; FORD: FIESTA V JH_, JD_,FIESTA VI,FUSION JU_,B-MAX JK,FIESTA VI Van; SKODA: OCTAVIA Combi 1U5,OCTAVIA 1U2; SEAT: LEON 1P1,LEON 1M1,TOLEDO II 1M2; MAZDA: 5 CR19,3 BK,2 DY,2 DE,3 Stufenheck BK; CHEVROLET: KALOS,AVEO Schr\u00e4gheck T250, T255,AVEO Stufenheck T250, T255,KALOS Stufenheck; DAEWOO: KALOS KLAS,KALOS Stufenheck KLAS; P\u00f6lysuojasarja, Iskunvaimennin<\/p>\n","protected":false},"excerpt":{"rendered":"<p>Magnum Technology Iskunvaimentimen Suojakumi A9A012MT P\u00f6lysuojasarja, Iskunvaimennin VW,AUDI,FORD,GOLF IV 1J1,GOLF V 1K1,POLO 9N_,GOLF VI 5K1<\/p>\n","protected":false},"featured_media":0,"template":"","meta":{"site-sidebar-layout":"default","site-content-layout":"default","ast-global-header-display":"","ast-main-header-display":"","ast-hfb-above-header-display":"","ast-hfb-below-header-display":"","ast-hfb-mobile-header-display":"","site-post-title":"","ast-breadcrumbs-content":"","ast-featured-img":"","footer-sml-layout":"","theme-transparent-header-meta":"","adv-header-id-meta":"","stick-header-meta":"","header-above-stick-meta":"","header-main-stick-meta":"","header-below-stick-meta":""},"pwb-brand":[311],"product_cat":[92],"product_tag":[],"class_list":{"0":"post-65970","1":"product","2":"type-product","3":"status-publish","5":"pwb-brand-magnum-technology","6":"product_cat-iskunvaimentimen-suojakumi-pohjaanlyontikumi","7":"desktop-align-left","8":"tablet-align-left","9":"mobile-align-left","11":"first","12":"instock","13":"product-type-external"},"brands":[{"id":311,"name":"Magnum Technology","slug":"magnum-technology"}],"_links":{"self":[{"href":"https:\/\/www.autonvaraosahaku.fi\/index.php?rest_route=\/wp\/v2\/product\/65970","targetHints":{"allow":["GET"]}}],"collection":[{"href":"https:\/\/www.autonvaraosahaku.fi\/index.php?rest_route=\/wp\/v2\/product"}],"about":[{"href":"https:\/\/www.autonvaraosahaku.fi\/index.php?rest_route=\/wp\/v2\/types\/product"}],"wp:attachment":[{"href":"https:\/\/www.autonvaraosahaku.fi\/index.php?rest_route=%2Fwp%2Fv2%2Fmedia&parent=65970"}],"wp:term":[{"taxonomy":"pwb-brand","embeddable":true,"href":"https:\/\/www.autonvaraosahaku.fi\/index.php?rest_route=%2Fwp%2Fv2%2Fpwb-brand&post=65970"},{"taxonomy":"product_cat","embeddable":true,"href":"https:\/\/www.autonvaraosahaku.fi\/index.php?rest_route=%2Fwp%2Fv2%2Fproduct_cat&post=65970"},{"taxonomy":"product_tag","embeddable":true,"href":"https:\/\/www.autonvaraosahaku.fi\/index.php?rest_route=%2Fwp%2Fv2%2Fproduct_tag&post=65970"}],"curies":[{"name":"wp","href":"https:\/\/api.w.org\/{rel}","templated":true}]}}