{"id":66001,"date":"2021-02-21T18:46:57","date_gmt":"2021-02-21T18:46:57","guid":{"rendered":"https:\/\/www.autonvaraosahaku.fi\/?product=beru-gse129-ohjainlaite-lammitys-tuuletus"},"modified":"2021-02-21T18:46:58","modified_gmt":"2021-02-21T18:46:58","slug":"beru-gse129-ohjainlaite-lammitys-tuuletus","status":"publish","type":"product","link":"https:\/\/www.autonvaraosahaku.fi\/?product=beru-gse129-ohjainlaite-lammitys-tuuletus","title":{"rendered":"BERU GSE129 Ohjainlaite l\u00e4mmitys tuuletus"},"content":{"rendered":"<p>Sylinteriluku: 4; J\u00e4nnite (V): 12; Hehkutulppatyyppi: j\u00e4lkihehkutuksenkest\u00e4v\u00e4; Versio: JB1, JB3; OPEL: MOVANO Kasten F9,MOVANO Combi J9; DACIA: SOLENZA; RENAULT: CLIO II BB0\/1\/2_, CB0\/1\/2_,KANGOO KC0\/1_,SC\u00c9NIC I JA0\/1_,ESPACE III JE0_,MEGANE Scenic JA0\/1_,MEGANE I BA0\/1_,MASTER II Kasten FD,KANGOO Express FC0\/1_,MEGANE I Grandtour KA0\/1_,LAGUNA I B56_, 556_,LAGUNA I Grandtour K56_,MEGANE I Classic LA0\/1_,MEGANE I Coach DA0\/1_,MEGANE CC EZ0\/1_,MASTER II Bus JD,CLIO II Kasten SB0\/1\/2_; VAUXHALL: MOVANO Mk I A Van FD,MOVANO Mk I A Combi JD; 6001545516, 7700100703, 7700111525<\/p>\n","protected":false},"excerpt":{"rendered":"<p>BERU Ohjainlaite, Hehkutusj\u00e4rjest. GSE129  OPEL,DACIA,RENAULT,MOVANO Kasten F9,MOVANO Combi J9,SOLENZA,CLIO II BB0\/1\/2_, CB0\/1\/2_,KANGOO KC0\/1_<\/p>\n","protected":false},"featured_media":0,"template":"","meta":{"site-sidebar-layout":"default","site-content-layout":"default","ast-global-header-display":"","ast-main-header-display":"","ast-hfb-above-header-display":"","ast-hfb-below-header-display":"","ast-hfb-mobile-header-display":"","site-post-title":"","ast-breadcrumbs-content":"","ast-featured-img":"","footer-sml-layout":"","theme-transparent-header-meta":"","adv-header-id-meta":"","stick-header-meta":"","header-above-stick-meta":"","header-main-stick-meta":"","header-below-stick-meta":""},"pwb-brand":[327],"product_cat":[262],"product_tag":[],"class_list":{"0":"post-66001","1":"product","2":"type-product","3":"status-publish","5":"pwb-brand-beru","6":"product_cat-ohjainlaite-lammitys-tuuletus","7":"desktop-align-left","8":"tablet-align-left","9":"mobile-align-left","11":"first","12":"instock","13":"product-type-external"},"brands":[{"id":327,"name":"BERU","slug":"beru"}],"_links":{"self":[{"href":"https:\/\/www.autonvaraosahaku.fi\/index.php?rest_route=\/wp\/v2\/product\/66001","targetHints":{"allow":["GET"]}}],"collection":[{"href":"https:\/\/www.autonvaraosahaku.fi\/index.php?rest_route=\/wp\/v2\/product"}],"about":[{"href":"https:\/\/www.autonvaraosahaku.fi\/index.php?rest_route=\/wp\/v2\/types\/product"}],"wp:attachment":[{"href":"https:\/\/www.autonvaraosahaku.fi\/index.php?rest_route=%2Fwp%2Fv2%2Fmedia&parent=66001"}],"wp:term":[{"taxonomy":"pwb-brand","embeddable":true,"href":"https:\/\/www.autonvaraosahaku.fi\/index.php?rest_route=%2Fwp%2Fv2%2Fpwb-brand&post=66001"},{"taxonomy":"product_cat","embeddable":true,"href":"https:\/\/www.autonvaraosahaku.fi\/index.php?rest_route=%2Fwp%2Fv2%2Fproduct_cat&post=66001"},{"taxonomy":"product_tag","embeddable":true,"href":"https:\/\/www.autonvaraosahaku.fi\/index.php?rest_route=%2Fwp%2Fv2%2Fproduct_tag&post=66001"}],"curies":[{"name":"wp","href":"https:\/\/api.w.org\/{rel}","templated":true}]}}