{"id":66004,"date":"2021-02-21T18:46:57","date_gmt":"2021-02-21T18:46:57","guid":{"rendered":"https:\/\/www.autonvaraosahaku.fi\/?product=ngk-91763-sytytystulpat"},"modified":"2021-02-21T18:46:59","modified_gmt":"2021-02-21T18:46:59","slug":"ngk-91763-sytytystulpat","status":"publish","type":"product","link":"https:\/\/www.autonvaraosahaku.fi\/?product=ngk-91763-sytytystulpat","title":{"rendered":"NGK 91763 Sytytystulpat"},"content":{"rendered":"<p>Avainv\u00e4li: 16 mm; Ulkokierre [mm]: 14,0; Kierteen pituus (mm): 19,0; Sytytystulppa: kiinte\u00e4 SAE-liitin, Nikkeli-keskielektrodi, 1-maaelektroodi, H\u00e4iri\u00f6npoisto, 5 k-ohm, suoralla istukalla; Kipin\u00e4et\u00e4isyys [mm]: 5,0; lis\u00e4tieto: V-Line; Moottorinumero: KL  DOHC V6; MAZDA: 323 F VI BJ,PREMACY CP,MPV II LW,626 IV Hatchback GE,FAMILIA VI BJ,B-SERIE UN,XEDOS 9 TA,MX-6 GE,B-SERIE UF; JEEP: COMPASS MK49,CHEROKEE KJ; KIA: CEE&#8217;D SW ED,CEE&#8217;D Schr\u00e4gheck ED,PRO CEE&#8217;D ED,CERATO Stufenheck LD; HONDA: ACCORD VI CG, CK,CIVIC VI Fastback MA, MB,CIVIC VI Aerodeck MB, MC,CR-V I RD,ACCORD VI Hatchback CH,ACCORD VI Coupe CG,CIVIC VI Coupe EJ, EM1; HYUNDAI: i30 FD,i20 PB, PBT,i30 CW FD,ELANTRA Stufenheck HD; SUZUKI: WAGON R; OPEL: CORSA D,VECTRA C GTS; ALFA ROMEO: 159 Sportwagon 939,159 939; DODGE: CALIBER; VAUXHALL: CORSA Mk III D L_8,AGILA Mk I A; 71739867, 71739867, 04887030, 04887030, 71739867, 71739867, 980795514G, 980795514G01, 0F28718110, 1882911050, PS1017, S1882911050, 5860031220, 0F28718110, 1882911050, PS1017, S1882911050, 71739867, 9009866066, 71739867, 000018F287, 1Y0G18110, F28718110, F29318110, F8B318110, 8557171, MD331057, MD362097, MD362098, 1214031, 9009866066; Tulpat,Sytytystulppa<\/p>\n","protected":false},"excerpt":{"rendered":"<p>NGK Sytytystulpat 91763 Tulpat,Sytytystulppa MAZDA,JEEP,KIA,323 F VI BJ,PREMACY CP,MPV II LW,626 IV Hatchback GE,FAMILIA VI BJ,B-SERIE UN,XEDOS 9 TA<\/p>\n","protected":false},"featured_media":0,"template":"","meta":{"site-sidebar-layout":"default","site-content-layout":"default","ast-global-header-display":"","ast-main-header-display":"","ast-hfb-above-header-display":"","ast-hfb-below-header-display":"","ast-hfb-mobile-header-display":"","site-post-title":"","ast-breadcrumbs-content":"","ast-featured-img":"","footer-sml-layout":"","theme-transparent-header-meta":"","adv-header-id-meta":"","stick-header-meta":"","header-above-stick-meta":"","header-main-stick-meta":"","header-below-stick-meta":""},"pwb-brand":[189],"product_cat":[165],"product_tag":[],"class_list":{"0":"post-66004","1":"product","2":"type-product","3":"status-publish","5":"pwb-brand-ngk","6":"product_cat-sytytystulpat","7":"desktop-align-left","8":"tablet-align-left","9":"mobile-align-left","11":"first","12":"instock","13":"product-type-external"},"brands":[{"id":189,"name":"NGK","slug":"ngk"}],"_links":{"self":[{"href":"https:\/\/www.autonvaraosahaku.fi\/index.php?rest_route=\/wp\/v2\/product\/66004","targetHints":{"allow":["GET"]}}],"collection":[{"href":"https:\/\/www.autonvaraosahaku.fi\/index.php?rest_route=\/wp\/v2\/product"}],"about":[{"href":"https:\/\/www.autonvaraosahaku.fi\/index.php?rest_route=\/wp\/v2\/types\/product"}],"wp:attachment":[{"href":"https:\/\/www.autonvaraosahaku.fi\/index.php?rest_route=%2Fwp%2Fv2%2Fmedia&parent=66004"}],"wp:term":[{"taxonomy":"pwb-brand","embeddable":true,"href":"https:\/\/www.autonvaraosahaku.fi\/index.php?rest_route=%2Fwp%2Fv2%2Fpwb-brand&post=66004"},{"taxonomy":"product_cat","embeddable":true,"href":"https:\/\/www.autonvaraosahaku.fi\/index.php?rest_route=%2Fwp%2Fv2%2Fproduct_cat&post=66004"},{"taxonomy":"product_tag","embeddable":true,"href":"https:\/\/www.autonvaraosahaku.fi\/index.php?rest_route=%2Fwp%2Fv2%2Fproduct_tag&post=66004"}],"curies":[{"name":"wp","href":"https:\/\/api.w.org\/{rel}","templated":true}]}}