{"id":66008,"date":"2021-02-21T18:46:57","date_gmt":"2021-02-21T18:46:57","guid":{"rendered":"https:\/\/www.autonvaraosahaku.fi\/?product=ridex-82b1091-jarrulevyt"},"modified":"2021-02-21T18:47:00","modified_gmt":"2021-02-21T18:47:00","slug":"ridex-82b1091-jarrulevyt","status":"publish","type":"product","link":"https:\/\/www.autonvaraosahaku.fi\/?product=ridex-82b1091-jarrulevyt","title":{"rendered":"RIDEX 82B1091 Jarrulevyt"},"content":{"rendered":"<p>Jarrulevyn paksuus (mm): 12; Vanne, aukkoja: 5; Paksuus [mm]: 33,2; Ulkol\u00e4pimitta [mm]: 328; Reik\u00e4ympyr\u00e4-\u00d8 [mm]: 127; Jarrulevytyyppi: Vakiomalli; Asennuspuoli: Taka-akseli; V\u00e4himm\u00e4ispaksuus (mm): 10,4; Paino [kg]: 6,730; keskitt\u00e4misl\u00e4pimitta [mm]: 72,5; Tarvittava kappalem\u00e4\u00e4r\u00e4: 2; Porausreik\u00e4l\u00e4pimitta enint\u00e4\u00e4n [mm]: 14,5; Moottorinumero: 940A5000; CHRYSLER: GRAND VOYAGER V RT; LANCIA: VOYAGER Gro\u00dfraumlimousine RT; FIAT: FREEMONT JF_; DODGE: JOURNEY; 04779713AA, 4779713AA, K04779713AA, 4779713AA, 04779713AA, K04779713AA, K04779713AA; Jarrulevy<\/p>\n","protected":false},"excerpt":{"rendered":"<p>RIDEX Jarrulevyt 82B1091 Jarrulevy CHRYSLER,LANCIA,FIAT,GRAND VOYAGER V RT,VOYAGER Gro\u00dfraumlimousine RT,FREEMONT JF_,JOURNEY<\/p>\n","protected":false},"featured_media":0,"template":"","meta":{"site-sidebar-layout":"default","site-content-layout":"default","ast-global-header-display":"","ast-main-header-display":"","ast-hfb-above-header-display":"","ast-hfb-below-header-display":"","ast-hfb-mobile-header-display":"","site-post-title":"","ast-breadcrumbs-content":"","ast-featured-img":"","footer-sml-layout":"","theme-transparent-header-meta":"","adv-header-id-meta":"","stick-header-meta":"","header-above-stick-meta":"","header-main-stick-meta":"","header-below-stick-meta":""},"pwb-brand":[157],"product_cat":[66],"product_tag":[],"class_list":{"0":"post-66008","1":"product","2":"type-product","3":"status-publish","5":"pwb-brand-ridex","6":"product_cat-jarrulevyt","7":"desktop-align-left","8":"tablet-align-left","9":"mobile-align-left","11":"first","12":"instock","13":"product-type-external"},"brands":[{"id":157,"name":"RIDEX","slug":"ridex"}],"_links":{"self":[{"href":"https:\/\/www.autonvaraosahaku.fi\/index.php?rest_route=\/wp\/v2\/product\/66008","targetHints":{"allow":["GET"]}}],"collection":[{"href":"https:\/\/www.autonvaraosahaku.fi\/index.php?rest_route=\/wp\/v2\/product"}],"about":[{"href":"https:\/\/www.autonvaraosahaku.fi\/index.php?rest_route=\/wp\/v2\/types\/product"}],"wp:attachment":[{"href":"https:\/\/www.autonvaraosahaku.fi\/index.php?rest_route=%2Fwp%2Fv2%2Fmedia&parent=66008"}],"wp:term":[{"taxonomy":"pwb-brand","embeddable":true,"href":"https:\/\/www.autonvaraosahaku.fi\/index.php?rest_route=%2Fwp%2Fv2%2Fpwb-brand&post=66008"},{"taxonomy":"product_cat","embeddable":true,"href":"https:\/\/www.autonvaraosahaku.fi\/index.php?rest_route=%2Fwp%2Fv2%2Fproduct_cat&post=66008"},{"taxonomy":"product_tag","embeddable":true,"href":"https:\/\/www.autonvaraosahaku.fi\/index.php?rest_route=%2Fwp%2Fv2%2Fproduct_tag&post=66008"}],"curies":[{"name":"wp","href":"https:\/\/api.w.org\/{rel}","templated":true}]}}