{"id":66029,"date":"2021-02-21T18:47:02","date_gmt":"2021-02-21T18:47:02","guid":{"rendered":"https:\/\/www.autonvaraosahaku.fi\/?product=elring-119-504-kierretulppa"},"modified":"2021-02-21T18:47:05","modified_gmt":"2021-02-21T18:47:05","slug":"elring-119-504-kierretulppa","status":"publish","type":"product","link":"https:\/\/www.autonvaraosahaku.fi\/?product=elring-119-504-kierretulppa","title":{"rendered":"ELRING 119.504 Kierretulppa"},"content":{"rendered":"<p>Sis\u00e4l\u00e4pimitta [mm]: 16; Ulkol\u00e4pimitta [mm]: 22; Paksuus [mm]: 1,5; Materiaali: Kupari; Muoto: A-muoto; DIN \/ ISO: 7603; Vaihtoehtoinen korjaussarja: 017.671, 017.655, 505.550, 505.540; VOLVO: 240 Kombi P245,240 P242, P244,760 704, 764,960 Kombi 965,760 Kombi 704, 765,960 964,260 P262, P264,260 Coupe P262,260 Kombi P265,780; MERCEDES-BENZ: ACTROS MP4 \/ MP5,ANTOS,AROCS,ATEGO 3,ECONIC 2,INTEGRO (O 550),INTOURO,UNIMOG; SETRA: Series 400,Series 500; 234032237, N0138481, 07119963276, ZD9247800U, 0322364, 10257060, 10263360, 4858609, 06561900709, 007603016103, 11022873, 2091015, 93190411, N0138481, 0855150600, 7701066506, 0003207373, 0946721304, 5000114058, 5000274824, 7703062006, N0138481, N0138481, 119966, 119974, 12180253, N0138481; Tiiviste, \u00d6ljynlaskutulppa<\/p>\n","protected":false},"excerpt":{"rendered":"<p>ELRING \u00d6ljytulpan Tiiviste 119.504 Tiiviste, \u00d6ljynlaskutulppa VOLVO,MERCEDES-BENZ,SETRA,240 Kombi P245,240 P242, P244,760 704, 764,960 Kombi 965<\/p>\n","protected":false},"featured_media":0,"template":"","meta":{"site-sidebar-layout":"default","site-content-layout":"default","ast-global-header-display":"","ast-main-header-display":"","ast-hfb-above-header-display":"","ast-hfb-below-header-display":"","ast-hfb-mobile-header-display":"","site-post-title":"","ast-breadcrumbs-content":"","ast-featured-img":"","footer-sml-layout":"","theme-transparent-header-meta":"","adv-header-id-meta":"","stick-header-meta":"","header-above-stick-meta":"","header-main-stick-meta":"","header-below-stick-meta":""},"pwb-brand":[26],"product_cat":[40],"product_tag":[],"class_list":{"0":"post-66029","1":"product","2":"type-product","3":"status-publish","5":"pwb-brand-elring","6":"product_cat-kierretulppa","7":"desktop-align-left","8":"tablet-align-left","9":"mobile-align-left","11":"first","12":"instock","13":"product-type-external"},"brands":[{"id":26,"name":"ELRING","slug":"elring"}],"_links":{"self":[{"href":"https:\/\/www.autonvaraosahaku.fi\/index.php?rest_route=\/wp\/v2\/product\/66029","targetHints":{"allow":["GET"]}}],"collection":[{"href":"https:\/\/www.autonvaraosahaku.fi\/index.php?rest_route=\/wp\/v2\/product"}],"about":[{"href":"https:\/\/www.autonvaraosahaku.fi\/index.php?rest_route=\/wp\/v2\/types\/product"}],"wp:attachment":[{"href":"https:\/\/www.autonvaraosahaku.fi\/index.php?rest_route=%2Fwp%2Fv2%2Fmedia&parent=66029"}],"wp:term":[{"taxonomy":"pwb-brand","embeddable":true,"href":"https:\/\/www.autonvaraosahaku.fi\/index.php?rest_route=%2Fwp%2Fv2%2Fpwb-brand&post=66029"},{"taxonomy":"product_cat","embeddable":true,"href":"https:\/\/www.autonvaraosahaku.fi\/index.php?rest_route=%2Fwp%2Fv2%2Fproduct_cat&post=66029"},{"taxonomy":"product_tag","embeddable":true,"href":"https:\/\/www.autonvaraosahaku.fi\/index.php?rest_route=%2Fwp%2Fv2%2Fproduct_tag&post=66029"}],"curies":[{"name":"wp","href":"https:\/\/api.w.org\/{rel}","templated":true}]}}