{"id":66116,"date":"2021-02-21T18:47:26","date_gmt":"2021-02-21T18:47:26","guid":{"rendered":"https:\/\/www.autonvaraosahaku.fi\/?product=hengst-filter-h90w01-oljynsuodatin"},"modified":"2021-02-21T18:47:30","modified_gmt":"2021-02-21T18:47:30","slug":"hengst-filter-h90w01-oljynsuodatin","status":"publish","type":"product","link":"https:\/\/www.autonvaraosahaku.fi\/?product=hengst-filter-h90w01-oljynsuodatin","title":{"rendered":"HENGST FILTER H90W01 \u00d6ljynsuodatin"},"content":{"rendered":"<p>Suodatintyyppi: Ruuvattava suodatin; Ulkol\u00e4pimitta [mm]: 76,0; Tiivisteen l\u00e4pimitta [mm]: 71,0; Kierremitta: 3\/4-16 UNF; Korkeus (mm): 79,0; Valmistusvuosi alkaen: 09\/1970; OPEL: OMEGA A 16_, 17_, 19_,KADETT E CC 33_, 34_, 43_, 44_,CORSA A CC 93_, 94_, 98_, 99_,FRONTERA A 5_MWL4,KADETT C Coupe,MANTA B 58_, 59_,KADETT B,MONZA A 22_,KADETT C,OPEL,ASCONA B 81_, 86_, 87_, 88_,ASCONA C 81_, 86_, 87_, 88_,REKORD E 17_-19_, 11_, 14_, 16_,SENATOR A 29_,MANTA A 58_, 59_,OMEGA A Caravan 66_, 67_,CORSA A TR 91_, 92_, 96_, 97_,REKORD C,KADETT D 31_-34_, 41_-44_,KADETT E 39_, 49_,KADETT B Coupe,ASCONA C CC 84_, 89_,REKORD D,REKORD P2,KADETT E Caravan 35_, 36_, 45_, 46_,ASCONA A 81_, 86_, 87_, 88_,MANTA B CC 53_, 55_,KADETT C City,REKORD A,REKORD C Coupe,KADETT A,REKORD B,REKORD E Caravan 61_, 66_, 67_,KADETT D 32_,37_,39, _42,REKORD D Coupe,KADETT C Caravan,KADETT B Caravan,REKORD C Caravan,KADETT A Coupe,KADETT D Caravan 35_, 36_, 45_, 46_,CORSA A Kasten,KADETT E Kasten 37_, 47_,REKORD D Caravan,REKORD B Coupe,ASCONA A Voyage 84_, 89_,KADETT E Combo 38_, 48_,REKORD B Caravan,KADETT A Caravan; ROVER: MINI,MINI Cabriolet XN,MINI-MOKE; FORD: CAPRI III GECP,ESCORT II ATH,ESCORT I AFH, ATH,CAPRI II GECP,ESCORT II Kombi,ESCORT I Kombi ADH; MG: MIDGET,METRO; VAUXHALL: CHEVETTE,CHEVETTE CC,ASTRA Mk II CC,FRONTERA Mk I A,CAVALIER Mk II CC,NOVA,NOVA CC; INNOCENTI: MINI; BEDFORD: BLITZ CF97; AUSTIN: MINI,METRO,ALLEGRO Schr\u00e4gheck ADO 67,PRINCESS; 7884256, 7965051, 7973235, 7973429, 7984256, MLS000155, 1457512, 1462805, 1498014, 1536304, 1553370, 1555370, 1559937, 5002530, 5003329, 5003331, 5003930, 5003968, 5004926, 5011780, 5011782, 5013143, 5013319, 6041176, A700X6714AA, 38186376, 09281199, 2866477VP, 650352, 650364, 650370, 650371, 650373, 650400, 90027778, 9281199, 1109C5, 7701415069, 12G2400, 12G2400EVA, 5081070030, 50810787, 650364, 650365, 6696776, 7884256, 7965051, 7973235, 7973429, 7984256, 90027778, 93156299, VOF136<\/p>\n","protected":false},"excerpt":{"rendered":"<p>HENGST FILTER \u00d6ljynsuodatin H90W01  OPEL,ROVER,FORD,OMEGA A 16_, 17_, 19_,KADETT E CC 33_, 34_, 43_, 44_,CORSA A CC 93_, 94_, 98_, 99_<\/p>\n","protected":false},"featured_media":0,"template":"","meta":{"site-sidebar-layout":"default","site-content-layout":"default","ast-global-header-display":"","ast-main-header-display":"","ast-hfb-above-header-display":"","ast-hfb-below-header-display":"","ast-hfb-mobile-header-display":"","site-post-title":"","ast-breadcrumbs-content":"","ast-featured-img":"","footer-sml-layout":"","theme-transparent-header-meta":"","adv-header-id-meta":"","stick-header-meta":"","header-above-stick-meta":"","header-main-stick-meta":"","header-below-stick-meta":""},"pwb-brand":[336],"product_cat":[30],"product_tag":[],"class_list":{"0":"post-66116","1":"product","2":"type-product","3":"status-publish","5":"pwb-brand-hengst-filter","6":"product_cat-oljynsuodatin","7":"desktop-align-left","8":"tablet-align-left","9":"mobile-align-left","11":"first","12":"instock","13":"product-type-external"},"brands":[{"id":336,"name":"HENGST FILTER","slug":"hengst-filter"}],"_links":{"self":[{"href":"https:\/\/www.autonvaraosahaku.fi\/index.php?rest_route=\/wp\/v2\/product\/66116","targetHints":{"allow":["GET"]}}],"collection":[{"href":"https:\/\/www.autonvaraosahaku.fi\/index.php?rest_route=\/wp\/v2\/product"}],"about":[{"href":"https:\/\/www.autonvaraosahaku.fi\/index.php?rest_route=\/wp\/v2\/types\/product"}],"wp:attachment":[{"href":"https:\/\/www.autonvaraosahaku.fi\/index.php?rest_route=%2Fwp%2Fv2%2Fmedia&parent=66116"}],"wp:term":[{"taxonomy":"pwb-brand","embeddable":true,"href":"https:\/\/www.autonvaraosahaku.fi\/index.php?rest_route=%2Fwp%2Fv2%2Fpwb-brand&post=66116"},{"taxonomy":"product_cat","embeddable":true,"href":"https:\/\/www.autonvaraosahaku.fi\/index.php?rest_route=%2Fwp%2Fv2%2Fproduct_cat&post=66116"},{"taxonomy":"product_tag","embeddable":true,"href":"https:\/\/www.autonvaraosahaku.fi\/index.php?rest_route=%2Fwp%2Fv2%2Fproduct_tag&post=66116"}],"curies":[{"name":"wp","href":"https:\/\/api.w.org\/{rel}","templated":true}]}}