{"id":66133,"date":"2021-02-21T18:47:32","date_gmt":"2021-02-21T18:47:32","guid":{"rendered":"https:\/\/www.autonvaraosahaku.fi\/?product=sidem-863904-kallistuksenvakaajan-puslat"},"modified":"2021-02-21T18:47:35","modified_gmt":"2021-02-21T18:47:35","slug":"sidem-863904-kallistuksenvakaajan-puslat","status":"publish","type":"product","link":"https:\/\/www.autonvaraosahaku.fi\/?product=sidem-863904-kallistuksenvakaajan-puslat","title":{"rendered":"SIDEM 863904 Kallistuksenvakaajan puslat"},"content":{"rendered":"<p>Asennuspuoli: Taka-akseli, molemminpuolinen; Kokonaispituus (mm): 40; Sis\u00e4l\u00e4pimitta [mm]: 19,5; L\u00e4pimitta 4 [mm]: 22; VW: TOURAN 1T1, 1T2,GOLF VI 5K1,PASSAT Variant 3C5,GOLF PLUS 5M1, 521,PASSAT 3C2,TIGUAN 5N_,PASSAT Variant 365,TOURAN 1T3,GOLF VI Variant AJ5,EOS 1F7, 1F8,SCIROCCO 137, 138,PASSAT CC 357,PASSAT 362,CC 358,PASSAT ALLTRACK 365; AUDI: Q3 8U,A8 4H_; SKODA: OCTAVIA Combi 1Z5,SUPERB Kombi 3T5,OCTAVIA 1Z3,SUPERB 3T4; SEAT: LEON 1P1,ALTEA 5P1,ALTEA XL 5P5, 5P8; 1K0511327AS, 1K0511327AS, 1K0511327AS, 1K0511327AS; Kallistuksenvakaajan Kumit,Vakaajan Hela<\/p>\n","protected":false},"excerpt":{"rendered":"<p>SIDEM Kallistuksenvakaajan Puslat 863904 Kallistuksenvakaajan Kumit,Vakaajan Hela VW,AUDI,SKODA,TOURAN 1T1, 1T2,GOLF VI 5K1,PASSAT Variant 3C5<\/p>\n","protected":false},"featured_media":0,"template":"","meta":{"site-sidebar-layout":"default","site-content-layout":"default","ast-global-header-display":"","ast-main-header-display":"","ast-hfb-above-header-display":"","ast-hfb-below-header-display":"","ast-hfb-mobile-header-display":"","site-post-title":"","ast-breadcrumbs-content":"","ast-featured-img":"","footer-sml-layout":"","theme-transparent-header-meta":"","adv-header-id-meta":"","stick-header-meta":"","header-above-stick-meta":"","header-main-stick-meta":"","header-below-stick-meta":""},"pwb-brand":[195],"product_cat":[82],"product_tag":[],"class_list":{"0":"post-66133","1":"product","2":"type-product","3":"status-publish","5":"pwb-brand-sidem","6":"product_cat-kallistuksenvakaajan-puslat","7":"desktop-align-left","8":"tablet-align-left","9":"mobile-align-left","11":"first","12":"instock","13":"product-type-external"},"brands":[{"id":195,"name":"SIDEM","slug":"sidem"}],"_links":{"self":[{"href":"https:\/\/www.autonvaraosahaku.fi\/index.php?rest_route=\/wp\/v2\/product\/66133","targetHints":{"allow":["GET"]}}],"collection":[{"href":"https:\/\/www.autonvaraosahaku.fi\/index.php?rest_route=\/wp\/v2\/product"}],"about":[{"href":"https:\/\/www.autonvaraosahaku.fi\/index.php?rest_route=\/wp\/v2\/types\/product"}],"wp:attachment":[{"href":"https:\/\/www.autonvaraosahaku.fi\/index.php?rest_route=%2Fwp%2Fv2%2Fmedia&parent=66133"}],"wp:term":[{"taxonomy":"pwb-brand","embeddable":true,"href":"https:\/\/www.autonvaraosahaku.fi\/index.php?rest_route=%2Fwp%2Fv2%2Fpwb-brand&post=66133"},{"taxonomy":"product_cat","embeddable":true,"href":"https:\/\/www.autonvaraosahaku.fi\/index.php?rest_route=%2Fwp%2Fv2%2Fproduct_cat&post=66133"},{"taxonomy":"product_tag","embeddable":true,"href":"https:\/\/www.autonvaraosahaku.fi\/index.php?rest_route=%2Fwp%2Fv2%2Fproduct_tag&post=66133"}],"curies":[{"name":"wp","href":"https:\/\/api.w.org\/{rel}","templated":true}]}}