{"id":66150,"date":"2021-02-21T18:47:37","date_gmt":"2021-02-21T18:47:37","guid":{"rendered":"https:\/\/www.autonvaraosahaku.fi\/?product=japanparts-fa-101s-ilmansuodatin"},"modified":"2021-02-21T18:47:40","modified_gmt":"2021-02-21T18:47:40","slug":"japanparts-fa-101s-ilmansuodatin","status":"publish","type":"product","link":"https:\/\/www.autonvaraosahaku.fi\/?product=japanparts-fa-101s-ilmansuodatin","title":{"rendered":"JAPANPARTS FA-101S Ilmansuodatin"},"content":{"rendered":"<p>Korkeus (mm): 61; Ulkol\u00e4pimitta [mm]: 257,2; Sis\u00e4l\u00e4pimitta [mm]: 201; Valmistusvuosi alkaen: 06\/1980; NISSAN: PICK UP D22,PICK UP D21,TERRANO I WD21,PATROL Hardtop K160,PATROL Hardtop K260,PATROL Station Wagon W160,PICK UP 720,LAUREL JC31,LAUREL HLC230,BLUEBIRD 910,BLUEBIRD B610,DATSUN 160 J 710, A10,BLUEBIRD Traveller W910,DATSUN 180 B PL810,BLUEBIRD Stufenheck 910; OPEL: CAMPO TF_; VAUXHALL: BRAVA Pick-up; ISUZU: TROOPER Soft Top UBS,CAMPO KB,IMPULSE,GEMINI Stufenheck; 4312537, 4316047, 4316740, 4317577, 4318007, 4318337, 894148980, 8942035360, 894206007, 8942060070, 8942466990, 1654616800, 1654623000, 16546L0700, 16546S0100, 5142150030, 8941489800, 894206007, 940239058, 942060070, 04318010, 4318010, 94206007, 94023905, 94206007<\/p>\n","protected":false},"excerpt":{"rendered":"<p>JAPANPARTS Ilmansuodatin FA-101S  NISSAN,OPEL,VAUXHALL,PICK UP D22,PICK UP D21,TERRANO I WD21,PATROL Hardtop K160,PATROL Hardtop K260<\/p>\n","protected":false},"featured_media":0,"template":"","meta":{"site-sidebar-layout":"default","site-content-layout":"default","ast-global-header-display":"","ast-main-header-display":"","ast-hfb-above-header-display":"","ast-hfb-below-header-display":"","ast-hfb-mobile-header-display":"","site-post-title":"","ast-breadcrumbs-content":"","ast-featured-img":"","footer-sml-layout":"","theme-transparent-header-meta":"","adv-header-id-meta":"","stick-header-meta":"","header-above-stick-meta":"","header-main-stick-meta":"","header-below-stick-meta":""},"pwb-brand":[334],"product_cat":[31],"product_tag":[],"class_list":{"0":"post-66150","1":"product","2":"type-product","3":"status-publish","5":"pwb-brand-japanparts","6":"product_cat-ilmansuodatin","7":"desktop-align-left","8":"tablet-align-left","9":"mobile-align-left","11":"first","12":"instock","13":"product-type-external"},"brands":[{"id":334,"name":"JAPANPARTS","slug":"japanparts"}],"_links":{"self":[{"href":"https:\/\/www.autonvaraosahaku.fi\/index.php?rest_route=\/wp\/v2\/product\/66150","targetHints":{"allow":["GET"]}}],"collection":[{"href":"https:\/\/www.autonvaraosahaku.fi\/index.php?rest_route=\/wp\/v2\/product"}],"about":[{"href":"https:\/\/www.autonvaraosahaku.fi\/index.php?rest_route=\/wp\/v2\/types\/product"}],"wp:attachment":[{"href":"https:\/\/www.autonvaraosahaku.fi\/index.php?rest_route=%2Fwp%2Fv2%2Fmedia&parent=66150"}],"wp:term":[{"taxonomy":"pwb-brand","embeddable":true,"href":"https:\/\/www.autonvaraosahaku.fi\/index.php?rest_route=%2Fwp%2Fv2%2Fpwb-brand&post=66150"},{"taxonomy":"product_cat","embeddable":true,"href":"https:\/\/www.autonvaraosahaku.fi\/index.php?rest_route=%2Fwp%2Fv2%2Fproduct_cat&post=66150"},{"taxonomy":"product_tag","embeddable":true,"href":"https:\/\/www.autonvaraosahaku.fi\/index.php?rest_route=%2Fwp%2Fv2%2Fproduct_tag&post=66150"}],"curies":[{"name":"wp","href":"https:\/\/api.w.org\/{rel}","templated":true}]}}