{"id":66154,"date":"2021-02-21T18:47:37","date_gmt":"2021-02-21T18:47:37","guid":{"rendered":"https:\/\/www.autonvaraosahaku.fi\/?product=swag-99-90-1214-pyoranpultit"},"modified":"2021-02-21T18:47:41","modified_gmt":"2021-02-21T18:47:41","slug":"swag-99-90-1214-pyoranpultit","status":"publish","type":"product","link":"https:\/\/www.autonvaraosahaku.fi\/?product=swag-99-90-1214-pyoranpultit","title":{"rendered":"SWAG 99 90 1214 Py\u00f6r\u00e4npultit"},"content":{"rendered":"<p>Paksuus [mm]: 20,0; Ulkol\u00e4pimitta [mm]: 25,5; Sis\u00e4kierre (mm): M14 x 1,5; Laatu \/ luokka: 8; Avainv\u00e4li: 19; Ruuvikanta\/mutteriprofiili: Kuusioruuvi \/-mutteri; Py\u00f6r\u00e4n kiinnitys: Kuula istukka A\/G; DIN \/ ISO: 74361; Materiaali: Ter\u00e4s; Pinta: Fosfatoitu; Paino [kg]: 0,033; Huomioi huolto-ohjeet: , ; Asennuspuoli: Hinterachse; VW: TRANSPORTER III Bus,LT 28-35 I Kasten 281-363,LT 28-35 I Bus 281-363,TRANSPORTER III Kasten,TRANSPORTER II Bus,LT 28-35 I Pritsche\/Fahrgestell 281-363,TRANSPORTER III Pritsche\/Fahrgestell,TRANSPORTER I Bus 22, 24, 25, 28,TRANSPORTER II Kasten,TRANSPORTER II Pritsche\/Fahrgestell; PORSCHE: 924,911,914,911 Targa,356 Coupe,356 Cabriolet\/Speedster; 074361014101, 6084010072, A074361014101, A6084010072, 90018200101, N0201121, N0201121, N0201122; Py\u00f6r\u00e4n Mutteri<\/p>\n","protected":false},"excerpt":{"rendered":"<p>SWAG Py\u00f6r\u00e4nmutterit 99 90 1214 Py\u00f6r\u00e4n Mutteri VW,PORSCHE,TRANSPORTER III Bus,LT 28-35 I Kasten 281-363,LT 28-35 I Bus 281-363,TRANSPORTER III Kasten<\/p>\n","protected":false},"featured_media":0,"template":"","meta":{"site-sidebar-layout":"default","site-content-layout":"default","ast-global-header-display":"","ast-main-header-display":"","ast-hfb-above-header-display":"","ast-hfb-below-header-display":"","ast-hfb-mobile-header-display":"","site-post-title":"","ast-breadcrumbs-content":"","ast-featured-img":"","footer-sml-layout":"","theme-transparent-header-meta":"","adv-header-id-meta":"","stick-header-meta":"","header-above-stick-meta":"","header-main-stick-meta":"","header-below-stick-meta":""},"pwb-brand":[103],"product_cat":[51],"product_tag":[],"class_list":{"0":"post-66154","1":"product","2":"type-product","3":"status-publish","5":"pwb-brand-swag","6":"product_cat-pyoranpultit","7":"desktop-align-left","8":"tablet-align-left","9":"mobile-align-left","11":"first","12":"instock","13":"product-type-external"},"brands":[{"id":103,"name":"SWAG","slug":"swag"}],"_links":{"self":[{"href":"https:\/\/www.autonvaraosahaku.fi\/index.php?rest_route=\/wp\/v2\/product\/66154","targetHints":{"allow":["GET"]}}],"collection":[{"href":"https:\/\/www.autonvaraosahaku.fi\/index.php?rest_route=\/wp\/v2\/product"}],"about":[{"href":"https:\/\/www.autonvaraosahaku.fi\/index.php?rest_route=\/wp\/v2\/types\/product"}],"wp:attachment":[{"href":"https:\/\/www.autonvaraosahaku.fi\/index.php?rest_route=%2Fwp%2Fv2%2Fmedia&parent=66154"}],"wp:term":[{"taxonomy":"pwb-brand","embeddable":true,"href":"https:\/\/www.autonvaraosahaku.fi\/index.php?rest_route=%2Fwp%2Fv2%2Fpwb-brand&post=66154"},{"taxonomy":"product_cat","embeddable":true,"href":"https:\/\/www.autonvaraosahaku.fi\/index.php?rest_route=%2Fwp%2Fv2%2Fproduct_cat&post=66154"},{"taxonomy":"product_tag","embeddable":true,"href":"https:\/\/www.autonvaraosahaku.fi\/index.php?rest_route=%2Fwp%2Fv2%2Fproduct_tag&post=66154"}],"curies":[{"name":"wp","href":"https:\/\/api.w.org\/{rel}","templated":true}]}}