{"id":66157,"date":"2021-02-21T18:47:37","date_gmt":"2021-02-21T18:47:37","guid":{"rendered":"https:\/\/www.autonvaraosahaku.fi\/?product=denckermann-b110055-jarrupalat"},"modified":"2021-02-21T18:47:41","modified_gmt":"2021-02-21T18:47:41","slug":"denckermann-b110055-jarrupalat","status":"publish","type":"product","link":"https:\/\/www.autonvaraosahaku.fi\/?product=denckermann-b110055-jarrupalat","title":{"rendered":"DENCKERMANN B110055 Jarrupalat"},"content":{"rendered":"<p>Asennuspuoli: Etuakseli; Jarruj\u00e4rjestelm\u00e4: TEVES, TEVES; Korkeus (mm): 57,6; Paksuus [mm]: 16,8; M\u00e4\u00e4r\u00e4yksikk\u00f6: Akselisarja; Valmistusvuosi alkaen: 05\/1997; BMW: 3 E46,3 Touring E46,3 Compact E46,3 Coupe E46,3 Compact E36,3 E36,3 Cabriolet E46,3 Coupe E36,Z3 E36,Z4 E85,3 Cabriolet E36,3 Touring E36,Z3 Coupe E36; 34111160356, 34111161437, 34111161445, 34111163850, 34111164737, 34111165555, 34111165556, 34111165557, 34112157570, 34112157571, 34116752482, 34116752731, 34119070047; Jarrupalasarja,Jarrupala, Levyjarru<\/p>\n","protected":false},"excerpt":{"rendered":"<p>DENCKERMANN Jarrupalat B110055 Jarrupalasarja,Jarrupala, Levyjarru BMW,3 E46,3 Touring E46,3 Compact E46,3 Coupe E46,3 Compact E36,3 E36<\/p>\n","protected":false},"featured_media":0,"template":"","meta":{"site-sidebar-layout":"default","site-content-layout":"default","ast-global-header-display":"","ast-main-header-display":"","ast-hfb-above-header-display":"","ast-hfb-below-header-display":"","ast-hfb-mobile-header-display":"","site-post-title":"","ast-breadcrumbs-content":"","ast-featured-img":"","footer-sml-layout":"","theme-transparent-header-meta":"","adv-header-id-meta":"","stick-header-meta":"","header-above-stick-meta":"","header-main-stick-meta":"","header-below-stick-meta":""},"pwb-brand":[291],"product_cat":[100],"product_tag":[],"class_list":{"0":"post-66157","1":"product","2":"type-product","3":"status-publish","5":"pwb-brand-denckermann","6":"product_cat-jarrupalat","7":"desktop-align-left","8":"tablet-align-left","9":"mobile-align-left","11":"first","12":"instock","13":"product-type-external"},"brands":[{"id":291,"name":"DENCKERMANN","slug":"denckermann"}],"_links":{"self":[{"href":"https:\/\/www.autonvaraosahaku.fi\/index.php?rest_route=\/wp\/v2\/product\/66157","targetHints":{"allow":["GET"]}}],"collection":[{"href":"https:\/\/www.autonvaraosahaku.fi\/index.php?rest_route=\/wp\/v2\/product"}],"about":[{"href":"https:\/\/www.autonvaraosahaku.fi\/index.php?rest_route=\/wp\/v2\/types\/product"}],"wp:attachment":[{"href":"https:\/\/www.autonvaraosahaku.fi\/index.php?rest_route=%2Fwp%2Fv2%2Fmedia&parent=66157"}],"wp:term":[{"taxonomy":"pwb-brand","embeddable":true,"href":"https:\/\/www.autonvaraosahaku.fi\/index.php?rest_route=%2Fwp%2Fv2%2Fpwb-brand&post=66157"},{"taxonomy":"product_cat","embeddable":true,"href":"https:\/\/www.autonvaraosahaku.fi\/index.php?rest_route=%2Fwp%2Fv2%2Fproduct_cat&post=66157"},{"taxonomy":"product_tag","embeddable":true,"href":"https:\/\/www.autonvaraosahaku.fi\/index.php?rest_route=%2Fwp%2Fv2%2Fproduct_tag&post=66157"}],"curies":[{"name":"wp","href":"https:\/\/api.w.org\/{rel}","templated":true}]}}