{"id":66160,"date":"2021-02-21T18:47:42","date_gmt":"2021-02-21T18:47:42","guid":{"rendered":"https:\/\/www.autonvaraosahaku.fi\/?product=mahle-original-oc-384-oljynsuodatin"},"modified":"2021-02-21T18:47:43","modified_gmt":"2021-02-21T18:47:43","slug":"mahle-original-oc-384-oljynsuodatin","status":"publish","type":"product","link":"https:\/\/www.autonvaraosahaku.fi\/?product=mahle-original-oc-384-oljynsuodatin","title":{"rendered":"MAHLE ORIGINAL OC 384 \u00d6ljynsuodatin"},"content":{"rendered":"<p>Suodatintyyppi: Ruuvattava suodatin; L\u00e4pimitta [mm]: 86,5; Korkeus (mm): 74,0; Ulkol\u00e4pimitta 2 [mm]: 72,0; Sis\u00e4l\u00e4pimitta 2 [mm]: 62,0; Liitinkierre: 3\/4-16UNF-2B; Kiristysmomentti: 20; Suositellun erikoisty\u00f6kalun tuotenumero: OCS 3, OCS 3; Vasen \/ oikea liikenne: f\u00fcr Rechtslenker; LADA: NIVA 2121,NIVA II 2123,KALINA Kombi 1117,KALINA Schr\u00e4gheck 1119,111 2111,110 2110,SAMARA 2108, 2109, 2115, 2113, 2114,PRIORA Kombi 2171,NOVA 2105,KALINA Stufenheck 1118,GRANTA 2190,112 2112,PRIORA Schr\u00e4gheck 2172,NOVA Kombi 2104,SAMARA Stufenheck 21099, 2115,VESTA,VESTA SW; SEAT: 124,124 Kombi; LANCIA: DELTA I 831AB0,BETA Coupe 828BC,Y10 156,BETA  H.P.E. 828BF,TREVI 828DB; DACIA: 1310 Stufenheck U, X,1300,1410 Kombi; FORD: SIERRA GBG, GB4,SIERRA Schr\u00e4gheck GBC, GBG,SCORPIO I GAE, GGE,SIERRA Schr\u00e4gheck GBC,SCORPIO I Stufenheck GGE,SIERRA Kombi BNG,SCORPIO I Kombi GGE,SIERRA Kombi BNC; RENAULT: 12,16 115_,25 B29_,8 113_,MASTER I Kasten T__,TRAFIC Kasten T1, T3, T4,TRAFIC Bus T5, T6, T7,18 134_,18 Variable 135_,10 119_,30 127_,FUEGO 136_,12 Variable 117_,MASTER I Bus T__,ESTAFETTE 213_,20 127_,TRAFIC Pritsche\/Fahrgestell P6,MASTER I Pritsche\/Fahrgestell P__,14 121_; ARO: 10; ALPINE: A310,A110; AUTOBIANCHI: Y10; RENAULT TRUCKS: C,G,MAJOR,MANAGER,MAXTER,R,TBH; 224788, 0000005951891, 0007032389, 5951891, 7032389, 0542957, 1498018, 1641158, 5004930, 5005097, 5005805, 5006946, 5012035, 5012040, 5013146, 5024424, 542957, 6063340, 78TM6714BA, 89HX6714AA, A700X6714EA, A780X6714JA, A780X6714RA, A790X6714KA, A800X6714CA, A8306714ATA, A830X6714ALA, A840X6714AAA, EFL050, EFL253, EFL298, EFL38, EFL50, V86HF6714AA, 7984225, 21051012005, 2105101200501, 21081012005, 2108101200507, 2108101200508, RTC3173, 0008547327, 0008548979, 0008558910, 0855823800, 5000789125, 6000100351, 7100542086, 7700542086, 7700542286, 7700553733, 7700638170, 7700638670, 7700638818, 7700646761, 7700651432, 7700673219, 7701031111, 7701348023, 7701348107, 7701348110, 7701365661, 7701542286, 8547327, 8548979, 8557830, 855823800, 8558910, 8558912, 0008547327, 0008548979, 0008558910, 0855823800, 5000789225, 7700553733, 8547327, 8548979, 855823800, 8558910, VOF97, 7897321<\/p>\n","protected":false},"excerpt":{"rendered":"<p>MAHLE ORIGINAL \u00d6ljynsuodatin OC 384  LADA,SEAT,LANCIA,NIVA 2121,NIVA II 2123,KALINA Kombi 1117,KALINA Schr\u00e4gheck 1119,111 2111,110 2110<\/p>\n","protected":false},"featured_media":0,"template":"","meta":{"site-sidebar-layout":"default","site-content-layout":"default","ast-global-header-display":"","ast-main-header-display":"","ast-hfb-above-header-display":"","ast-hfb-below-header-display":"","ast-hfb-mobile-header-display":"","site-post-title":"","ast-breadcrumbs-content":"","ast-featured-img":"","footer-sml-layout":"","theme-transparent-header-meta":"","adv-header-id-meta":"","stick-header-meta":"","header-above-stick-meta":"","header-main-stick-meta":"","header-below-stick-meta":""},"pwb-brand":[153],"product_cat":[30],"product_tag":[],"class_list":{"0":"post-66160","1":"product","2":"type-product","3":"status-publish","5":"pwb-brand-mahle-original","6":"product_cat-oljynsuodatin","7":"desktop-align-left","8":"tablet-align-left","9":"mobile-align-left","11":"first","12":"instock","13":"product-type-external"},"brands":[{"id":153,"name":"MAHLE ORIGINAL","slug":"mahle-original"}],"_links":{"self":[{"href":"https:\/\/www.autonvaraosahaku.fi\/index.php?rest_route=\/wp\/v2\/product\/66160","targetHints":{"allow":["GET"]}}],"collection":[{"href":"https:\/\/www.autonvaraosahaku.fi\/index.php?rest_route=\/wp\/v2\/product"}],"about":[{"href":"https:\/\/www.autonvaraosahaku.fi\/index.php?rest_route=\/wp\/v2\/types\/product"}],"wp:attachment":[{"href":"https:\/\/www.autonvaraosahaku.fi\/index.php?rest_route=%2Fwp%2Fv2%2Fmedia&parent=66160"}],"wp:term":[{"taxonomy":"pwb-brand","embeddable":true,"href":"https:\/\/www.autonvaraosahaku.fi\/index.php?rest_route=%2Fwp%2Fv2%2Fpwb-brand&post=66160"},{"taxonomy":"product_cat","embeddable":true,"href":"https:\/\/www.autonvaraosahaku.fi\/index.php?rest_route=%2Fwp%2Fv2%2Fproduct_cat&post=66160"},{"taxonomy":"product_tag","embeddable":true,"href":"https:\/\/www.autonvaraosahaku.fi\/index.php?rest_route=%2Fwp%2Fv2%2Fproduct_tag&post=66160"}],"curies":[{"name":"wp","href":"https:\/\/api.w.org\/{rel}","templated":true}]}}