{"id":66166,"date":"2021-02-21T18:47:42","date_gmt":"2021-02-21T18:47:42","guid":{"rendered":"https:\/\/www.autonvaraosahaku.fi\/?product=hengst-filter-h97w10-oljynsuodatin"},"modified":"2021-02-21T18:47:44","modified_gmt":"2021-02-21T18:47:44","slug":"hengst-filter-h97w10-oljynsuodatin","status":"publish","type":"product","link":"https:\/\/www.autonvaraosahaku.fi\/?product=hengst-filter-h97w10-oljynsuodatin","title":{"rendered":"HENGST FILTER H97W10 \u00d6ljynsuodatin"},"content":{"rendered":"<p>Suodatintyyppi: Ruuvattava suodatin; Ulkol\u00e4pimitta [mm]: 65,5; Tiivisteen l\u00e4pimitta [mm]: 59,5; Kierremitta: 3\/4-16 UNF; Korkeus (mm): 90,0; Valmistusvuoteen: 05\/2005; NISSAN: MICRA III K12,MICRA II K11,NOTE E11,MICRA C+C K12,PICK UP D22,100 NX B13,SERENA C23M,PRIMERA P10,SUNNY III N14,SUNNY III Liftback N14,PULSAR V Schr\u00e4gheck N14,PRIMERA Hatchback P10,PRIMERA Traveller W10,SUNNY III Traveller Y10,180 SX Coupe S13,SUNNY Kasten Y10; 1520853J00, 1520853J01, 1520870J00, 1520870J01, 1520870J0A, 15208BX00A<\/p>\n","protected":false},"excerpt":{"rendered":"<p>HENGST FILTER \u00d6ljynsuodatin H97W10  NISSAN,MICRA III K12,MICRA II K11,NOTE E11,MICRA C+C K12,PICK UP D22,100 NX B13,SERENA C23M,PRIMERA P10<\/p>\n","protected":false},"featured_media":0,"template":"","meta":{"site-sidebar-layout":"default","site-content-layout":"default","ast-global-header-display":"","ast-main-header-display":"","ast-hfb-above-header-display":"","ast-hfb-below-header-display":"","ast-hfb-mobile-header-display":"","site-post-title":"","ast-breadcrumbs-content":"","ast-featured-img":"","footer-sml-layout":"","theme-transparent-header-meta":"","adv-header-id-meta":"","stick-header-meta":"","header-above-stick-meta":"","header-main-stick-meta":"","header-below-stick-meta":""},"pwb-brand":[336],"product_cat":[30],"product_tag":[],"class_list":{"0":"post-66166","1":"product","2":"type-product","3":"status-publish","5":"pwb-brand-hengst-filter","6":"product_cat-oljynsuodatin","7":"desktop-align-left","8":"tablet-align-left","9":"mobile-align-left","11":"first","12":"instock","13":"product-type-external"},"brands":[{"id":336,"name":"HENGST FILTER","slug":"hengst-filter"}],"_links":{"self":[{"href":"https:\/\/www.autonvaraosahaku.fi\/index.php?rest_route=\/wp\/v2\/product\/66166","targetHints":{"allow":["GET"]}}],"collection":[{"href":"https:\/\/www.autonvaraosahaku.fi\/index.php?rest_route=\/wp\/v2\/product"}],"about":[{"href":"https:\/\/www.autonvaraosahaku.fi\/index.php?rest_route=\/wp\/v2\/types\/product"}],"wp:attachment":[{"href":"https:\/\/www.autonvaraosahaku.fi\/index.php?rest_route=%2Fwp%2Fv2%2Fmedia&parent=66166"}],"wp:term":[{"taxonomy":"pwb-brand","embeddable":true,"href":"https:\/\/www.autonvaraosahaku.fi\/index.php?rest_route=%2Fwp%2Fv2%2Fpwb-brand&post=66166"},{"taxonomy":"product_cat","embeddable":true,"href":"https:\/\/www.autonvaraosahaku.fi\/index.php?rest_route=%2Fwp%2Fv2%2Fproduct_cat&post=66166"},{"taxonomy":"product_tag","embeddable":true,"href":"https:\/\/www.autonvaraosahaku.fi\/index.php?rest_route=%2Fwp%2Fv2%2Fproduct_tag&post=66166"}],"curies":[{"name":"wp","href":"https:\/\/api.w.org\/{rel}","templated":true}]}}