{"id":66209,"date":"2021-02-21T18:47:52","date_gmt":"2021-02-21T18:47:52","guid":{"rendered":"https:\/\/www.autonvaraosahaku.fi\/?product=a-b-s-1351-jarrupaasylinteri"},"modified":"2021-02-21T18:47:55","modified_gmt":"2021-02-21T18:47:55","slug":"a-b-s-1351-jarrupaasylinteri","status":"publish","type":"product","link":"https:\/\/www.autonvaraosahaku.fi\/?product=a-b-s-1351-jarrupaasylinteri","title":{"rendered":"A.B.S. 1351 Jarrup\u00e4\u00e4sylinteri"},"content":{"rendered":"<p>Asennuspuoli: Edess\u00e4; L\u00e4pimitta 1\/l\u00e4pimitta 2 [mm]: 20,64; Jarruj\u00e4rjestelm\u00e4: ATE\/BENDIX; Pituus 2 (mm): 114,9; Liittimi\u00e4: 4; Pituus 1 (mm): 32,4; Kierre 1: 4x M10x1.0; Materiaali: Valurauta; Kiinnitysreikien lukum\u00e4\u00e4r\u00e4: 2; Paino [kg]: 1,18; Jarrut: f\u00fcr Fahrzeuge mit Bremskraftverst\u00e4rker; VW: GOLF II 19E, 1G1,GOLF I Cabriolet 155,POLO 86C, 80,POLO Coupe 86C, 80,SCIROCCO 53B,GOLF I 17,JETTA II 19E, 1G2, 165,POLO CLASSIC 86C, 80,JETTA I 16,POLO Kasten 86CF,GOLF II Van 19E, 1G1; SEAT: MARBELLA 28,IBIZA I 021A,TERRA Kasten 024A,MARBELLA Kasten 028A,MALAGA 023A,TERRA 24,RONDA 022A; CITRO\u00cbN: AX ZA-_,ZX N2; PEUGEOT: 106 II 1,106 I 1A, 1C,205 II 20A\/C,205 I Cabriolet 741B, 20D,309 II 3C, 3A,205 I 741A\/C,309 I 10C, 10A,405 I Break 15E,205 Kasten; RENAULT: MEGANE Scenic JA0\/1_,MEGANE I BA0\/1_,MEGANE I Cabriolet EA0\/1_,CLIO I B\/C57_, 5\/357_,MEGANE I Classic LA0\/1_,MEGANE I Coach DA0\/1_,19 II B\/C53_,19 II Cabriolet D53_, 853_,RAPID Kasten F40_, G40_,19 I B\/C53_,19 II Chamade L53_,ESPACE I J11_,19 I Chamade L53_,THALIA I LB0\/1\/2_,CLIO I Kasten S57_,19 I Cabriolet D53_,19 II Kasten S53_,19 I Kasten S53_,THALIA II LU1\/2_,EXPRESS Pick-up,EXPRESS Kasten\/Kombi; TALBOT: HORIZON; 460185, 4601A3, 4601G5, 4601H4, 91510533, 91619534, 9404601858, 95510533, 95659534, 460185, 4601A3, 4601H8, 6025004479, 7700787630, 7700793558, 7700804900, 7701204605, 7701204608, 7701349871, 191611019, 192611019, 3981135, 5138277, SE021715003A, 43276300, 49276300, 191611019, 192611019<\/p>\n","protected":false},"excerpt":{"rendered":"<p>A.B.S. Jarrup\u00e4\u00e4sylinteri 1351  VW,SEAT,CITRO\u00cbN,GOLF II 19E, 1G1,GOLF I Cabriolet 155,POLO 86C, 80,POLO Coupe 86C, 80,SCIROCCO 53B,GOLF I 17<\/p>\n","protected":false},"featured_media":0,"template":"","meta":{"site-sidebar-layout":"default","site-content-layout":"default","ast-global-header-display":"","ast-main-header-display":"","ast-hfb-above-header-display":"","ast-hfb-below-header-display":"","ast-hfb-mobile-header-display":"","site-post-title":"","ast-breadcrumbs-content":"","ast-featured-img":"","footer-sml-layout":"","theme-transparent-header-meta":"","adv-header-id-meta":"","stick-header-meta":"","header-above-stick-meta":"","header-main-stick-meta":"","header-below-stick-meta":""},"pwb-brand":[326],"product_cat":[276],"product_tag":[],"class_list":{"0":"post-66209","1":"product","2":"type-product","3":"status-publish","5":"pwb-brand-a-b-s","6":"product_cat-jarrupaasylinteri","7":"desktop-align-left","8":"tablet-align-left","9":"mobile-align-left","11":"first","12":"instock","13":"product-type-external"},"brands":[{"id":326,"name":"A.B.S.","slug":"a-b-s"}],"_links":{"self":[{"href":"https:\/\/www.autonvaraosahaku.fi\/index.php?rest_route=\/wp\/v2\/product\/66209","targetHints":{"allow":["GET"]}}],"collection":[{"href":"https:\/\/www.autonvaraosahaku.fi\/index.php?rest_route=\/wp\/v2\/product"}],"about":[{"href":"https:\/\/www.autonvaraosahaku.fi\/index.php?rest_route=\/wp\/v2\/types\/product"}],"wp:attachment":[{"href":"https:\/\/www.autonvaraosahaku.fi\/index.php?rest_route=%2Fwp%2Fv2%2Fmedia&parent=66209"}],"wp:term":[{"taxonomy":"pwb-brand","embeddable":true,"href":"https:\/\/www.autonvaraosahaku.fi\/index.php?rest_route=%2Fwp%2Fv2%2Fpwb-brand&post=66209"},{"taxonomy":"product_cat","embeddable":true,"href":"https:\/\/www.autonvaraosahaku.fi\/index.php?rest_route=%2Fwp%2Fv2%2Fproduct_cat&post=66209"},{"taxonomy":"product_tag","embeddable":true,"href":"https:\/\/www.autonvaraosahaku.fi\/index.php?rest_route=%2Fwp%2Fv2%2Fproduct_tag&post=66209"}],"curies":[{"name":"wp","href":"https:\/\/api.w.org\/{rel}","templated":true}]}}