{"id":66226,"date":"2021-02-21T18:48:01","date_gmt":"2021-02-21T18:48:01","guid":{"rendered":"https:\/\/www.autonvaraosahaku.fi\/?product=trw-gdb1840dte-jarrupalat"},"modified":"2021-02-21T18:48:03","modified_gmt":"2021-02-21T18:48:03","slug":"trw-gdb1840dte-jarrupalat","status":"publish","type":"product","link":"https:\/\/www.autonvaraosahaku.fi\/?product=trw-gdb1840dte-jarrupalat","title":{"rendered":"TRW GDB1840DTE Jarrupalat"},"content":{"rendered":"<p>Valmistaja rajaus: TRW; Pituus (mm): 106,0; Korkeus 1 (mm): 56,0; Korkeus 2 (mm): 63,0; Paksuus [mm]: 17,8; Kulumisenilmaisimen liitos: Kulumisenilmaisemelle; Lis\u00e4tarvike\/lis\u00e4tieto: Tarvikkeilla; Korvaava tuote\/korvaava tiedote 2: Jarrusatulan ruuveilla; Jarrut: V\u00e4h\u00e4np\u00f6ly\u00e4v\u00e4t jarrupalat\/-hihnat, my\u00f6s reijitetyille jarrulevyille; Tarkistuskilpi: E9-90R-02A1148\/2802; Huomioi tekniset tiedot: ; M\u00e4\u00e4r\u00e4yksikk\u00f6: Akselisarja; Tuotelinja: DTEC COTEC; Tuning: 1; Asennuspuoli: Hinterachse; BMW: 5 Touring F11,5 F10, F18,X3 F25,Z4 E89,X4 F26,i8 I12; 34216788284, 34216796741, 34216862202, 6788284, 6796741, 6862202; Jarrupalasarja,Jarrupala, Levyjarru<\/p>\n","protected":false},"excerpt":{"rendered":"<p>TRW Jarrupalat GDB1840DTE Jarrupalasarja,Jarrupala, Levyjarru BMW,5 Touring F11,5 F10, F18,X3 F25,Z4 E89,X4 F26,i8 I12<\/p>\n","protected":false},"featured_media":0,"template":"","meta":{"site-sidebar-layout":"default","site-content-layout":"default","ast-global-header-display":"","ast-main-header-display":"","ast-hfb-above-header-display":"","ast-hfb-below-header-display":"","ast-hfb-mobile-header-display":"","site-post-title":"","ast-breadcrumbs-content":"","ast-featured-img":"","footer-sml-layout":"","theme-transparent-header-meta":"","adv-header-id-meta":"","stick-header-meta":"","header-above-stick-meta":"","header-main-stick-meta":"","header-below-stick-meta":""},"pwb-brand":[332],"product_cat":[100],"product_tag":[],"class_list":{"0":"post-66226","1":"product","2":"type-product","3":"status-publish","5":"pwb-brand-trw","6":"product_cat-jarrupalat","7":"desktop-align-left","8":"tablet-align-left","9":"mobile-align-left","11":"first","12":"instock","13":"product-type-external"},"brands":[{"id":332,"name":"TRW","slug":"trw"}],"_links":{"self":[{"href":"https:\/\/www.autonvaraosahaku.fi\/index.php?rest_route=\/wp\/v2\/product\/66226","targetHints":{"allow":["GET"]}}],"collection":[{"href":"https:\/\/www.autonvaraosahaku.fi\/index.php?rest_route=\/wp\/v2\/product"}],"about":[{"href":"https:\/\/www.autonvaraosahaku.fi\/index.php?rest_route=\/wp\/v2\/types\/product"}],"wp:attachment":[{"href":"https:\/\/www.autonvaraosahaku.fi\/index.php?rest_route=%2Fwp%2Fv2%2Fmedia&parent=66226"}],"wp:term":[{"taxonomy":"pwb-brand","embeddable":true,"href":"https:\/\/www.autonvaraosahaku.fi\/index.php?rest_route=%2Fwp%2Fv2%2Fpwb-brand&post=66226"},{"taxonomy":"product_cat","embeddable":true,"href":"https:\/\/www.autonvaraosahaku.fi\/index.php?rest_route=%2Fwp%2Fv2%2Fproduct_cat&post=66226"},{"taxonomy":"product_tag","embeddable":true,"href":"https:\/\/www.autonvaraosahaku.fi\/index.php?rest_route=%2Fwp%2Fv2%2Fproduct_tag&post=66226"}],"curies":[{"name":"wp","href":"https:\/\/api.w.org\/{rel}","templated":true}]}}