{"id":66275,"date":"2021-02-21T18:48:13","date_gmt":"2021-02-21T18:48:13","guid":{"rendered":"https:\/\/www.autonvaraosahaku.fi\/?product=monroe-g16507-iskunvaimennin"},"modified":"2021-02-21T18:48:18","modified_gmt":"2021-02-21T18:48:18","slug":"monroe-g16507-iskunvaimennin","status":"publish","type":"product","link":"https:\/\/www.autonvaraosahaku.fi\/?product=monroe-g16507-iskunvaimennin","title":{"rendered":"MONROE G16507 Iskunvaimennin"},"content":{"rendered":"<p>Iskunvaimennin tyyppi: Kaasupaine; Iskunvaimennin malli: Joustintuki; Iskunvaimennusj\u00e4rjestelm\u00e4: Kaksiputki; Paino [kg]: 4,200; Reik\u00e4-\u00d8 [mm]: 32; Pakkauspituus [cm]: 67,4; Pakkausleveys [cm]: 12,5; Pakkauskorkeus [mm]: 12,7; Tullitariffinumero: 87088035; Tappil\u00e4pimitta [mm]: 22; Asennuspuoli: Vorderachse; MERCEDES-BENZ: 190 W201,Stufenheck W124,KOMBI Kombi S124,E-CLASS W124,COUPE C124,E-CLASS Kombi S124,E-CLASS Coupe C124; 1243200730, 1243202130, 1243203630, 1243203730, 1243203830, 1243204230, 1243205130, 1243205230, 1243205630, 1243206430, 2013200630, 2013200830, 2013201330, 2013201630, 2013202230, 2013203130, 2013203630, 2013204130; Iskarit,Iskunvaimennin<\/p>\n","protected":false},"excerpt":{"rendered":"<p>MONROE Iskunvaimentimet MONROE ORIGINAL (Gas Technology) G16507 Iskarit,Iskunvaimennin MERCEDES-BENZ,190 W201,Stufenheck W124,KOMBI Kombi S124<\/p>\n","protected":false},"featured_media":0,"template":"","meta":{"site-sidebar-layout":"default","site-content-layout":"default","ast-global-header-display":"","ast-main-header-display":"","ast-hfb-above-header-display":"","ast-hfb-below-header-display":"","ast-hfb-mobile-header-display":"","site-post-title":"","ast-breadcrumbs-content":"","ast-featured-img":"","footer-sml-layout":"","theme-transparent-header-meta":"","adv-header-id-meta":"","stick-header-meta":"","header-above-stick-meta":"","header-main-stick-meta":"","header-below-stick-meta":""},"pwb-brand":[79],"product_cat":[80],"product_tag":[],"class_list":{"0":"post-66275","1":"product","2":"type-product","3":"status-publish","5":"pwb-brand-monroe","6":"product_cat-iskunvaimennin","7":"desktop-align-left","8":"tablet-align-left","9":"mobile-align-left","11":"first","12":"instock","13":"product-type-external"},"brands":[{"id":79,"name":"MONROE","slug":"monroe"}],"_links":{"self":[{"href":"https:\/\/www.autonvaraosahaku.fi\/index.php?rest_route=\/wp\/v2\/product\/66275","targetHints":{"allow":["GET"]}}],"collection":[{"href":"https:\/\/www.autonvaraosahaku.fi\/index.php?rest_route=\/wp\/v2\/product"}],"about":[{"href":"https:\/\/www.autonvaraosahaku.fi\/index.php?rest_route=\/wp\/v2\/types\/product"}],"wp:attachment":[{"href":"https:\/\/www.autonvaraosahaku.fi\/index.php?rest_route=%2Fwp%2Fv2%2Fmedia&parent=66275"}],"wp:term":[{"taxonomy":"pwb-brand","embeddable":true,"href":"https:\/\/www.autonvaraosahaku.fi\/index.php?rest_route=%2Fwp%2Fv2%2Fpwb-brand&post=66275"},{"taxonomy":"product_cat","embeddable":true,"href":"https:\/\/www.autonvaraosahaku.fi\/index.php?rest_route=%2Fwp%2Fv2%2Fproduct_cat&post=66275"},{"taxonomy":"product_tag","embeddable":true,"href":"https:\/\/www.autonvaraosahaku.fi\/index.php?rest_route=%2Fwp%2Fv2%2Fproduct_tag&post=66275"}],"curies":[{"name":"wp","href":"https:\/\/api.w.org\/{rel}","templated":true}]}}