{"id":66310,"date":"2021-02-21T18:48:25","date_gmt":"2021-02-21T18:48:25","guid":{"rendered":"https:\/\/www.autonvaraosahaku.fi\/?product=luk-600-0166-00-kytkinpaketti"},"modified":"2021-02-21T18:48:27","modified_gmt":"2021-02-21T18:48:27","slug":"luk-600-0166-00-kytkinpaketti","status":"publish","type":"product","link":"https:\/\/www.autonvaraosahaku.fi\/?product=luk-600-0166-00-kytkinpaketti","title":{"rendered":"LuK 600 0166 00 Kytkinpaketti"},"content":{"rendered":"<p>Lis\u00e4tarvike\/lis\u00e4tieto: Irroitusmekanismilla, ilman ohjauslaakeria; Korvaava tuote\/korvaava tiedote 2: Vauhtipy\u00f6r\u00e4ll\u00e4, Ruuvisarjalla, Vauhtipy\u00f6r\u00e4ll\u00e4, Ruuvisarjalla, Kaksoismassavauhtipy\u00f6r\u00e4 ilman kitka-ohjauslevy\u00e4; Kiinnitysreikien lukum\u00e4\u00e4r\u00e4: 8, 8; suurin p\u00e4\u00e4st\u00f6kulma [Grad]: 18; Hammaslukum\u00e4\u00e4r\u00e4 (suurimman p\u00e4\u00e4st\u00f6kulman ilmoitus): 7; suurin heitto [mm]: 2,9; Tuotelinja: BR 0241; Vaihteistomalli: Schaltgetriebe 5 Gang; OPEL: CORSA C F08, F68,ASTRA H Caravan L35,MERIVA,ASTRA H L48,ASTRA H GTC L08,COMBO Kasten\/Kombi,COMBO Tour,CORSA C Kasten F08, W5L,ASTRA H Stufenheck L69,ASTRA H Kasten L70; VAUXHALL: ASTRA Mk V H CC,CORSA Mk II C W5L, F08,ASTRA Mk V H Estate,MERIVA Mk I A,ASTRAVAN Mk V H,COMBO TOUR Mk II C F25,COMBO Mk II C Kasten\/Kombi F25; 09120196, 09126538, 24422062, 24436433, 46824046, 55558371, 55564465, 5666013, 5666015, 5679320, 5679334, 5679340, 5679352, 616065, 664046, 664120, 666076, 9120196, 9126225, 93171628, 93172645, 93174540, 93179267, 93181251, 93182242, 93182554, 09120196, 24422062, 55564465, 5666013, 5679320, 5679334, 616065, 664120, 666076, 93174540, 93179267, 93181251, 93182242; Kytkinsarja<\/p>\n","protected":false},"excerpt":{"rendered":"<p>LuK Kytkinpaketti 600 0166 00 Kytkinsarja OPEL,VAUXHALL,CORSA C F08, F68,ASTRA H Caravan L35,MERIVA,ASTRA H L48,ASTRA H GTC L08,COMBO Kasten\/Kombi<\/p>\n","protected":false},"featured_media":0,"template":"","meta":{"site-sidebar-layout":"default","site-content-layout":"default","ast-global-header-display":"","ast-main-header-display":"","ast-hfb-above-header-display":"","ast-hfb-below-header-display":"","ast-hfb-mobile-header-display":"","site-post-title":"","ast-breadcrumbs-content":"","ast-featured-img":"","footer-sml-layout":"","theme-transparent-header-meta":"","adv-header-id-meta":"","stick-header-meta":"","header-above-stick-meta":"","header-main-stick-meta":"","header-below-stick-meta":""},"pwb-brand":[20],"product_cat":[21],"product_tag":[],"class_list":{"0":"post-66310","1":"product","2":"type-product","3":"status-publish","5":"pwb-brand-luk","6":"product_cat-kytkinpaketti","7":"desktop-align-left","8":"tablet-align-left","9":"mobile-align-left","11":"first","12":"instock","13":"product-type-external"},"brands":[{"id":20,"name":"LuK","slug":"luk"}],"_links":{"self":[{"href":"https:\/\/www.autonvaraosahaku.fi\/index.php?rest_route=\/wp\/v2\/product\/66310","targetHints":{"allow":["GET"]}}],"collection":[{"href":"https:\/\/www.autonvaraosahaku.fi\/index.php?rest_route=\/wp\/v2\/product"}],"about":[{"href":"https:\/\/www.autonvaraosahaku.fi\/index.php?rest_route=\/wp\/v2\/types\/product"}],"wp:attachment":[{"href":"https:\/\/www.autonvaraosahaku.fi\/index.php?rest_route=%2Fwp%2Fv2%2Fmedia&parent=66310"}],"wp:term":[{"taxonomy":"pwb-brand","embeddable":true,"href":"https:\/\/www.autonvaraosahaku.fi\/index.php?rest_route=%2Fwp%2Fv2%2Fpwb-brand&post=66310"},{"taxonomy":"product_cat","embeddable":true,"href":"https:\/\/www.autonvaraosahaku.fi\/index.php?rest_route=%2Fwp%2Fv2%2Fproduct_cat&post=66310"},{"taxonomy":"product_tag","embeddable":true,"href":"https:\/\/www.autonvaraosahaku.fi\/index.php?rest_route=%2Fwp%2Fv2%2Fproduct_tag&post=66310"}],"curies":[{"name":"wp","href":"https:\/\/api.w.org\/{rel}","templated":true}]}}