{"id":66314,"date":"2021-02-21T18:48:25","date_gmt":"2021-02-21T18:48:25","guid":{"rendered":"https:\/\/www.autonvaraosahaku.fi\/?product=ipsa-ra003000-hydraulinen-venttiilinnostin"},"modified":"2021-02-21T18:48:28","modified_gmt":"2021-02-21T18:48:28","slug":"ipsa-ra003000-hydraulinen-venttiilinnostin","status":"publish","type":"product","link":"https:\/\/www.autonvaraosahaku.fi\/?product=ipsa-ra003000-hydraulinen-venttiilinnostin","title":{"rendered":"IPSA RA003000 Hydraulinen venttiilinnostin"},"content":{"rendered":"<p>TECDOC-moottorinumero: 5431; RENAULT: ESPACE II J\/S63_,TRAFIC Kasten TXX,TRAFIC Bus TXW,SAFRANE I B54_,ESPACE I J11_,21 Stufenheck L48_,25 B29_,MASTER I Kasten T__,TRAFIC Kasten T1, T3, T4,TRAFIC Bus T5, T6, T7,18 134_,21 Kombi K48_,18 Variable 135_,30 127_,FUEGO 136_,21 B48_,MASTER I Bus T__,20 127_,TRAFIC Pritsche\/Fahrgestell P6,MASTER I Pritsche\/Fahrgestell P__,TRAFIC Pritsche\/Fahrgestell PXX,21 Kasten S48_,18 Kasten; JEEP: CHEROKEE XJ,CJ5 &#8211; CJ8,COMANCHE MJ; 7946006610<\/p>\n","protected":false},"excerpt":{"rendered":"<p>IPSA Keinuvipu, Moottorins\u00e4\u00e4t\u00f6 RA003000  RENAULT,JEEP,ESPACE II J\/S63_,TRAFIC Kasten TXX,TRAFIC Bus TXW,SAFRANE I B54_,ESPACE I J11_<\/p>\n","protected":false},"featured_media":0,"template":"","meta":{"site-sidebar-layout":"default","site-content-layout":"default","ast-global-header-display":"","ast-main-header-display":"","ast-hfb-above-header-display":"","ast-hfb-below-header-display":"","ast-hfb-mobile-header-display":"","site-post-title":"","ast-breadcrumbs-content":"","ast-featured-img":"","footer-sml-layout":"","theme-transparent-header-meta":"","adv-header-id-meta":"","stick-header-meta":"","header-above-stick-meta":"","header-main-stick-meta":"","header-below-stick-meta":""},"pwb-brand":[360],"product_cat":[126],"product_tag":[],"class_list":{"0":"post-66314","1":"product","2":"type-product","3":"status-publish","5":"pwb-brand-ipsa","6":"product_cat-hydraulinen-venttiilinnostin","7":"desktop-align-left","8":"tablet-align-left","9":"mobile-align-left","11":"first","12":"instock","13":"product-type-external"},"brands":[{"id":360,"name":"IPSA","slug":"ipsa"}],"_links":{"self":[{"href":"https:\/\/www.autonvaraosahaku.fi\/index.php?rest_route=\/wp\/v2\/product\/66314","targetHints":{"allow":["GET"]}}],"collection":[{"href":"https:\/\/www.autonvaraosahaku.fi\/index.php?rest_route=\/wp\/v2\/product"}],"about":[{"href":"https:\/\/www.autonvaraosahaku.fi\/index.php?rest_route=\/wp\/v2\/types\/product"}],"wp:attachment":[{"href":"https:\/\/www.autonvaraosahaku.fi\/index.php?rest_route=%2Fwp%2Fv2%2Fmedia&parent=66314"}],"wp:term":[{"taxonomy":"pwb-brand","embeddable":true,"href":"https:\/\/www.autonvaraosahaku.fi\/index.php?rest_route=%2Fwp%2Fv2%2Fpwb-brand&post=66314"},{"taxonomy":"product_cat","embeddable":true,"href":"https:\/\/www.autonvaraosahaku.fi\/index.php?rest_route=%2Fwp%2Fv2%2Fproduct_cat&post=66314"},{"taxonomy":"product_tag","embeddable":true,"href":"https:\/\/www.autonvaraosahaku.fi\/index.php?rest_route=%2Fwp%2Fv2%2Fproduct_tag&post=66314"}],"curies":[{"name":"wp","href":"https:\/\/api.w.org\/{rel}","templated":true}]}}