{"id":66315,"date":"2021-02-21T18:48:25","date_gmt":"2021-02-21T18:48:25","guid":{"rendered":"https:\/\/www.autonvaraosahaku.fi\/?product=ufi-24-h2o-01-polttoainesuodatin"},"modified":"2021-02-21T18:48:28","modified_gmt":"2021-02-21T18:48:28","slug":"ufi-24-h2o-01-polttoainesuodatin","status":"publish","type":"product","link":"https:\/\/www.autonvaraosahaku.fi\/?product=ufi-24-h2o-01-polttoainesuodatin","title":{"rendered":"UFI 24.H2O.01 Polttoainesuodatin"},"content":{"rendered":"<p>Ulkol\u00e4pimitta [mm]: 85,0; Sis\u00e4l\u00e4pimitta [mm]: 62,5; Ulkol\u00e4pimitta 2 [mm]: 70,0; Ulkol\u00e4pimitta 1 [mm]: 87,5; Kierre 1: M 16 X 1,5; Korkeus (mm): 186,0; Valmistusvuosi alkaen: 06\/2001; JEEP: CHEROKEE KJ; IVECO: DAILY III Pritsche\/Fahrgestell,DAILY III Kasten\/Kombi,MASSIF Station Wagon,MASSIF Single Cab,MASSIF Pick-up,DAILY III Bus; 52129238AA, 2992300, 2994102, 500038748, 504018807, 504071913, 5801512159<\/p>\n","protected":false},"excerpt":{"rendered":"<p>UFI Polttoainesuodatin 24.H2O.01  JEEP,IVECO,CHEROKEE KJ,DAILY III Pritsche\/Fahrgestell,DAILY III Kasten\/Kombi,MASSIF Station Wagon,MASSIF Single Cab<\/p>\n","protected":false},"featured_media":0,"template":"","meta":{"site-sidebar-layout":"default","site-content-layout":"default","ast-global-header-display":"","ast-main-header-display":"","ast-hfb-above-header-display":"","ast-hfb-below-header-display":"","ast-hfb-mobile-header-display":"","site-post-title":"","ast-breadcrumbs-content":"","ast-featured-img":"","footer-sml-layout":"","theme-transparent-header-meta":"","adv-header-id-meta":"","stick-header-meta":"","header-above-stick-meta":"","header-main-stick-meta":"","header-below-stick-meta":""},"pwb-brand":[109],"product_cat":[29],"product_tag":[],"class_list":{"0":"post-66315","1":"product","2":"type-product","3":"status-publish","5":"pwb-brand-ufi","6":"product_cat-polttoainesuodatin","7":"desktop-align-left","8":"tablet-align-left","9":"mobile-align-left","11":"first","12":"instock","13":"product-type-external"},"brands":[{"id":109,"name":"UFI","slug":"ufi"}],"_links":{"self":[{"href":"https:\/\/www.autonvaraosahaku.fi\/index.php?rest_route=\/wp\/v2\/product\/66315","targetHints":{"allow":["GET"]}}],"collection":[{"href":"https:\/\/www.autonvaraosahaku.fi\/index.php?rest_route=\/wp\/v2\/product"}],"about":[{"href":"https:\/\/www.autonvaraosahaku.fi\/index.php?rest_route=\/wp\/v2\/types\/product"}],"wp:attachment":[{"href":"https:\/\/www.autonvaraosahaku.fi\/index.php?rest_route=%2Fwp%2Fv2%2Fmedia&parent=66315"}],"wp:term":[{"taxonomy":"pwb-brand","embeddable":true,"href":"https:\/\/www.autonvaraosahaku.fi\/index.php?rest_route=%2Fwp%2Fv2%2Fpwb-brand&post=66315"},{"taxonomy":"product_cat","embeddable":true,"href":"https:\/\/www.autonvaraosahaku.fi\/index.php?rest_route=%2Fwp%2Fv2%2Fproduct_cat&post=66315"},{"taxonomy":"product_tag","embeddable":true,"href":"https:\/\/www.autonvaraosahaku.fi\/index.php?rest_route=%2Fwp%2Fv2%2Fproduct_tag&post=66315"}],"curies":[{"name":"wp","href":"https:\/\/api.w.org\/{rel}","templated":true}]}}