{"id":66326,"date":"2021-02-21T18:48:30","date_gmt":"2021-02-21T18:48:30","guid":{"rendered":"https:\/\/www.autonvaraosahaku.fi\/?product=ravenol-1221105-001-01-999-vaihteistooljy"},"modified":"2021-02-21T18:48:32","modified_gmt":"2021-02-21T18:48:32","slug":"ravenol-1221105-001-01-999-vaihteistooljy","status":"publish","type":"product","link":"https:\/\/www.autonvaraosahaku.fi\/?product=ravenol-1221105-001-01-999-vaihteistooljy","title":{"rendered":"RAVENOL 1221105-001-01-999 Vaihteisto\u00f6ljy"},"content":{"rendered":"<p>Kemialliset ominaisuudet: synteettinen; Valmistajan hyv\u00e4ksym\u00e4: Chrysler MS-9417,, MS-9224, 4874465,, 4874464, GM 1234534, 9, 9985648, 1052931,, 12377916,, 9985535, 12345577,, 9986105; Tilavuus (litra): 1; Tuotelinja: KFZ-Fliessfett ZSA, KFZ-Fliessfett ZSA; JEEP: WRANGLER III JK,CHEROKEE KJ,WRANGLER II TJ,CHEROKEE KK; CHEVROLET: BLAZER S10,S10 Pick-up,SILVERADO 1500,COLORADO; CHRYSLER: PT CRUISER PT_,SEBRING Cabriolet JR,STRATUS Cabriolet JX,PT CRUISER Cabriolet,SEBRING JR,NEON II,STRATUS JA,NEON PL,CIRRUS; SAAB: 9-7X; DODGE: NITRO,STRATUS,NEON II,NEON; PONTIAC: TRANS SPORT; Vaihdelaatikon \u00d6ljy<\/p>\n","protected":false},"excerpt":{"rendered":"<p>RAVENOL Vaihteisto\u00f6ljy 1221105-001-01-999 Vaihdelaatikon \u00d6ljy JEEP,CHEVROLET,CHRYSLER,WRANGLER III JK,CHEROKEE KJ,WRANGLER II TJ,CHEROKEE KK<\/p>\n","protected":false},"featured_media":0,"template":"","meta":{"site-sidebar-layout":"default","site-content-layout":"default","ast-global-header-display":"","ast-main-header-display":"","ast-hfb-above-header-display":"","ast-hfb-below-header-display":"","ast-hfb-mobile-header-display":"","site-post-title":"","ast-breadcrumbs-content":"","ast-featured-img":"","footer-sml-layout":"","theme-transparent-header-meta":"","adv-header-id-meta":"","stick-header-meta":"","header-above-stick-meta":"","header-main-stick-meta":"","header-below-stick-meta":""},"pwb-brand":[130],"product_cat":[58],"product_tag":[],"class_list":{"0":"post-66326","1":"product","2":"type-product","3":"status-publish","5":"pwb-brand-ravenol","6":"product_cat-vaihteistooljy","7":"desktop-align-left","8":"tablet-align-left","9":"mobile-align-left","11":"first","12":"instock","13":"product-type-external"},"brands":[{"id":130,"name":"RAVENOL","slug":"ravenol"}],"_links":{"self":[{"href":"https:\/\/www.autonvaraosahaku.fi\/index.php?rest_route=\/wp\/v2\/product\/66326","targetHints":{"allow":["GET"]}}],"collection":[{"href":"https:\/\/www.autonvaraosahaku.fi\/index.php?rest_route=\/wp\/v2\/product"}],"about":[{"href":"https:\/\/www.autonvaraosahaku.fi\/index.php?rest_route=\/wp\/v2\/types\/product"}],"wp:attachment":[{"href":"https:\/\/www.autonvaraosahaku.fi\/index.php?rest_route=%2Fwp%2Fv2%2Fmedia&parent=66326"}],"wp:term":[{"taxonomy":"pwb-brand","embeddable":true,"href":"https:\/\/www.autonvaraosahaku.fi\/index.php?rest_route=%2Fwp%2Fv2%2Fpwb-brand&post=66326"},{"taxonomy":"product_cat","embeddable":true,"href":"https:\/\/www.autonvaraosahaku.fi\/index.php?rest_route=%2Fwp%2Fv2%2Fproduct_cat&post=66326"},{"taxonomy":"product_tag","embeddable":true,"href":"https:\/\/www.autonvaraosahaku.fi\/index.php?rest_route=%2Fwp%2Fv2%2Fproduct_tag&post=66326"}],"curies":[{"name":"wp","href":"https:\/\/api.w.org\/{rel}","templated":true}]}}