{"id":66330,"date":"2021-02-21T18:48:30","date_gmt":"2021-02-21T18:48:30","guid":{"rendered":"https:\/\/www.autonvaraosahaku.fi\/?product=exedy-hck2026-kytkinpaketti"},"modified":"2021-02-21T18:48:33","modified_gmt":"2021-02-21T18:48:33","slug":"exedy-hck2026-kytkinpaketti","status":"publish","type":"product","link":"https:\/\/www.autonvaraosahaku.fi\/?product=exedy-hck2026-kytkinpaketti","title":{"rendered":"EXEDY HCK2026 Kytkinpaketti"},"content":{"rendered":"<p>Hammasluku: 20; Ulkol\u00e4pimitta [mm]: 212; Reik\u00e4ympyr\u00e4-\u00d8 [mm]: 238,5; Korvaava tuote\/korvaava tiedote 2: laakerilla; moniosainen: kolmiosainen; Valmistusvuoteen: 09\/1996; HONDA: CIVIC VII Hatchback EU, EP, EV,CIVIC VI Hatchback EJ, EK,CRX III EH, EG,HR-V GH,CIVIC V Hatchback EG,CIVIC VII Coupe EM2,CIVIC VI Stufenheck EJ, EK,CIVIC VI Coupe EJ, EM1,CIVIC V Coupe EJ,CIVIC VII Stufenheck ES,CIVIC V Stufenheck EG, EH,CIVIC IV Stufenheck ED; Kytkinsarja<\/p>\n","protected":false},"excerpt":{"rendered":"<p>EXEDY Kytkinpaketti HCK2026 Kytkinsarja HONDA,CIVIC VII Hatchback EU, EP, EV,CIVIC VI Hatchback EJ, EK,CRX III EH, EG,HR-V GH,CIVIC V Hatchback EG<\/p>\n","protected":false},"featured_media":0,"template":"","meta":{"site-sidebar-layout":"default","site-content-layout":"default","ast-global-header-display":"","ast-main-header-display":"","ast-hfb-above-header-display":"","ast-hfb-below-header-display":"","ast-hfb-mobile-header-display":"","site-post-title":"","ast-breadcrumbs-content":"","ast-featured-img":"","footer-sml-layout":"","theme-transparent-header-meta":"","adv-header-id-meta":"","stick-header-meta":"","header-above-stick-meta":"","header-main-stick-meta":"","header-below-stick-meta":""},"pwb-brand":[575],"product_cat":[21],"product_tag":[],"class_list":{"0":"post-66330","1":"product","2":"type-product","3":"status-publish","5":"pwb-brand-exedy","6":"product_cat-kytkinpaketti","7":"desktop-align-left","8":"tablet-align-left","9":"mobile-align-left","11":"first","12":"instock","13":"product-type-external"},"brands":[{"id":575,"name":"EXEDY","slug":"exedy"}],"_links":{"self":[{"href":"https:\/\/www.autonvaraosahaku.fi\/index.php?rest_route=\/wp\/v2\/product\/66330","targetHints":{"allow":["GET"]}}],"collection":[{"href":"https:\/\/www.autonvaraosahaku.fi\/index.php?rest_route=\/wp\/v2\/product"}],"about":[{"href":"https:\/\/www.autonvaraosahaku.fi\/index.php?rest_route=\/wp\/v2\/types\/product"}],"wp:attachment":[{"href":"https:\/\/www.autonvaraosahaku.fi\/index.php?rest_route=%2Fwp%2Fv2%2Fmedia&parent=66330"}],"wp:term":[{"taxonomy":"pwb-brand","embeddable":true,"href":"https:\/\/www.autonvaraosahaku.fi\/index.php?rest_route=%2Fwp%2Fv2%2Fpwb-brand&post=66330"},{"taxonomy":"product_cat","embeddable":true,"href":"https:\/\/www.autonvaraosahaku.fi\/index.php?rest_route=%2Fwp%2Fv2%2Fproduct_cat&post=66330"},{"taxonomy":"product_tag","embeddable":true,"href":"https:\/\/www.autonvaraosahaku.fi\/index.php?rest_route=%2Fwp%2Fv2%2Fproduct_tag&post=66330"}],"curies":[{"name":"wp","href":"https:\/\/api.w.org\/{rel}","templated":true}]}}