{"id":66354,"date":"2021-02-21T18:48:35","date_gmt":"2021-02-21T18:48:35","guid":{"rendered":"https:\/\/www.autonvaraosahaku.fi\/?product=skf-vkjc-1148-vetoakseli"},"modified":"2021-02-21T18:48:39","modified_gmt":"2021-02-21T18:48:39","slug":"skf-vkjc-1148-vetoakseli","status":"publish","type":"product","link":"https:\/\/www.autonvaraosahaku.fi\/?product=skf-vkjc-1148-vetoakseli","title":{"rendered":"SKF VKJC 1148 Vetoakseli"},"content":{"rendered":"<p>Pituus (mm): 572; Reik\u00e4-\u00d8 [mm]: 10,5; Kierremitta: M22x1,5; Ulkohammastus, py\u00f6r\u00e4npuoli: 27; Tiivisteen l\u00e4pimitta [mm]: 56; Hammasluku, ABS-keh\u00e4: 48; Reikien m\u00e4\u00e4r\u00e4: 6; Reik\u00e4ympyr\u00e4-\u00d8 [mm]: 86; ABS-keh\u00e4 \u00d8(mm): 87,5; Uusi osa: ; Nivelen l\u00e4pimitta py\u00f6r\u00e4puoli [mm]: 94; Nivelen l\u00e4pimitta vaihteistopuoli [mm]: 100; Asennuspuoli: Hinterachse rechts; BMW: 3 E30,3 Cabriolet E30,3 Touring E30; 33211225942, 33211225943, 33211226860, 33211226901<\/p>\n","protected":false},"excerpt":{"rendered":"<p>SKF Vetoakseli VKJC 1148  BMW,3 E30,3 Cabriolet E30,3 Touring E30<\/p>\n","protected":false},"featured_media":0,"template":"","meta":{"site-sidebar-layout":"default","site-content-layout":"default","ast-global-header-display":"","ast-main-header-display":"","ast-hfb-above-header-display":"","ast-hfb-below-header-display":"","ast-hfb-mobile-header-display":"","site-post-title":"","ast-breadcrumbs-content":"","ast-featured-img":"","footer-sml-layout":"","theme-transparent-header-meta":"","adv-header-id-meta":"","stick-header-meta":"","header-above-stick-meta":"","header-main-stick-meta":"","header-below-stick-meta":""},"pwb-brand":[237],"product_cat":[215],"product_tag":[],"class_list":{"0":"post-66354","1":"product","2":"type-product","3":"status-publish","5":"pwb-brand-skf","6":"product_cat-vetoakseli","7":"desktop-align-left","8":"tablet-align-left","9":"mobile-align-left","11":"first","12":"instock","13":"product-type-external"},"brands":[{"id":237,"name":"SKF","slug":"skf"}],"_links":{"self":[{"href":"https:\/\/www.autonvaraosahaku.fi\/index.php?rest_route=\/wp\/v2\/product\/66354","targetHints":{"allow":["GET"]}}],"collection":[{"href":"https:\/\/www.autonvaraosahaku.fi\/index.php?rest_route=\/wp\/v2\/product"}],"about":[{"href":"https:\/\/www.autonvaraosahaku.fi\/index.php?rest_route=\/wp\/v2\/types\/product"}],"wp:attachment":[{"href":"https:\/\/www.autonvaraosahaku.fi\/index.php?rest_route=%2Fwp%2Fv2%2Fmedia&parent=66354"}],"wp:term":[{"taxonomy":"pwb-brand","embeddable":true,"href":"https:\/\/www.autonvaraosahaku.fi\/index.php?rest_route=%2Fwp%2Fv2%2Fpwb-brand&post=66354"},{"taxonomy":"product_cat","embeddable":true,"href":"https:\/\/www.autonvaraosahaku.fi\/index.php?rest_route=%2Fwp%2Fv2%2Fproduct_cat&post=66354"},{"taxonomy":"product_tag","embeddable":true,"href":"https:\/\/www.autonvaraosahaku.fi\/index.php?rest_route=%2Fwp%2Fv2%2Fproduct_tag&post=66354"}],"curies":[{"name":"wp","href":"https:\/\/api.w.org\/{rel}","templated":true}]}}