{"id":66372,"date":"2021-02-21T18:48:40","date_gmt":"2021-02-21T18:48:40","guid":{"rendered":"https:\/\/www.autonvaraosahaku.fi\/?product=frenkit-p544901-jarrusatula-korjaussarja"},"modified":"2021-02-21T18:48:44","modified_gmt":"2021-02-21T18:48:44","slug":"frenkit-p544901-jarrusatula-korjaussarja","status":"publish","type":"product","link":"https:\/\/www.autonvaraosahaku.fi\/?product=frenkit-p544901-jarrusatula-korjaussarja","title":{"rendered":"FRENKIT P544901 Jarrusatula korjaussarja"},"content":{"rendered":"<p>L\u00e4pimitta [mm]: 54; Korkeus (mm): 49,8; Asennuspuoli: Etuakseli; Jarruj\u00e4rjestelm\u00e4: Akeb\/Trw\/Lucas\/Girl; Versio: Piston; VW: CADDY II Pick-up 9U7; SKODA: FELICIA I 6U1,FELICIA II 6U1,FELICIA I Fun 797,FELICIA I Kombi 6U5,FELICIA II Kombi 6U5,FAVORIT 781,FAVORIT Forman 785,FAVORIT Pick-up 787; MERCEDES-BENZ: A-CLASS W168,190 W201; HONDA: CIVIC VII Hatchback EU, EP, EV,CIVIC VI Hatchback EJ, EK,CIVIC VI Fastback MA, MB,CIVIC VI Aerodeck MB, MC,CIVIC VII Coupe EM2,CIVIC VII Stufenheck ES,CONCERTO HW,CONCERTO Stufenheck HWW; MINI: MINI R56,MINI R50, R53,MINI CLUBMAN R55,MINI Cabriolet R52,MINI Cabriolet R57,MINI Coupe R58,MINI Roadster R59,MINI F56,MINI CLUBVAN R55,MINI F55,MINI CLUBMAN F54,MINI Cabriolet F57; LANCIA: YPSILON 843,THEMA 834,DEDRA 835,DEDRA SW 835; TOYOTA: COROLLA Liftback _E11_,COROLLA Compact _E11_,COROLLA Compact _E10_,COROLLA _E11_,COROLLA Liftback _E9_,COROLLA _E10_,COROLLA Wagon _E10_; SMART: FORFOUR 454; ROVER: 25 RF,200 RF,45 Stufenheck RT,45 RT,400 RT,CABRIOLET XW,400 Hatchback RT,STREETWISE,200 Hatchback XW,200 Coupe XW,400 Tourer XW,200 XH,400 XW,MONTEGO Estate XE,MAESTRO,COUPE,MONTEGO; BMW: 1 E87,1 E81,1 Cabriolet E88,1 Coupe E82,2 Active Tourer F45; MR249212; M\u00e4nt\u00e4, Jarrusatula<\/p>\n","protected":false},"excerpt":{"rendered":"<p>FRENKIT Jarrusatulan M\u00e4nt\u00e4 P544901 M\u00e4nt\u00e4, Jarrusatula VW,SKODA,MERCEDES-BENZ,CADDY II Pick-up 9U7,FELICIA I 6U1,FELICIA II 6U1,FELICIA I Fun 797<\/p>\n","protected":false},"featured_media":0,"template":"","meta":{"site-sidebar-layout":"default","site-content-layout":"default","ast-global-header-display":"","ast-main-header-display":"","ast-hfb-above-header-display":"","ast-hfb-below-header-display":"","ast-hfb-mobile-header-display":"","site-post-title":"","ast-breadcrumbs-content":"","ast-featured-img":"","footer-sml-layout":"","theme-transparent-header-meta":"","adv-header-id-meta":"","stick-header-meta":"","header-above-stick-meta":"","header-main-stick-meta":"","header-below-stick-meta":""},"pwb-brand":[474],"product_cat":[57],"product_tag":[],"class_list":{"0":"post-66372","1":"product","2":"type-product","3":"status-publish","5":"pwb-brand-frenkit","6":"product_cat-jarrusatula-korjaussarja","7":"desktop-align-left","8":"tablet-align-left","9":"mobile-align-left","11":"first","12":"instock","13":"product-type-external"},"brands":[{"id":474,"name":"FRENKIT","slug":"frenkit"}],"_links":{"self":[{"href":"https:\/\/www.autonvaraosahaku.fi\/index.php?rest_route=\/wp\/v2\/product\/66372","targetHints":{"allow":["GET"]}}],"collection":[{"href":"https:\/\/www.autonvaraosahaku.fi\/index.php?rest_route=\/wp\/v2\/product"}],"about":[{"href":"https:\/\/www.autonvaraosahaku.fi\/index.php?rest_route=\/wp\/v2\/types\/product"}],"wp:attachment":[{"href":"https:\/\/www.autonvaraosahaku.fi\/index.php?rest_route=%2Fwp%2Fv2%2Fmedia&parent=66372"}],"wp:term":[{"taxonomy":"pwb-brand","embeddable":true,"href":"https:\/\/www.autonvaraosahaku.fi\/index.php?rest_route=%2Fwp%2Fv2%2Fpwb-brand&post=66372"},{"taxonomy":"product_cat","embeddable":true,"href":"https:\/\/www.autonvaraosahaku.fi\/index.php?rest_route=%2Fwp%2Fv2%2Fproduct_cat&post=66372"},{"taxonomy":"product_tag","embeddable":true,"href":"https:\/\/www.autonvaraosahaku.fi\/index.php?rest_route=%2Fwp%2Fv2%2Fproduct_tag&post=66372"}],"curies":[{"name":"wp","href":"https:\/\/api.w.org\/{rel}","templated":true}]}}